{"id":643,"date":"2023-06-15T09:52:01","date_gmt":"2023-06-15T07:52:01","guid":{"rendered":"https:\/\/roentgen-service.dev.hayloft-it.ch\/?post_type=product&#038;p=643"},"modified":"2023-10-24T08:44:35","modified_gmt":"2023-10-24T06:44:35","slug":"amadeo-r-motorizzato","status":"publish","type":"product","link":"https:\/\/www.roentgen-service.ch\/it\/prodotto\/medicina-umana\/sistemi-roentgen-fissi\/amadeo-r-motorizzato\/","title":{"rendered":"Amadeo R motorised"},"content":{"rendered":"<p>La nostra soluzione per l'intera gamma di esposizioni radiografiche: Il sistema radiografico digitale motorizzato con tavolo bucky e supporto a parete a griglia di Oehm und Rehbein.<\/p>\n<p>Amadeo R motorised pu\u00f2 essere utilizzato per creare l'intero spettro di immagini radiografiche diagnostiche in proiezione. Il sistema comprende tutti i componenti necessari per la creazione di immagini radiografiche digitali: Unit\u00e0 radiografica con tavolo bucky e supporto a parete a griglia, generatore di raggi X, rivelatore, PC con software di acquisizione e diagnostica dicomPACS\u00aeDX-R preinstallato di Oehm e Rehbein. Grazie al funzionamento semplice e intuitivo del software, tutti i parametri necessari possono essere impostati automaticamente senza problemi. Grazie al design compatto, lo spazio disponibile pu\u00f2 essere sfruttato in modo ottimale senza limitare la funzionalit\u00e0 del sistema.<\/p>\n<p>Il posizionamento flessibile e motorizzato del sistema consente di eseguire un'ampia gamma di immagini su pazienti seduti, in piedi o sdraiati. Grazie all'elevata capacit\u00e0 di carico del piano del tavolo radiografico flottante e regolabile in altezza in 6 posizioni, \u00e8 possibile esaminare senza problemi anche pazienti con circonferenze corporee maggiori. Il sistema viene gestito tramite un display touchscreen integrato da 10\u2033, grazie al quale \u00e8 possibile accedere in modo semiautomatico a un massimo di 60 posizioni preimpostate del dispositivo. Ci\u00f2 significa che il sistema pu\u00f2 essere utilizzato anche in reparti di radiologia molto frequentati. La protezione del paziente \u00e8 garantita in ogni momento dalle funzioni di sicurezza integrate.<\/p>\n<p>L'elemento centrale \u00e8 il rivelatore a raggi X allo ioduro di cesio (CsI) ad alta risoluzione (griglia rimovibile sul tavolo e supporto a parete per griglia), che garantisce una qualit\u00e0 d'immagine eccezionale per l'intero spettro di immagini.<\/p>","protected":false},"excerpt":{"rendered":"<p>Sistema radiografico digitale universale, motorizzato, con tavolo bucky e supporto a parete a griglia.<\/p>\n<ul>\n<li>Migliore qualit\u00e0 dell'immagine: Rivelatore a raggi X CsI ad alta risoluzione<\/li>\n<li>Semplice: funzionamento intuitivo e posizionamento semiautomatico<\/li>\n<li>Completo: consente di ottenere uno spettro completo di immagini a raggi X.<\/li>\n<li>Sicuro: sistemi di sicurezza integrati<\/li>\n<\/ul>","protected":false},"featured_media":644,"template":"","meta":[],"product_cat":[40],"product_tag":[],"acf":[],"_links":{"self":[{"href":"https:\/\/www.roentgen-service.ch\/it\/wp-json\/wp\/v2\/product\/643"}],"collection":[{"href":"https:\/\/www.roentgen-service.ch\/it\/wp-json\/wp\/v2\/product"}],"about":[{"href":"https:\/\/www.roentgen-service.ch\/it\/wp-json\/wp\/v2\/types\/product"}],"wp:featuredmedia":[{"embeddable":true,"href":"https:\/\/www.roentgen-service.ch\/it\/wp-json\/wp\/v2\/media\/644"}],"wp:attachment":[{"href":"https:\/\/www.roentgen-service.ch\/it\/wp-json\/wp\/v2\/media?parent=643"}],"wp:term":[{"taxonomy":"product_cat","embeddable":true,"href":"https:\/\/www.roentgen-service.ch\/it\/wp-json\/wp\/v2\/product_cat?post=643"},{"taxonomy":"product_tag","embeddable":true,"href":"https:\/\/www.roentgen-service.ch\/it\/wp-json\/wp\/v2\/product_tag?post=643"}],"curies":[{"name":"wp","href":"https:\/\/api.w.org\/{rel}","templated":true}]}}