{"id":641,"date":"2023-06-15T09:38:36","date_gmt":"2023-06-15T07:38:36","guid":{"rendered":"https:\/\/roentgen-service.dev.hayloft-it.ch\/?post_type=product&#038;p=641"},"modified":"2023-10-24T08:43:46","modified_gmt":"2023-10-24T06:43:46","slug":"amadeo-z-motorizzato","status":"publish","type":"product","link":"https:\/\/www.roentgen-service.ch\/it\/prodotto\/medicina-umana\/sistemi-roentgen-fissi\/amadeo-z-motorizzato\/","title":{"rendered":"Amadeo Z motorised"},"content":{"rendered":"<p>La nostra soluzione per l'intero spettro della radiografia: Il sistema radiografico digitale a braccio girevole completamente motorizzato di Oehm und Rehbein.<\/p>\n<p>Amadeo Z motorised pu\u00f2 essere utilizzato per creare tutte le immagini radiografiche diagnostiche in proiezione. Il sistema comprende tutti i componenti necessari per la creazione di immagini radiografiche digitali: Sistema di staffe girevoli (completamente motorizzato), generatore di raggi X, rivelatore, PC con software di acquisizione e diagnostica dicomPACS\u00aeDX-R preinstallato di Oehm e Rehbein. Grazie al funzionamento semplice e intuitivo del software, tutti i parametri necessari possono essere impostati automaticamente senza problemi. Grazie al suo design compatto, questo sistema radiografico digitale \u00e8 molto adatto anche a stanze piccole con un'altezza del soffitto di almeno 2,4 metri.<\/p>\n<p>Il posizionamento flessibile e completamente motorizzato dello stativo consente di acquisire un'ampia gamma di immagini con il paziente seduto, in piedi o sdraiato. \u00c8 inoltre possibile eseguire l'imaging automatico di immagini di tutta la colonna vertebrale e di tutte le gambe (\"stitching\"). Il sistema \u00e8 gestito tramite un display touchscreen integrato da 10\u2033, grazie al quale \u00e8 possibile salvare e spostare fino a 60 posizioni del dispositivo in modo completamente motorizzato. Il sistema pu\u00f2 essere azionato anche con un telecomando. La protezione del paziente \u00e8 garantita da sensori di collisione intelligenti. In caso di possibile contatto con il paziente o con oggetti, il movimento viene interrotto immediatamente.<\/p>\n<p>Particolarmente degno di nota \u00e8 il rivelatore di raggi X allo ioduro di cesio (CsI) ad alta risoluzione (con griglia rimovibile), che garantisce una qualit\u00e0 d'immagine brillante per l'intero spettro di immagini.<\/p>","protected":false},"excerpt":{"rendered":"<p>Sistema radiografico digitale completamente motorizzato con supporto a staffa girevole.<\/p>\n<ul>\n<li>Migliore qualit\u00e0 dell'immagine: Rivelatore a raggi X CsI ad alta risoluzione<\/li>\n<li>Semplice: funzionamento intuitivo e posizionamento completamente motorizzato<\/li>\n<li>Completo: adatto a tutte le immagini radiografiche pi\u00f9 comuni<\/li>\n<li>Sicurezza: sensori di collisione intelligenti<\/li>\n<\/ul>","protected":false},"featured_media":642,"template":"","meta":[],"product_cat":[40],"product_tag":[],"acf":[],"_links":{"self":[{"href":"https:\/\/www.roentgen-service.ch\/it\/wp-json\/wp\/v2\/product\/641"}],"collection":[{"href":"https:\/\/www.roentgen-service.ch\/it\/wp-json\/wp\/v2\/product"}],"about":[{"href":"https:\/\/www.roentgen-service.ch\/it\/wp-json\/wp\/v2\/types\/product"}],"wp:featuredmedia":[{"embeddable":true,"href":"https:\/\/www.roentgen-service.ch\/it\/wp-json\/wp\/v2\/media\/642"}],"wp:attachment":[{"href":"https:\/\/www.roentgen-service.ch\/it\/wp-json\/wp\/v2\/media?parent=641"}],"wp:term":[{"taxonomy":"product_cat","embeddable":true,"href":"https:\/\/www.roentgen-service.ch\/it\/wp-json\/wp\/v2\/product_cat?post=641"},{"taxonomy":"product_tag","embeddable":true,"href":"https:\/\/www.roentgen-service.ch\/it\/wp-json\/wp\/v2\/product_tag?post=641"}],"curies":[{"name":"wp","href":"https:\/\/api.w.org\/{rel}","templated":true}]}}