{"id":1608,"date":"2025-01-22T15:17:57","date_gmt":"2025-01-22T14:17:57","guid":{"rendered":"https:\/\/www.roentgen-service.ch\/?post_type=product&#038;p=1608"},"modified":"2025-02-05T09:26:22","modified_gmt":"2025-02-05T08:26:22","slug":"medici-dr-dental-systems-2","status":"publish","type":"product","link":"https:\/\/www.roentgen-service.ch\/it\/prodotto\/applicazioni-industriali\/soluzioni-roentgen-digitalizzazione-dellindustria\/medici-dr-dental-systems-2\/","title":{"rendered":"Sistemi dentali Medici DR"},"content":{"rendered":"<p>Con i sistemi dentali Medici DR (rivelatori dentali CMOS) di Oehm e Rehbein, i sistemi radiografici analogici possono essere facilmente adattati al digitale o i sistemi radiografici digitali esistenti possono essere ampliati per produrre eccellenti immagini radiografiche per i controlli non distruttivi (NDT).<\/p>\n<p>I rivelatori dentali digitali Pluto sono disponibili in due dimensioni (vedi varianti), con il sensore CMOS integrato che offre una risoluzione di 20\u03bcm. Lo scintillatore CsI garantisce una qualit\u00e0 d'immagine ottimale. I rivelatori hanno una lunga durata, garantita dalla sigillatura del sensore con una piastra in fibra di vetro.<\/p>\n<p>Grazie all'interfaccia USB ad alta velocit\u00e0 di facile utilizzo, i sensori possono essere facilmente collegati a un PC senza la necessit\u00e0 di un'unit\u00e0 di controllo aggiuntiva. Il sistema \u00e8 costituito da un rilevatore a raggi X di facile utilizzo con cavo impermeabile e antipolvere (paragonabile a IP68).<\/p>\n<p>Il software integrato di controllo e imaging ORinspect di Oehm und Rehbein \u00e8 facile da usare tramite touchscreen o laptop e si adatta al flusso di lavoro dell'utente. Le immagini radiografiche sono disponibili praticamente senza ritardi e sono di altissima qualit\u00e0.<\/p>","protected":false},"excerpt":{"rendered":"<p>Rivelatori dentali DR per il retrofit digitale o l'espansione di un sistema radiografico esistente nel campo della radiografia industriale (NDT).<\/p>\n<ul>\n<li>Migliore qualit\u00e0 dell'immagine: Rivelatore a raggi X CsI ad alta risoluzione<\/li>\n<li>Semplice: funzionamento intuitivo del software associato<\/li>\n<li>Universale: compatibile con quasi tutti i sistemi a raggi X<\/li>\n<li>Personalizzato: vari design e dimensioni<\/li>\n<\/ul>","protected":false},"featured_media":1614,"template":"","meta":[],"product_cat":[71],"product_tag":[],"acf":[],"_links":{"self":[{"href":"https:\/\/www.roentgen-service.ch\/it\/wp-json\/wp\/v2\/product\/1608"}],"collection":[{"href":"https:\/\/www.roentgen-service.ch\/it\/wp-json\/wp\/v2\/product"}],"about":[{"href":"https:\/\/www.roentgen-service.ch\/it\/wp-json\/wp\/v2\/types\/product"}],"wp:featuredmedia":[{"embeddable":true,"href":"https:\/\/www.roentgen-service.ch\/it\/wp-json\/wp\/v2\/media\/1614"}],"wp:attachment":[{"href":"https:\/\/www.roentgen-service.ch\/it\/wp-json\/wp\/v2\/media?parent=1608"}],"wp:term":[{"taxonomy":"product_cat","embeddable":true,"href":"https:\/\/www.roentgen-service.ch\/it\/wp-json\/wp\/v2\/product_cat?post=1608"},{"taxonomy":"product_tag","embeddable":true,"href":"https:\/\/www.roentgen-service.ch\/it\/wp-json\/wp\/v2\/product_tag?post=1608"}],"curies":[{"name":"wp","href":"https:\/\/api.w.org\/{rel}","templated":true}]}}