{"id":1607,"date":"2025-01-22T14:53:08","date_gmt":"2025-01-22T13:53:08","guid":{"rendered":"https:\/\/www.roentgen-service.ch\/?post_type=product&#038;p=1607"},"modified":"2025-04-07T08:45:29","modified_gmt":"2025-04-07T06:45:29","slug":"medici-dr-systems-3","status":"publish","type":"product","link":"https:\/\/www.roentgen-service.ch\/it\/prodotto\/applicazioni-industriali\/soluzioni-roentgen-digitalizzazione-dellindustria\/medici-dr-systems-3\/","title":{"rendered":"Sistemi Medici DR"},"content":{"rendered":"<p>Con i sistemi Medici DR di Oehm e Rehbein, i sistemi radiografici analogici esistenti possono essere facilmente convertiti in digitale o i sistemi radiografici digitali esistenti possono essere ampliati. Poich\u00e9 i raggi X vengono rilevati automaticamente dall'AED (Auto Exposure Detection), non \u00e8 necessario alcun intervento sul sistema radiografico, n\u00e9 alcuna regolazione del sistema o del cablaggio in fase di conversione o di retrofit.<\/p>\n<p>Il software di imaging e controllo ORinspect di Oehm und Rehbein, facile da usare anche tramite touchscreen, convince per il suo funzionamento semplice e intuitivo. Il software si adatta al flusso di lavoro e garantisce la disponibilit\u00e0 di immagini radiografiche della migliore qualit\u00e0 in qualsiasi momento. L'elaborazione automatica delle immagini assicura che il lavoro manuale di post-elaborazione sia virtualmente eliminato.<\/p>\n<p>Naturalmente, il sistema Medici DR pu\u00f2 essere integrato nel software di gestione esistente e pu\u00f2 trasferire le immagini radiografiche a qualsiasi sistema di gestione delle immagini. Se non esiste ancora un sistema di gestione delle immagini, questo compito pu\u00f2 essere svolto direttamente dall'ambiente software dicomPACS\u00ae (dicondePACS) di Oehm und Rehbein, collaudato a livello mondiale.<\/p>\n<p>La disponibilit\u00e0 di diverse versioni e dimensioni di rivelatori a raggi X consente di configurare il sistema a raggi X in modo personalizzato. Una panoramica dei singoli rivelatori a raggi X della nostra gamma \u00e8 disponibile alla voce varianti.<\/p>","protected":false},"excerpt":{"rendered":"<p>Soluzione di digitalizzazione applicabile a livello universale per il retrofit o l'ampliamento di un sistema radiografico esistente.<\/p>\n<ul>\n<li>Migliore qualit\u00e0 dell'immagine: Rivelatore a raggi X CsI\/Gadox ad alta risoluzione<\/li>\n<li>Semplice: funzionamento intuitivo del software associato<\/li>\n<li>Universale: compatibile con quasi tutti i sistemi a raggi X<\/li>\n<li>Personalizzato: vari design e dimensioni<\/li>\n<\/ul>","protected":false},"featured_media":1688,"template":"","meta":[],"product_cat":[71],"product_tag":[],"acf":[],"_links":{"self":[{"href":"https:\/\/www.roentgen-service.ch\/it\/wp-json\/wp\/v2\/product\/1607"}],"collection":[{"href":"https:\/\/www.roentgen-service.ch\/it\/wp-json\/wp\/v2\/product"}],"about":[{"href":"https:\/\/www.roentgen-service.ch\/it\/wp-json\/wp\/v2\/types\/product"}],"wp:featuredmedia":[{"embeddable":true,"href":"https:\/\/www.roentgen-service.ch\/it\/wp-json\/wp\/v2\/media\/1688"}],"wp:attachment":[{"href":"https:\/\/www.roentgen-service.ch\/it\/wp-json\/wp\/v2\/media?parent=1607"}],"wp:term":[{"taxonomy":"product_cat","embeddable":true,"href":"https:\/\/www.roentgen-service.ch\/it\/wp-json\/wp\/v2\/product_cat?post=1607"},{"taxonomy":"product_tag","embeddable":true,"href":"https:\/\/www.roentgen-service.ch\/it\/wp-json\/wp\/v2\/product_tag?post=1607"}],"curies":[{"name":"wp","href":"https:\/\/api.w.org\/{rel}","templated":true}]}}