{"id":1599,"date":"2025-01-22T14:37:44","date_gmt":"2025-01-22T13:37:44","guid":{"rendered":"https:\/\/www.roentgen-service.ch\/?post_type=product&#038;p=1599"},"modified":"2025-02-05T09:26:14","modified_gmt":"2025-02-05T08:26:14","slug":"leonardo-dr-mini-iii","status":"publish","type":"product","link":"https:\/\/www.roentgen-service.ch\/it\/prodotto\/applicazioni-industriali\/sistemi-roentgen-portatili\/leonardo-dr-mini-iii\/","title":{"rendered":"Leonardo DR mini III"},"content":{"rendered":"<p>Il Leonardo DR mini III di Oehm und Rehbein \u00e8 un sistema a raggi X digitale superleggero e portatile per i controlli non distruttivi (NDT).<\/p>\n<p>Con un peso di circa 9,5 kg, Leonardo DR mini III \u00e8 una delle valigette radiografiche pi\u00f9 leggere al mondo. \u00c8 stata progettata appositamente per l'uso in spazi ristretti e all'aperto, rendendola lo strumento ideale per il settore NDT.<\/p>\n<p>Il Leonardo DR mini III \u00e8 rapidamente pronto all'uso e facile da utilizzare. Il touchscreen integrato da 21,5\u2033 full HD antiriflesso e il software di acquisizione e controllo integrato garantiscono un'eccellente qualit\u00e0 delle immagini. La valigetta radiografica \u00e8 dotata di un display di stato a quattro colori per visualizzare direttamente il flusso di lavoro.<\/p>","protected":false},"excerpt":{"rendered":"<p>Sistema radiografico portatile e superleggero in formato valigia.<\/p>\n<ul>\n<li>Migliore qualit\u00e0 delle immagini: elaborazione delle immagini comprovata a livello mondiale<\/li>\n<li>Semplice: funzionamento intuitivo e flussi di lavoro efficienti<\/li>\n<li>Compatto: ideale per l'uso portatile<\/li>\n<li>Complessivo: opzioni di applicazione versatili<\/li>\n<\/ul>","protected":false},"featured_media":1602,"template":"","meta":[],"product_cat":[70],"product_tag":[],"acf":[],"_links":{"self":[{"href":"https:\/\/www.roentgen-service.ch\/it\/wp-json\/wp\/v2\/product\/1599"}],"collection":[{"href":"https:\/\/www.roentgen-service.ch\/it\/wp-json\/wp\/v2\/product"}],"about":[{"href":"https:\/\/www.roentgen-service.ch\/it\/wp-json\/wp\/v2\/types\/product"}],"wp:featuredmedia":[{"embeddable":true,"href":"https:\/\/www.roentgen-service.ch\/it\/wp-json\/wp\/v2\/media\/1602"}],"wp:attachment":[{"href":"https:\/\/www.roentgen-service.ch\/it\/wp-json\/wp\/v2\/media?parent=1599"}],"wp:term":[{"taxonomy":"product_cat","embeddable":true,"href":"https:\/\/www.roentgen-service.ch\/it\/wp-json\/wp\/v2\/product_cat?post=1599"},{"taxonomy":"product_tag","embeddable":true,"href":"https:\/\/www.roentgen-service.ch\/it\/wp-json\/wp\/v2\/product_tag?post=1599"}],"curies":[{"name":"wp","href":"https:\/\/api.w.org\/{rel}","templated":true}]}}