{"id":1589,"date":"2025-01-22T14:32:45","date_gmt":"2025-01-22T13:32:45","guid":{"rendered":"https:\/\/www.roentgen-service.ch\/?post_type=product&#038;p=1589"},"modified":"2025-02-05T09:26:10","modified_gmt":"2025-02-05T08:26:10","slug":"leonardo-dr-nano-2","status":"publish","type":"product","link":"https:\/\/www.roentgen-service.ch\/it\/prodotto\/applicazioni-industriali\/sistemi-roentgen-portatili\/leonardo-dr-nano-2\/","title":{"rendered":"Leonardo DR nano"},"content":{"rendered":"<p>Il Leonardo DR nano di Oehm und Rehbein \u00e8 un sistema a zaino digitale a raggi X ultraleggero e portatile per i controlli non distruttivi (NDT), composto da un rivelatore a raggi X wireless e da un notebook.<\/p>\n<p>Con un peso totale di circa 9 kg, il sistema Leonardo DR nano \u00e8 una delle soluzioni radiografiche portatili pi\u00f9 leggere al mondo. Consente agli utenti di eseguire radiografie digitali in qualsiasi momento e quasi ovunque, senza essere ostacolati da una libert\u00e0 di movimento limitata o da cavi aggrovigliati.<\/p>\n<p>Grazie al suo semplice funzionamento, anche le persone con una formazione radiologica ridotta possono creare immagini radiografiche ottimali. Il sistema Leonardo DR nano pu\u00f2 essere utilizzato anche in spazi ristretti, poich\u00e9 l'unit\u00e0 radiografica e il rivelatore comunicano in modalit\u00e0 wireless con il software del computer portatile. La distanza operativa di sicurezza tra il rivelatore radiografico e il laptop pu\u00f2 raggiungere i 10 metri.<\/p>","protected":false},"excerpt":{"rendered":"<p>Sistema a raggi X portatile e ultraleggero in formato zaino.<\/p>\n<ul>\n<li>Migliore qualit\u00e0 dell'immagine: Rivelatore a raggi X CsI ad alta risoluzione<\/li>\n<li>Semplice: funzionamento intuitivo e flussi di lavoro efficienti<\/li>\n<li>Compatto: ideale per l'uso portatile<\/li>\n<li>Complessivo: opzioni di applicazione versatili<\/li>\n<\/ul>","protected":false},"featured_media":1591,"template":"","meta":[],"product_cat":[70],"product_tag":[],"acf":[],"_links":{"self":[{"href":"https:\/\/www.roentgen-service.ch\/it\/wp-json\/wp\/v2\/product\/1589"}],"collection":[{"href":"https:\/\/www.roentgen-service.ch\/it\/wp-json\/wp\/v2\/product"}],"about":[{"href":"https:\/\/www.roentgen-service.ch\/it\/wp-json\/wp\/v2\/types\/product"}],"wp:featuredmedia":[{"embeddable":true,"href":"https:\/\/www.roentgen-service.ch\/it\/wp-json\/wp\/v2\/media\/1591"}],"wp:attachment":[{"href":"https:\/\/www.roentgen-service.ch\/it\/wp-json\/wp\/v2\/media?parent=1589"}],"wp:term":[{"taxonomy":"product_cat","embeddable":true,"href":"https:\/\/www.roentgen-service.ch\/it\/wp-json\/wp\/v2\/product_cat?post=1589"},{"taxonomy":"product_tag","embeddable":true,"href":"https:\/\/www.roentgen-service.ch\/it\/wp-json\/wp\/v2\/product_tag?post=1589"}],"curies":[{"name":"wp","href":"https:\/\/api.w.org\/{rel}","templated":true}]}}