{"id":1574,"date":"2025-01-22T12:51:57","date_gmt":"2025-01-22T11:51:57","guid":{"rendered":"https:\/\/www.roentgen-service.ch\/?post_type=product&#038;p=1574"},"modified":"2025-02-18T07:04:04","modified_gmt":"2025-02-18T06:04:04","slug":"dicompacs-mobileview-2","status":"publish","type":"product","link":"https:\/\/www.roentgen-service.ch\/it\/prodotto\/medicina-veterinaria\/software-veterinario\/pacs-gestione-delle-immagini-medicina-veterinaria\/dicompacs-mobileview-2\/","title":{"rendered":"dicomPACS\u00ae MobileView"},"content":{"rendered":"<p>Il modulo aggiuntivo dicomPACS\u00ae MobileView \u00e8 un'estensione modulare del pacchetto base dicomPACS\u00ae di Oehm und Rehbein e rappresenta la versione web-based di un visualizzatore PACS per PC o dispositivi mobili, senza limitare le funzionalit\u00e0 importanti.<\/p>\n<p>Con il software, l'intero materiale di immagini del sistema dicomPACS\u00ae \u00e8 accessibile in tutto il mondo tramite una connessione Internet, anche al di fuori dello studio. L'accesso \u00e8 quasi indipendente dal browser e l'uso delle pi\u00f9 recenti tecnologie di streaming garantisce un'elevata velocit\u00e0 di caricamento.<\/p>\n<p>Oltre alla semplice refertazione di immagini radiografiche dal database, \u00e8 anche possibile inserire i testi dei referti ed esportarli di conseguenza. Inoltre, \u00e8 possibile allegare e scambiare documenti aggiuntivi. Naturalmente, \u00e8 supportata anche la funzione touchscreen gi\u00e0 nota nel pacchetto base.<\/p>","protected":false},"excerpt":{"rendered":"<p>Modulo aggiuntivo \"MobileView\" al collaudato e sofisticato pacchetto base dicomPACS\u00ae.<\/p>\n<ul>\n<li>Ottimale: espandibile in modo modulare<\/li>\n<li>Semplice: interfaccia utente intuitiva<\/li>\n<li>Universale: supporta tutti i protocolli pi\u00f9 comuni<\/li>\n<li>Efficiente: cambio rapido tra gli esami<\/li>\n<\/ul>","protected":false},"featured_media":1575,"template":"","meta":[],"product_cat":[64],"product_tag":[],"acf":[],"_links":{"self":[{"href":"https:\/\/www.roentgen-service.ch\/it\/wp-json\/wp\/v2\/product\/1574"}],"collection":[{"href":"https:\/\/www.roentgen-service.ch\/it\/wp-json\/wp\/v2\/product"}],"about":[{"href":"https:\/\/www.roentgen-service.ch\/it\/wp-json\/wp\/v2\/types\/product"}],"wp:featuredmedia":[{"embeddable":true,"href":"https:\/\/www.roentgen-service.ch\/it\/wp-json\/wp\/v2\/media\/1575"}],"wp:attachment":[{"href":"https:\/\/www.roentgen-service.ch\/it\/wp-json\/wp\/v2\/media?parent=1574"}],"wp:term":[{"taxonomy":"product_cat","embeddable":true,"href":"https:\/\/www.roentgen-service.ch\/it\/wp-json\/wp\/v2\/product_cat?post=1574"},{"taxonomy":"product_tag","embeddable":true,"href":"https:\/\/www.roentgen-service.ch\/it\/wp-json\/wp\/v2\/product_tag?post=1574"}],"curies":[{"name":"wp","href":"https:\/\/api.w.org\/{rel}","templated":true}]}}