{"id":1531,"date":"2025-01-22T12:04:41","date_gmt":"2025-01-22T11:04:41","guid":{"rendered":"https:\/\/www.roentgen-service.ch\/?post_type=product&#038;p=1531"},"modified":"2025-02-05T11:24:18","modified_gmt":"2025-02-05T10:24:18","slug":"o-sono-portable-v3","status":"publish","type":"product","link":"https:\/\/www.roentgen-service.ch\/it\/prodotto\/medicina-veterinaria\/sistemi-a-ultrasuoni\/o-sono-portable-v3\/","title":{"rendered":"OR sono portatile V3"},"content":{"rendered":"<p>La nostra soluzione portatile per gli esami ecografici in medicina veterinaria: il sistema ecografico color Doppler in formato laptop di Oehm und Rehbein.<\/p>\n<p>L'ecografo Doppler a colori OR sono portable V3 \u00e8 dotato di tecnologie di imaging all'avanguardia che offrono un'elevata risoluzione delle immagini e una chiara profondit\u00e0 di penetrazione. La migliore qualit\u00e0 delle immagini consente un esame pi\u00f9 rapido e preciso di tutte le specie animali. Il design sottile e compatto del portatile garantisce la massima libert\u00e0 di movimento e flessibilit\u00e0 in qualsiasi situazione. Un'ampia scelta di sonde consente inoltre di effettuare diagnosi personalizzate in base alle rispettive specie animali.<\/p>\n<p>Grazie all'avanzata tecnologia di elaborazione delle immagini, il dispositivo offre una migliore qualit\u00e0 delle immagini e consente di effettuare rilevamenti pi\u00f9 precisi. Il design compatto e leggero, unito a uno schermo non riflettente che pu\u00f2 essere inclinato fino a 180 gradi, offre la massima mobilit\u00e0 e flessibilit\u00e0. L'avvio rapido del sistema e il funzionamento estremamente silenzioso facilitano l'esame di animali sensibili. Con un peso di soli 4,5 kg, il dispositivo \u00e8 anche particolarmente leggero e maneggevole.<\/p>","protected":false},"excerpt":{"rendered":"<p>Sistema ecografico portatile per la medicina veterinaria.<\/p>\n<ul>\n<li>Eccellente qualit\u00e0 delle immagini: tecnologie di imaging all'avanguardia<\/li>\n<li>Semplice: funzionamento intuitivo<\/li>\n<li>Compatto: ideale per l'uso portatile<\/li>\n<li>Flessibile: ampia scelta di sonde<\/li>\n<\/ul>","protected":false},"featured_media":1532,"template":"","meta":[],"product_cat":[157],"product_tag":[],"acf":[],"_links":{"self":[{"href":"https:\/\/www.roentgen-service.ch\/it\/wp-json\/wp\/v2\/product\/1531"}],"collection":[{"href":"https:\/\/www.roentgen-service.ch\/it\/wp-json\/wp\/v2\/product"}],"about":[{"href":"https:\/\/www.roentgen-service.ch\/it\/wp-json\/wp\/v2\/types\/product"}],"wp:featuredmedia":[{"embeddable":true,"href":"https:\/\/www.roentgen-service.ch\/it\/wp-json\/wp\/v2\/media\/1532"}],"wp:attachment":[{"href":"https:\/\/www.roentgen-service.ch\/it\/wp-json\/wp\/v2\/media?parent=1531"}],"wp:term":[{"taxonomy":"product_cat","embeddable":true,"href":"https:\/\/www.roentgen-service.ch\/it\/wp-json\/wp\/v2\/product_cat?post=1531"},{"taxonomy":"product_tag","embeddable":true,"href":"https:\/\/www.roentgen-service.ch\/it\/wp-json\/wp\/v2\/product_tag?post=1531"}],"curies":[{"name":"wp","href":"https:\/\/api.w.org\/{rel}","templated":true}]}}