{"id":1523,"date":"2025-01-22T12:00:23","date_gmt":"2025-01-22T11:00:23","guid":{"rendered":"https:\/\/www.roentgen-service.ch\/?post_type=product&#038;p=1523"},"modified":"2025-02-05T11:24:14","modified_gmt":"2025-02-05T10:24:14","slug":"o-sono-professional-v70","status":"publish","type":"product","link":"https:\/\/www.roentgen-service.ch\/it\/prodotto\/medicina-veterinaria\/sistemi-a-ultrasuoni\/o-sono-professional-v70\/","title":{"rendered":"OR sono professional V70"},"content":{"rendered":"<p>La nostra soluzione per l'intero spettro degli esami ecografici in medicina veterinaria: il sistema ecografico color Doppler di Oehm und Rehbein.<\/p>\n<p>La serie OR sono comprende sistemi ecografici avanzati adatti a un'ampia gamma di specie animali, dai piccoli animali domestici ai grandi animali. L'OR sono professional V70 \u00e8 una soluzione mobile per i veterinari che supporta l'acquisizione di importanti risultati clinici e diagnosi precise grazie al suo funzionamento semplice.<\/p>\n<p>Grazie al software innovativo e intelligente specifico per la veterinaria e alla tecnologia dei trasduttori monocristallini, il sistema fornisce immagini eccezionali che visualizzano anche i cambiamenti pi\u00f9 sottili. La mobilit\u00e0 ottimizzata consente l'utilizzo in diversi ambienti di lavoro, mentre le opzioni di connettivit\u00e0 estese assicurano una perfetta integrazione in tutti i pi\u00f9 comuni sistemi di gestione degli ambulatori. Inoltre, la batteria di lunga durata garantisce un utilizzo mobile ininterrotto fino a due ore.<\/p>","protected":false},"excerpt":{"rendered":"<p>Sistema ecografico personalizzabile per la medicina veterinaria.<\/p>\n<ul>\n<li>Migliore qualit\u00e0 dell'immagine: tecnologia del trasduttore monocristallino<\/li>\n<li>Semplice: funzionamento intuitivo<\/li>\n<li>Compatibile: integrazione perfetta nel software dello studio medico<\/li>\n<li>Universale: design personalizzabile e compatto<\/li>\n<\/ul>","protected":false},"featured_media":1524,"template":"","meta":[],"product_cat":[157],"product_tag":[],"acf":[],"_links":{"self":[{"href":"https:\/\/www.roentgen-service.ch\/it\/wp-json\/wp\/v2\/product\/1523"}],"collection":[{"href":"https:\/\/www.roentgen-service.ch\/it\/wp-json\/wp\/v2\/product"}],"about":[{"href":"https:\/\/www.roentgen-service.ch\/it\/wp-json\/wp\/v2\/types\/product"}],"wp:featuredmedia":[{"embeddable":true,"href":"https:\/\/www.roentgen-service.ch\/it\/wp-json\/wp\/v2\/media\/1524"}],"wp:attachment":[{"href":"https:\/\/www.roentgen-service.ch\/it\/wp-json\/wp\/v2\/media?parent=1523"}],"wp:term":[{"taxonomy":"product_cat","embeddable":true,"href":"https:\/\/www.roentgen-service.ch\/it\/wp-json\/wp\/v2\/product_cat?post=1523"},{"taxonomy":"product_tag","embeddable":true,"href":"https:\/\/www.roentgen-service.ch\/it\/wp-json\/wp\/v2\/product_tag?post=1523"}],"curies":[{"name":"wp","href":"https:\/\/api.w.org\/{rel}","templated":true}]}}