{"id":1510,"date":"2025-01-22T11:52:58","date_gmt":"2025-01-22T10:52:58","guid":{"rendered":"https:\/\/www.roentgen-service.ch\/?post_type=product&#038;p=1510"},"modified":"2025-02-05T11:24:11","modified_gmt":"2025-02-05T10:24:11","slug":"divario-cr-t2","status":"publish","type":"product","link":"https:\/\/www.roentgen-service.ch\/it\/prodotto\/medicina-veterinaria\/soluzioni-roentgen-digitalizzazione-veterinaria\/divario-cr-t2\/","title":{"rendered":"Divario CR-T2"},"content":{"rendered":"<p>La nostra soluzione per le immagini radiografiche digitali in medicina veterinaria: il sistema di lastre CR di Oehm und Rehbein.<\/p>\n<p>Divario CR-T2 \u00e8 un sistema CR da tavolo per radiografie digitali in medicina veterinaria che pu\u00f2 elaborare fino a 73 cassette all'ora. In modalit\u00e0 ad alta velocit\u00e0 (5 pixel\/mm), aumenta la produttivit\u00e0 di quasi 70% rispetto ai sistemi CR precedenti. Il sistema Divario, di facile utilizzo, riduce i tempi di attesa per i pazienti animali e i loro accompagnatori e aumenta l'efficienza delle procedure di esame. Grazie al suo design discreto e compatto, pu\u00f2 essere collocato su una scrivania, su uno scaffale o in un veicolo dove lo spazio \u00e8 limitato.<\/p>\n<p>In combinazione con il software di acquisizione immagini dicomPACS\u00aeDX-R, il sistema CR compatto e leggero offre tutte le funzioni di elaborazione delle immagini necessarie. Pu\u00f2 essere integrato in ambienti CR o DR gi\u00e0 esistenti ed \u00e8 quindi ideale anche come sistema aggiuntivo, secondario o di soccorso in grandi cliniche veterinarie o strutture universitarie.<\/p>","protected":false},"excerpt":{"rendered":"<p>Sistema radiografico digitale economico (sistema a lastre CR) per la medicina veterinaria.<\/p>\n<ul>\n<li>Alta qualit\u00e0: immagini costanti e ad alta risoluzione<\/li>\n<li>Semplice: funzionamento intuitivo del software associato<\/li>\n<li>Universale: compatibile con quasi tutti i componenti del sistema<\/li>\n<li>Efficiente: veloce e conveniente<\/li>\n<\/ul>","protected":false},"featured_media":1511,"template":"","meta":[],"product_cat":[56],"product_tag":[],"acf":[],"_links":{"self":[{"href":"https:\/\/www.roentgen-service.ch\/it\/wp-json\/wp\/v2\/product\/1510"}],"collection":[{"href":"https:\/\/www.roentgen-service.ch\/it\/wp-json\/wp\/v2\/product"}],"about":[{"href":"https:\/\/www.roentgen-service.ch\/it\/wp-json\/wp\/v2\/types\/product"}],"wp:featuredmedia":[{"embeddable":true,"href":"https:\/\/www.roentgen-service.ch\/it\/wp-json\/wp\/v2\/media\/1511"}],"wp:attachment":[{"href":"https:\/\/www.roentgen-service.ch\/it\/wp-json\/wp\/v2\/media?parent=1510"}],"wp:term":[{"taxonomy":"product_cat","embeddable":true,"href":"https:\/\/www.roentgen-service.ch\/it\/wp-json\/wp\/v2\/product_cat?post=1510"},{"taxonomy":"product_tag","embeddable":true,"href":"https:\/\/www.roentgen-service.ch\/it\/wp-json\/wp\/v2\/product_tag?post=1510"}],"curies":[{"name":"wp","href":"https:\/\/api.w.org\/{rel}","templated":true}]}}