{"id":1503,"date":"2025-01-22T11:28:51","date_gmt":"2025-01-22T10:28:51","guid":{"rendered":"https:\/\/www.roentgen-service.ch\/?post_type=product&#038;p=1503"},"modified":"2025-02-05T11:24:06","modified_gmt":"2025-02-05T10:24:06","slug":"medici-dr-systems-2","status":"publish","type":"product","link":"https:\/\/www.roentgen-service.ch\/it\/prodotto\/medicina-veterinaria\/soluzioni-roentgen-digitalizzazione-veterinaria\/medici-dr-systems-2\/","title":{"rendered":"Sistemi Medici DR"},"content":{"rendered":"<p>Con i sistemi Medici DR di Oehm e Rehbein, i sistemi radiografici analogici esistenti possono essere facilmente convertiti in digitale o i sistemi radiografici digitali esistenti possono essere ampliati. Poich\u00e9 i raggi X vengono rilevati automaticamente dall'AED (Auto Exposure Detection), non \u00e8 necessario alcun intervento sul sistema radiografico, n\u00e9 alcuna regolazione del sistema o del cablaggio in fase di conversione o di retrofit.<\/p>\n<p>Il software di acquisizione dicomPACS\u00aeDX-R di Oehm und Rehbein, anch'esso facile da usare tramite touchscreen, convince per il suo funzionamento semplice e intuitivo. Il software si adatta al flusso di lavoro e garantisce la disponibilit\u00e0 di immagini radiografiche della migliore qualit\u00e0 in qualsiasi momento. L'elaborazione automatica delle immagini assicura che il lavoro manuale di post-elaborazione sia virtualmente eliminato.<\/p>\n<p>Naturalmente, il sistema Medici DR pu\u00f2 essere integrato nel software di gestione dei pazienti esistente e pu\u00f2 trasferire le immagini radiografiche a qualsiasi sistema di gestione delle immagini (PACS). Se non \u00e8 disponibile un PACS, questo compito pu\u00f2 essere svolto direttamente dal sistema di elaborazione delle immagini dicomPACS\u00ae di Oehm e Rehbein, collaudato a livello mondiale.<\/p>\n<p>La disponibilit\u00e0 di diverse versioni e dimensioni di rivelatori a raggi X consente di configurare il sistema a raggi X in modo personalizzato. Una panoramica dei singoli rivelatori a raggi X della nostra gamma \u00e8 disponibile alla voce varianti.<\/p>","protected":false},"excerpt":{"rendered":"<p>Soluzione di digitalizzazione applicabile a livello universale per il retrofit o l'ampliamento di un sistema radiografico esistente.<\/p>\n<ul>\n<li>Migliore qualit\u00e0 dell'immagine: Rivelatore a raggi X CsI ad alta risoluzione<\/li>\n<li>Semplice: funzionamento intuitivo del software associato<\/li>\n<li>Universale: compatibile con quasi tutti i sistemi a raggi X<\/li>\n<li>Personalizzato: vari design e dimensioni<\/li>\n<\/ul>","protected":false},"featured_media":1505,"template":"","meta":[],"product_cat":[56],"product_tag":[],"acf":[],"_links":{"self":[{"href":"https:\/\/www.roentgen-service.ch\/it\/wp-json\/wp\/v2\/product\/1503"}],"collection":[{"href":"https:\/\/www.roentgen-service.ch\/it\/wp-json\/wp\/v2\/product"}],"about":[{"href":"https:\/\/www.roentgen-service.ch\/it\/wp-json\/wp\/v2\/types\/product"}],"wp:featuredmedia":[{"embeddable":true,"href":"https:\/\/www.roentgen-service.ch\/it\/wp-json\/wp\/v2\/media\/1505"}],"wp:attachment":[{"href":"https:\/\/www.roentgen-service.ch\/it\/wp-json\/wp\/v2\/media?parent=1503"}],"wp:term":[{"taxonomy":"product_cat","embeddable":true,"href":"https:\/\/www.roentgen-service.ch\/it\/wp-json\/wp\/v2\/product_cat?post=1503"},{"taxonomy":"product_tag","embeddable":true,"href":"https:\/\/www.roentgen-service.ch\/it\/wp-json\/wp\/v2\/product_tag?post=1503"}],"curies":[{"name":"wp","href":"https:\/\/api.w.org\/{rel}","templated":true}]}}