{"id":1496,"date":"2025-01-22T11:10:00","date_gmt":"2025-01-22T10:10:00","guid":{"rendered":"https:\/\/www.roentgen-service.ch\/?post_type=product&#038;p=1496"},"modified":"2025-02-05T11:24:03","modified_gmt":"2025-02-05T10:24:03","slug":"divario-cr-f-dental","status":"publish","type":"product","link":"https:\/\/www.roentgen-service.ch\/it\/prodotto\/medicina-veterinaria\/sistemi-protesici-dentali\/divario-cr-f-dental\/","title":{"rendered":"Divario CR-F Dental"},"content":{"rendered":"<p>La nostra soluzione per le immagini interorali in medicina veterinaria: il sistema radiografico dentale digitale di Oehm und Rehbein, basato sulla tecnologia delle lastre CR.<\/p>\n<p>Il sistema dentale Divario CR-F offre una soluzione rapida ed economica per ottenere immagini radiografiche digitali di alta qualit\u00e0. Questa versione premium include una lastra di imaging di dimensione 4 in aggiunta al set di lastre di imaging di base. Il sistema, compatto e conveniente, aumenta la produttivit\u00e0 degli ambulatori e delle cliniche veterinarie. Il lettore dentale combina un design elegante con un sistema potente e facile da usare. Un vassoio di alimentazione automatico per una funzionalit\u00e0 \"push and go\" e una gamma completa di lastre per imaging bitewing e intraorale riutilizzabili rendono il posizionamento facile e veloce.<\/p>\n<p>Il software di acquisizione dicomPACS\u00aeDX-R supporta il controllo del generatore di raggi X e garantisce un flusso di lavoro ottimizzato. Inoltre, il software pu\u00f2 essere personalizzato in base alle specifiche esigenze dell'utente e convince per l'eccezionale qualit\u00e0 delle immagini. I potenti processi di editing delle immagini consentono un'ottimizzazione specifica dell'immagine, garantendo cos\u00ec immagini radiografiche di alta qualit\u00e0. Il sistema pu\u00f2 essere gestito tramite touchscreen, che assicura un lavoro rapido ed efficiente.<\/p>","protected":false},"excerpt":{"rendered":"<p>Sistema radiografico dentale digitale economico (sistema a lastre CR) per la medicina veterinaria.<\/p>\n<ul>\n<li>Eccellente qualit\u00e0 dell'immagine: risoluzione fino a 21 lp\/mm<\/li>\n<li>Semplice: funzionamento intuitivo del software associato<\/li>\n<li>Universale: compatibile con quasi tutti i componenti del sistema<\/li>\n<li>Efficiente: veloce e conveniente<\/li>\n<\/ul>","protected":false},"featured_media":1498,"template":"","meta":[],"product_cat":[55,56],"product_tag":[],"acf":[],"_links":{"self":[{"href":"https:\/\/www.roentgen-service.ch\/it\/wp-json\/wp\/v2\/product\/1496"}],"collection":[{"href":"https:\/\/www.roentgen-service.ch\/it\/wp-json\/wp\/v2\/product"}],"about":[{"href":"https:\/\/www.roentgen-service.ch\/it\/wp-json\/wp\/v2\/types\/product"}],"wp:featuredmedia":[{"embeddable":true,"href":"https:\/\/www.roentgen-service.ch\/it\/wp-json\/wp\/v2\/media\/1498"}],"wp:attachment":[{"href":"https:\/\/www.roentgen-service.ch\/it\/wp-json\/wp\/v2\/media?parent=1496"}],"wp:term":[{"taxonomy":"product_cat","embeddable":true,"href":"https:\/\/www.roentgen-service.ch\/it\/wp-json\/wp\/v2\/product_cat?post=1496"},{"taxonomy":"product_tag","embeddable":true,"href":"https:\/\/www.roentgen-service.ch\/it\/wp-json\/wp\/v2\/product_tag?post=1496"}],"curies":[{"name":"wp","href":"https:\/\/api.w.org\/{rel}","templated":true}]}}