{"id":1486,"date":"2025-01-22T10:04:17","date_gmt":"2025-01-22T09:04:17","guid":{"rendered":"https:\/\/www.roentgen-service.ch\/?post_type=product&#038;p=1486"},"modified":"2025-02-05T11:23:58","modified_gmt":"2025-02-05T10:23:58","slug":"medici-dr-dental-systems","status":"publish","type":"product","link":"https:\/\/www.roentgen-service.ch\/it\/prodotto\/medicina-veterinaria\/sistemi-protesici-dentali\/medici-dr-dental-systems\/","title":{"rendered":"Sistemi dentali Medici DR"},"content":{"rendered":"<p>Con i sistemi dentali Medici DR (rivelatori dentali CMOS) di Oehm e Rehbein, i sistemi radiografici analogici possono essere facilmente adattati digitalmente o i sistemi radiografici digitali esistenti possono essere ampliati per produrre eccellenti immagini radiografiche per il settore dentale della medicina veterinaria.<\/p>\n<p>I rivelatori dentali digitali interorali Pluto sono disponibili in due dimensioni (vedi varianti), con il sensore CMOS integrato che offre una risoluzione di 20\u03bcm. Lo scintillatore CsI garantisce una qualit\u00e0 d'immagine ottimale. I rivelatori sono caratterizzati da un design ergonomico con bordi lisci, angoli arrotondati e un cavo flessibile, che assicura il massimo comfort al paziente.<\/p>\n<p>Grazie all'interfaccia USB ad alta velocit\u00e0 di facile utilizzo, i sensori possono essere facilmente collegati a un PC senza la necessit\u00e0 di un'unit\u00e0 di controllo aggiuntiva. Il sistema \u00e8 costituito da un rilevatore a raggi X di facile utilizzo con cavo impermeabile e antipolvere (paragonabile a IP68).<\/p>\n<p>Il software di acquisizione integrato dicomPACS\u00aeDX-R \u00e8 facile da usare tramite touchscreen o laptop e si adatta al flusso di lavoro dell'utente. Le immagini radiografiche sono disponibili praticamente senza ritardi e sono di altissima qualit\u00e0.<\/p>","protected":false},"excerpt":{"rendered":"<p>Rivelatori dentali DR per il retrofit digitale o l'espansione di un sistema radiografico dentale esistente nello studio veterinario.<\/p>\n<ul>\n<li>Migliore qualit\u00e0 dell'immagine: Rivelatore a raggi X CsI ad alta risoluzione<\/li>\n<li>Semplice: funzionamento intuitivo del software associato<\/li>\n<li>Universale: compatibile con quasi tutti i sistemi a raggi X<\/li>\n<li>Personalizzato: vari design e dimensioni<\/li>\n<\/ul>","protected":false},"featured_media":1491,"template":"","meta":[],"product_cat":[55,56],"product_tag":[],"acf":[],"_links":{"self":[{"href":"https:\/\/www.roentgen-service.ch\/it\/wp-json\/wp\/v2\/product\/1486"}],"collection":[{"href":"https:\/\/www.roentgen-service.ch\/it\/wp-json\/wp\/v2\/product"}],"about":[{"href":"https:\/\/www.roentgen-service.ch\/it\/wp-json\/wp\/v2\/types\/product"}],"wp:featuredmedia":[{"embeddable":true,"href":"https:\/\/www.roentgen-service.ch\/it\/wp-json\/wp\/v2\/media\/1491"}],"wp:attachment":[{"href":"https:\/\/www.roentgen-service.ch\/it\/wp-json\/wp\/v2\/media?parent=1486"}],"wp:term":[{"taxonomy":"product_cat","embeddable":true,"href":"https:\/\/www.roentgen-service.ch\/it\/wp-json\/wp\/v2\/product_cat?post=1486"},{"taxonomy":"product_tag","embeddable":true,"href":"https:\/\/www.roentgen-service.ch\/it\/wp-json\/wp\/v2\/product_tag?post=1486"}],"curies":[{"name":"wp","href":"https:\/\/api.w.org\/{rel}","templated":true}]}}