{"id":1454,"date":"2025-01-22T09:22:40","date_gmt":"2025-01-22T08:22:40","guid":{"rendered":"https:\/\/www.roentgen-service.ch\/?post_type=product&#038;p=1454"},"modified":"2025-02-05T11:23:41","modified_gmt":"2025-02-05T10:23:41","slug":"leonardo-dr-mini-ii","status":"publish","type":"product","link":"https:\/\/www.roentgen-service.ch\/it\/prodotto\/medicina-veterinaria\/sistemi-roentgen-portatili-v\/leonardo-dr-mini-ii\/","title":{"rendered":"Leonardo DR mini II"},"content":{"rendered":"<p>Il Leonardo DR mini II di Oehm und Rehbein \u00e8 un sistema radiografico digitale superleggero e portatile per la medicina veterinaria.<\/p>\n<p>Con un peso di circa 9 kg, Leonardo DR mini II \u00e8 una delle radiografie pi\u00f9 leggere al mondo. \u00c8 stata progettata appositamente per l'uso in spazi ristretti e all'aperto, rendendola lo strumento ideale per il veterinario moderno. La valigetta radiografica pu\u00f2 essere utilizzata sia in modo mobile che fisso negli studi veterinari e nelle cliniche equine e miste.<\/p>\n<p>Il Leonardo DR mini II \u00e8 rapidamente pronto all'uso e facile da utilizzare. Un notebook integrato di qualit\u00e0 superiore con touchscreen e alta risoluzione dello schermo, nonch\u00e9 il software di diagnostica e acquisizione integrato, assicurano un'eccezionale qualit\u00e0 delle immagini. La valigetta radiografica \u00e8 dotata di due grandi LED che sono chiaramente visibili anche a diversi metri di distanza e indicano lo stato del software, come ad esempio \"Ready to shoot\". Il notebook pu\u00f2 essere facilmente rimosso dal dispositivo di supporto della valigetta e collocato in una posizione di lavoro ergonomica o utilizzato come tablet per le presentazioni.<\/p>\n<p>Con il modulo di refertazione opzionale per i servizi radiografici per gli esami di acquisto dei cavalli, questo sistema \u00e8 consigliato anche ai periti ippici. Il software di reporting integrato consente inoltre uno scambio globale di informazioni rapido ed economico (tramite interfaccia cloud o e-mail).<\/p>","protected":false},"excerpt":{"rendered":"<p>Sistema radiografico portatile e superleggero in formato valigia.<\/p>\n<ul>\n<li>Migliore qualit\u00e0 dell'immagine: Rivelatore a raggi X CsI ad alta risoluzione<\/li>\n<li>Semplice: funzionamento intuitivo e flussi di lavoro efficienti<\/li>\n<li>Compatto: ideale per l'uso portatile<\/li>\n<li>Complessivo: opzioni di applicazione versatili<\/li>\n<\/ul>","protected":false},"featured_media":1459,"template":"","meta":[],"product_cat":[54],"product_tag":[],"acf":[],"_links":{"self":[{"href":"https:\/\/www.roentgen-service.ch\/it\/wp-json\/wp\/v2\/product\/1454"}],"collection":[{"href":"https:\/\/www.roentgen-service.ch\/it\/wp-json\/wp\/v2\/product"}],"about":[{"href":"https:\/\/www.roentgen-service.ch\/it\/wp-json\/wp\/v2\/types\/product"}],"wp:featuredmedia":[{"embeddable":true,"href":"https:\/\/www.roentgen-service.ch\/it\/wp-json\/wp\/v2\/media\/1459"}],"wp:attachment":[{"href":"https:\/\/www.roentgen-service.ch\/it\/wp-json\/wp\/v2\/media?parent=1454"}],"wp:term":[{"taxonomy":"product_cat","embeddable":true,"href":"https:\/\/www.roentgen-service.ch\/it\/wp-json\/wp\/v2\/product_cat?post=1454"},{"taxonomy":"product_tag","embeddable":true,"href":"https:\/\/www.roentgen-service.ch\/it\/wp-json\/wp\/v2\/product_tag?post=1454"}],"curies":[{"name":"wp","href":"https:\/\/api.w.org\/{rel}","templated":true}]}}