{"id":1444,"date":"2025-01-22T08:53:46","date_gmt":"2025-01-22T07:53:46","guid":{"rendered":"https:\/\/www.roentgen-service.ch\/?post_type=product&#038;p=1444"},"modified":"2025-02-05T11:23:36","modified_gmt":"2025-02-05T10:23:36","slug":"leonardo-dr-nano","status":"publish","type":"product","link":"https:\/\/www.roentgen-service.ch\/it\/prodotto\/medicina-veterinaria\/sistemi-roentgen-portatili-v\/leonardo-dr-nano\/","title":{"rendered":"Leonardo DR nano"},"content":{"rendered":"<p>Il Leonardo DR nano di Oehm e Rehbein \u00e8 un sistema a zaino a raggi X digitali ultraleggero e portatile per la medicina veterinaria, composto da un rilevatore di raggi X wireless e da un notebook.<\/p>\n<p>Con un peso totale di circa 9 kg, il sistema Leonardo DR nano \u00e8 una delle soluzioni radiografiche portatili pi\u00f9 leggere al mondo. Consente agli utenti di eseguire radiografie digitali ambulatoriali in qualsiasi momento e quasi ovunque, senza essere ostacolati da una limitata libert\u00e0 di movimento o da cavi aggrovigliati.<\/p>\n<p>Grazie alla semplicit\u00e0 d'uso, anche le persone con scarsa formazione in campo radiologico possono creare immagini radiografiche ottimali. L'assistente radiografico integrato fornisce un ulteriore supporto con video per il corretto posizionamento del paziente. Il sistema Leonardo DR nano pu\u00f2 essere utilizzato anche in spazi ristretti, poich\u00e9 l'unit\u00e0 radiografica e il rivelatore comunicano in modalit\u00e0 wireless con il software di acquisizione del laptop. La distanza operativa di sicurezza tra il rivelatore radiografico e il portatile pu\u00f2 raggiungere i 10 metri.<\/p>\n<p>Una volta attivata la radiografia, le immagini possono essere visualizzate immediatamente sul computer portatile e, se necessario, inoltrate al proprietario dell'animale o al consulente esperto tramite un'interfaccia cloud o un'e-mail.<\/p>\n<p>Grazie al peso e al volume ridotti, il sistema Leonardo DR nano pu\u00f2 essere utilizzato in diversi modi, sia in uno studio veterinario che in una clinica equina o in una struttura universitaria.<\/p>","protected":false},"excerpt":{"rendered":"<p>Sistema a raggi X portatile e ultraleggero in formato zaino.<\/p>\n<ul>\n<li>Migliore qualit\u00e0 dell'immagine: Rivelatore a raggi X CsI ad alta risoluzione<\/li>\n<li>Semplice: funzionamento intuitivo e flussi di lavoro efficienti<\/li>\n<li>Compatto: ideale per l'uso portatile<\/li>\n<li>Complessivo: opzioni di applicazione versatili<\/li>\n<\/ul>","protected":false},"featured_media":1706,"template":"","meta":[],"product_cat":[54],"product_tag":[],"acf":[],"_links":{"self":[{"href":"https:\/\/www.roentgen-service.ch\/it\/wp-json\/wp\/v2\/product\/1444"}],"collection":[{"href":"https:\/\/www.roentgen-service.ch\/it\/wp-json\/wp\/v2\/product"}],"about":[{"href":"https:\/\/www.roentgen-service.ch\/it\/wp-json\/wp\/v2\/types\/product"}],"wp:featuredmedia":[{"embeddable":true,"href":"https:\/\/www.roentgen-service.ch\/it\/wp-json\/wp\/v2\/media\/1706"}],"wp:attachment":[{"href":"https:\/\/www.roentgen-service.ch\/it\/wp-json\/wp\/v2\/media?parent=1444"}],"wp:term":[{"taxonomy":"product_cat","embeddable":true,"href":"https:\/\/www.roentgen-service.ch\/it\/wp-json\/wp\/v2\/product_cat?post=1444"},{"taxonomy":"product_tag","embeddable":true,"href":"https:\/\/www.roentgen-service.ch\/it\/wp-json\/wp\/v2\/product_tag?post=1444"}],"curies":[{"name":"wp","href":"https:\/\/api.w.org\/{rel}","templated":true}]}}