{"id":1426,"date":"2025-01-21T12:05:19","date_gmt":"2025-01-21T11:05:19","guid":{"rendered":"https:\/\/www.roentgen-service.ch\/?post_type=product&#038;p=1426"},"modified":"2025-02-05T11:23:25","modified_gmt":"2025-02-05T10:23:25","slug":"sistema-amadeo-v-nano-ii","status":"publish","type":"product","link":"https:\/\/www.roentgen-service.ch\/it\/prodotto\/medicina-veterinaria\/sistemi-roentgen-stazionari-medicina-veterinaria\/sistema-amadeo-v-nano-ii\/","title":{"rendered":"Sistema Amadeo V nano II"},"content":{"rendered":"<p>La nostra soluzione economica per tutte le pi\u00f9 comuni immagini radiografiche di piccoli animali: Il sistema radiografico digitale completo con attacco standard di Oehm und Rehbein.<\/p>\n<p>L'apparecchio radiografico Amadeo V nano II \u00e8 stato concepito appositamente per le esigenze della medicina veterinaria ed \u00e8 particolarmente adatto agli ambulatori per piccoli animali. Il tavolo flottante a 4 vie, completamente piatto e privo di supporti, susciter\u00e0 sicuramente entusiasmo.<\/p>\n<p>Il generatore ad alta frequenza da 5,6 kW \u00e8 integrato direttamente nel tavolo radiografico ed \u00e8 dotato di una visiera luminosa rotante. Il piano del tavolo pu\u00f2 essere spostato molto facilmente grazie al freno a pedale del tavolo. Per l'alimentazione \u00e8 sufficiente un collegamento a una presa standard da 230 V, in modo da non richiedere grandi lavori di conversione negli ambulatori per piccoli animali.<\/p>\n<p>La procedura radiografica pu\u00f2 essere preparata e attivata con l'interruttore a pedale a 2 livelli. Un ampio cassetto integrato con due scomparti offre spazio sufficiente per riporre ausili e altre piccole parti.<\/p>","protected":false},"excerpt":{"rendered":"<p>Sistema radiografico digitale completo ed economico con connessione a presa standard.<\/p>\n<ul>\n<li>Migliore qualit\u00e0 dell'immagine: Rivelatore a raggi X CsI ad alta risoluzione<\/li>\n<li>Semplice: funzionamento intuitivo e flussi di lavoro efficienti<\/li>\n<li>Compatto: ideale per ambienti piccoli<\/li>\n<li>Completo: adatto a tutte le immagini radiografiche pi\u00f9 comuni<\/li>\n<\/ul>","protected":false},"featured_media":1429,"template":"","meta":[],"product_cat":[53],"product_tag":[],"acf":[],"_links":{"self":[{"href":"https:\/\/www.roentgen-service.ch\/it\/wp-json\/wp\/v2\/product\/1426"}],"collection":[{"href":"https:\/\/www.roentgen-service.ch\/it\/wp-json\/wp\/v2\/product"}],"about":[{"href":"https:\/\/www.roentgen-service.ch\/it\/wp-json\/wp\/v2\/types\/product"}],"wp:featuredmedia":[{"embeddable":true,"href":"https:\/\/www.roentgen-service.ch\/it\/wp-json\/wp\/v2\/media\/1429"}],"wp:attachment":[{"href":"https:\/\/www.roentgen-service.ch\/it\/wp-json\/wp\/v2\/media?parent=1426"}],"wp:term":[{"taxonomy":"product_cat","embeddable":true,"href":"https:\/\/www.roentgen-service.ch\/it\/wp-json\/wp\/v2\/product_cat?post=1426"},{"taxonomy":"product_tag","embeddable":true,"href":"https:\/\/www.roentgen-service.ch\/it\/wp-json\/wp\/v2\/product_tag?post=1426"}],"curies":[{"name":"wp","href":"https:\/\/api.w.org\/{rel}","templated":true}]}}