{"id":1414,"date":"2025-01-21T11:49:40","date_gmt":"2025-01-21T10:49:40","guid":{"rendered":"https:\/\/www.roentgen-service.ch\/?post_type=product&#038;p=1414"},"modified":"2025-02-05T11:23:21","modified_gmt":"2025-02-05T10:23:21","slug":"sistema-amadeo-v-mini-ii","status":"publish","type":"product","link":"https:\/\/www.roentgen-service.ch\/it\/prodotto\/medicina-veterinaria\/sistemi-roentgen-stazionari-medicina-veterinaria\/sistema-amadeo-v-mini-ii\/","title":{"rendered":"Sistema Amadeo V mini II"},"content":{"rendered":"<p>La nostra soluzione per tutte le pi\u00f9 comuni immagini radiografiche di piccoli animali: Il sistema radiografico digitale completo con attacco standard di Oehm und Rehbein.<\/p>\n<p>L'apparecchio radiografico Amadeo V mini II \u00e8 stato concepito appositamente per le esigenze della medicina veterinaria ed \u00e8 ideale per gli ambulatori di piccoli animali. Il tavolo flottante a 4 vie, completamente piatto e senza schienale, garantisce un livello di entusiasmo altrettanto elevato.<\/p>\n<p>Il PC e un cassetto per la conservazione degli ausili sono integrati direttamente nel tavolo radiografico per risparmiare spazio. Anche il generatore ad alta frequenza da 32kW con visore luminoso rotante \u00e8 integrato nel tavolo. Il freno a pedale del tavolo pu\u00f2 essere utilizzato per arrestare il movimento del piano e per azionare la luce del collimatore. Per l'alimentazione \u00e8 sufficiente il collegamento a una presa di corrente standard da 230 V, in modo che non siano necessari grandi lavori di conversione nella pratica dei piccoli animali.<\/p>\n<p>Il monitor touchscreen orientabile a 180\u00b0 e regolabile in altezza consente di utilizzare comodamente il software radiografico (acquisizione e diagnosi) anche negli spazi pi\u00f9 ridotti.<\/p>","protected":false},"excerpt":{"rendered":"<p>Sistema radiografico digitale completo con connessione a presa standard.<\/p>\n<ul>\n<li>Migliore qualit\u00e0 dell'immagine: Rivelatore a raggi X CsI ad alta risoluzione<\/li>\n<li>Semplice: funzionamento intuitivo e flussi di lavoro efficienti<\/li>\n<li>Compatto: ideale per ambienti piccoli<\/li>\n<li>Completo: adatto a tutte le immagini radiografiche pi\u00f9 comuni<\/li>\n<\/ul>","protected":false},"featured_media":1419,"template":"","meta":[],"product_cat":[53],"product_tag":[],"acf":[],"_links":{"self":[{"href":"https:\/\/www.roentgen-service.ch\/it\/wp-json\/wp\/v2\/product\/1414"}],"collection":[{"href":"https:\/\/www.roentgen-service.ch\/it\/wp-json\/wp\/v2\/product"}],"about":[{"href":"https:\/\/www.roentgen-service.ch\/it\/wp-json\/wp\/v2\/types\/product"}],"wp:featuredmedia":[{"embeddable":true,"href":"https:\/\/www.roentgen-service.ch\/it\/wp-json\/wp\/v2\/media\/1419"}],"wp:attachment":[{"href":"https:\/\/www.roentgen-service.ch\/it\/wp-json\/wp\/v2\/media?parent=1414"}],"wp:term":[{"taxonomy":"product_cat","embeddable":true,"href":"https:\/\/www.roentgen-service.ch\/it\/wp-json\/wp\/v2\/product_cat?post=1414"},{"taxonomy":"product_tag","embeddable":true,"href":"https:\/\/www.roentgen-service.ch\/it\/wp-json\/wp\/v2\/product_tag?post=1414"}],"curies":[{"name":"wp","href":"https:\/\/api.w.org\/{rel}","templated":true}]}}