{"id":968,"date":"2023-08-02T17:31:08","date_gmt":"2023-08-02T15:31:08","guid":{"rendered":"https:\/\/roentgen-service.dev.hayloft-it.ch\/?page_id=968"},"modified":"2023-11-08T07:43:50","modified_gmt":"2023-11-08T06:43:50","slug":"impronta","status":"publish","type":"page","link":"https:\/\/www.roentgen-service.ch\/it\/impronta\/","title":{"rendered":"Impronta"},"content":{"rendered":"<h1 class=\"wp-block-heading\">Impronta<\/h1>\n\n\n\n<p><b>Autorit\u00e0 responsabile<\/b><br\/>R\u00f6ntgen Service AG<br\/>Meierhofweg 4<br\/>6032 Emmen<br\/>Svizzera<br\/><strong>e-mail<\/strong>: kontakt@roentgen-service.ch<br\/><br\/><strong>Persone autorizzate a rappresentare la societ\u00e0<\/strong><br\/>Damian Widmer (firma unica) \/ Amministratore delegato<br\/>Manuel Widmer (firma unica)<br\/>Andreas Widmer (firma collettiva con due firme)<br\/><br\/><strong>Nome della societ\u00e0<\/strong>R\u00f6ntgen Service AG<br\/><strong>Numero di registrazione<\/strong>CHE-107.245.253<br\/><strong>Numero di identificazione dell'imposta sulle vendite<\/strong>: CHE-107.245.253 MWST<br\/><br\/><strong>Esclusione di responsabilit\u00e0<\/strong><br\/>L'autore non si assume alcuna responsabilit\u00e0 per la correttezza, l'accuratezza, l'attualit\u00e0, l'affidabilit\u00e0 e la completezza delle informazioni.<br\/>Sono escluse le richieste di responsabilit\u00e0 nei confronti dell'autore per danni di natura materiale o immateriale derivanti dall'accesso, dall'uso o dal mancato uso delle informazioni pubblicate, dall'uso improprio della connessione o da guasti tecnici.<br\/><br\/>Tutte le offerte sono soggette a modifiche. L'autore si riserva espressamente il diritto di modificare, integrare o cancellare parti delle pagine o l'intera offerta senza preavviso o di interrompere temporaneamente o definitivamente la pubblicazione.<br\/><br\/><strong>Esclusione di responsabilit\u00e0 per i contenuti e i link<\/strong><br\/>I riferimenti e i link a siti web di terzi non rientrano nella nostra sfera di responsabilit\u00e0. Si declina ogni responsabilit\u00e0 per tali siti web. L'accesso e l'utilizzo di tali siti web \u00e8 a rischio e pericolo dell'utente.<br\/><br\/><strong>Dichiarazione di copyright<\/strong><br\/>I diritti d'autore e tutti gli altri diritti su contenuti, immagini, foto o altri file di questo sito web appartengono esclusivamente a R\u00f6ntgen Service AG o ai titolari dei diritti specificamente indicati. Per la riproduzione di qualsiasi elemento \u00e8 necessario ottenere preventivamente il consenso scritto del titolare del copyright.<br\/><br\/><strong>Fonte<\/strong>: <a style='color:inherit;text-decoration:none;' rel='nofollow' href='https:\/\/brainbox.swiss\/'>BrainBox Solutions<\/a><\/p>","protected":false},"excerpt":{"rendered":"<p>Impressum Verantwortliche InstanzR\u00f6ntgen Service AGMeierhofweg 46032 EmmenSchweizE-Mail: kontakt@roentgen-service.ch Vertretungsberechtigte PersonenDamian Widmer (Einzelunterschrift) \/ Gesch\u00e4ftsf\u00fchrerManuel Widmer (Einzelunterschrift)Andreas Widmer (Kollektivunterschrift zu zweien) Name des Unternehmens: R\u00f6ntgen Service AGRegistrationsnummer: CHE-107.245.253Umsatzsteuer-Identifikationsnummer: CHE-107.245.253 MWST HaftungsausschlussDer Autor \u00fcbernimmt keine Gew\u00e4hr f\u00fcr die Richtigkeit, Genauigkeit, Aktualit\u00e4t, Zuverl\u00e4ssigkeit und Vollst\u00e4ndigkeit der Informationen.Haftungsanspr\u00fcche gegen den Autor wegen Sch\u00e4den materieller oder immaterieller Art, die aus [&hellip;]<\/p>","protected":false},"author":1,"featured_media":0,"parent":0,"menu_order":0,"comment_status":"closed","ping_status":"closed","template":"","meta":{"footnotes":""},"acf":[],"_links":{"self":[{"href":"https:\/\/www.roentgen-service.ch\/it\/wp-json\/wp\/v2\/pages\/968"}],"collection":[{"href":"https:\/\/www.roentgen-service.ch\/it\/wp-json\/wp\/v2\/pages"}],"about":[{"href":"https:\/\/www.roentgen-service.ch\/it\/wp-json\/wp\/v2\/types\/page"}],"author":[{"embeddable":true,"href":"https:\/\/www.roentgen-service.ch\/it\/wp-json\/wp\/v2\/users\/1"}],"replies":[{"embeddable":true,"href":"https:\/\/www.roentgen-service.ch\/it\/wp-json\/wp\/v2\/comments?post=968"}],"version-history":[{"count":7,"href":"https:\/\/www.roentgen-service.ch\/it\/wp-json\/wp\/v2\/pages\/968\/revisions"}],"predecessor-version":[{"id":1328,"href":"https:\/\/www.roentgen-service.ch\/it\/wp-json\/wp\/v2\/pages\/968\/revisions\/1328"}],"wp:attachment":[{"href":"https:\/\/www.roentgen-service.ch\/it\/wp-json\/wp\/v2\/media?parent=968"}],"curies":[{"name":"wp","href":"https:\/\/api.w.org\/{rel}","templated":true}]}}