{"id":60,"date":"2022-09-26T09:47:09","date_gmt":"2022-09-26T07:47:09","guid":{"rendered":"https:\/\/roentgen-service.dev.hayloft-it.ch\/?page_id=60"},"modified":"2025-11-27T14:12:33","modified_gmt":"2025-11-27T13:12:33","slug":"chi-siamo","status":"publish","type":"page","link":"https:\/\/www.roentgen-service.ch\/it\/chi-siamo\/","title":{"rendered":"Chi siamo"},"content":{"rendered":"<h1 class=\"wp-block-heading has-text-align-left\">R\u00f6ntgen Service AG - Esperienza e innovazione dal 1973<\/h1>\n\n\n\n<p class=\"has-text-align-left\">R\u00f6ntgen Service AG \u00e8 stata fondata nel 1973 e oggi, con oltre 50 anni di esperienza, \u00e8 uno dei principali fornitori di sistemi radiologici digitali in Svizzera. Le nostre soluzioni sono utilizzate nella medicina umana e veterinaria e nell'industria. Supportiamo i nostri clienti dalla consulenza alla pianificazione, passando per la vendita, l'installazione e la formazione fino all'assistenza e al supporto, coprendo l'intera gamma della moderna tecnologia a raggi X.<\/p>\n\n\n\n<p class=\"has-text-align-left translation-block\">Sviluppiamo continuamente il nostro portafoglio in linea con il progresso tecnologico. Per la medicina umana, ci concentriamo sui sistemi radiografici digitali fissi. Per la medicina veterinaria, offriamo sistemi fissi e portatili e soluzioni per radiografie dentali digitali. Nel settore industriale, offriamo un'ampia scelta di sistemi radiografici digitali portatili che coprono una vasta gamma di applicazioni. Per tutti i sistemi forniamo l'appropriato software di acquisizione e gestione delle immagini (PACS). I pi\u00f9 alti standard di qualit\u00e0 sono per noi una cosa ovvia: abbiamo un <a rel=\"noreferrer noopener\" href=\"https:\/\/www.roentgen-service.ch\/wp-content\/uploads\/2023\/07\/zertifikat.pdf\" data-type=\"link\" data-id=\"https:\/\/www.roentgen-service.ch\/wp-content\/uploads\/2023\/07\/zertifikat.pdf\" target=\"_blank\">sistema di gestione della qualit\u00e0 certificato ISO-13485<\/a> e impieghiamo personale specializzato altamente qualificato.<\/p>\n\n\n\n<p class=\"has-text-align-left translation-block\">All'inizio la nostra attenzione era rivolta ai sistemi radiografici analogici per la medicina umana. Una pietra miliare \u00e8 stato lo sviluppo indipendente di un generatore di raggi X, un prodotto ancora oggi utilizzato in alcuni casi. Con la crescita della nostra esperienza, abbiamo ampliato la nostra attivit\u00e0 alla medicina veterinaria e alle applicazioni industriali. Da oltre dieci anni ci affidiamo costantemente ai sistemi digitali, che hanno completamente sostituito la tecnologia analogica. Tuttavia, continuiamo a offrire ai nostri clienti assistenza per i sistemi analogici esistenti. Nel corso dei decenni abbiamo anche raccolto numerosi reperti radiografici storici, che presentiamo nel nostro <a href=\"https:\/\/www.roentgen-service.ch\/it\/chi-siamo\/museo\/\" data-type=\"link\" data-id=\"https:\/\/www.roentgen-service.ch\/ueber-uns\/museum\/\">Museo della Radiografia<\/a> e che siamo lieti di rendere accessibile su appuntamento.<\/p>\n\n\n\n<p class=\"has-text-align-left\">In quanto azienda familiare tradizionale di propriet\u00e0 della famiglia Widmer, diamo consapevolmente la priorit\u00e0 all'indipendenza, lontana dalle societ\u00e0 di investimento puramente orientate al profitto. Questo approccio ci permette di concentrarci interamente sulle esigenze dei nostri clienti e di garantire la stabilit\u00e0 a lungo termine della nostra azienda. Dal 2021, R\u00f6ntgen Service AG \u00e8 gestita con impegno e orgoglio dalla terza generazione.<\/p>\n\n\n\n<h2 class=\"wp-block-heading\">Il nostro management si presenta<\/h2>\n\n\n<div class=\"alignwide wp-block-roentgen-service-employees\">\n            <article class=\"post-610 employee type-employee status-publish hentry\">\n    <div class=\"employee__thumbnail-wrapper\">\n        <img loading=\"lazy\" width=\"1024\" height=\"684\" src=\"https:\/\/www.roentgen-service.ch\/wp-content\/uploads\/2022\/12\/portrait_damian-widmer-weit-scaled-1024x684.jpg\" class=\"attachment-large size-large\" alt=\"\" decoding=\"async\" srcset=\"https:\/\/www.roentgen-service.ch\/wp-content\/uploads\/2022\/12\/portrait_damian-widmer-weit-scaled-1024x684.jpg 1024w, https:\/\/www.roentgen-service.ch\/wp-content\/uploads\/2022\/12\/portrait_damian-widmer-weit-scaled-300x200.jpg 300w, https:\/\/www.roentgen-service.ch\/wp-content\/uploads\/2022\/12\/portrait_damian-widmer-weit-scaled-768x513.jpg 768w, https:\/\/www.roentgen-service.ch\/wp-content\/uploads\/2022\/12\/portrait_damian-widmer-weit-scaled-1536x1025.jpg 1536w, https:\/\/www.roentgen-service.ch\/wp-content\/uploads\/2022\/12\/portrait_damian-widmer-weit-scaled-2048x1367.jpg 2048w, https:\/\/www.roentgen-service.ch\/wp-content\/uploads\/2022\/12\/portrait_damian-widmer-weit-scaled-900x601.jpg 900w, https:\/\/www.roentgen-service.ch\/wp-content\/uploads\/2022\/12\/portrait_damian-widmer-weit-scaled-600x401.jpg 600w\" sizes=\"(max-width: 1024px) 100vw, 1024px\" \/>        <img loading=\"lazy\" width=\"1024\" height=\"684\" src=\"https:\/\/www.roentgen-service.ch\/wp-content\/uploads\/2022\/12\/portrait_damian-widmer-scaled-1024x684.jpg\" class=\"portrait-zoom\" alt=\"\" decoding=\"async\" srcset=\"https:\/\/www.roentgen-service.ch\/wp-content\/uploads\/2022\/12\/portrait_damian-widmer-scaled-1024x684.jpg 1024w, https:\/\/www.roentgen-service.ch\/wp-content\/uploads\/2022\/12\/portrait_damian-widmer-scaled-300x200.jpg 300w, https:\/\/www.roentgen-service.ch\/wp-content\/uploads\/2022\/12\/portrait_damian-widmer-scaled-768x513.jpg 768w, https:\/\/www.roentgen-service.ch\/wp-content\/uploads\/2022\/12\/portrait_damian-widmer-scaled-1536x1025.jpg 1536w, https:\/\/www.roentgen-service.ch\/wp-content\/uploads\/2022\/12\/portrait_damian-widmer-scaled-2048x1367.jpg 2048w, https:\/\/www.roentgen-service.ch\/wp-content\/uploads\/2022\/12\/portrait_damian-widmer-scaled-900x601.jpg 900w, https:\/\/www.roentgen-service.ch\/wp-content\/uploads\/2022\/12\/portrait_damian-widmer-scaled-600x401.jpg 600w\" sizes=\"(max-width: 1024px) 100vw, 1024px\" \/>    <\/div>\n    <h3 class=\"employee__name\">Damian Widmer<\/h3>\n            <h4 class=\"employee__slogan\">\"Vantaggi per il cliente\" - I nostri clienti sono con noi da oltre mezzo secolo. Questo mi spinge a dare il massimo per loro ogni giorno.<\/h4>\n                <div class=\"employee__description\"><ul>\n<li><span class=\"TextRun Highlight SCXW173456852 BCX0\" lang=\"DE-CH\" xml:lang=\"DE-CH\" data-contrast=\"auto\"><span class=\"NormalTextRun SCXW173456852 BCX0\">CEO \/ Membro del Consiglio di amministrazione<\/span><\/span><\/li>\n<li>Vendite \/ Radiografia digitale<\/li>\n<\/ul>\n<\/div>\n    <\/article>\n            <article class=\"post-252 employee type-employee status-publish hentry\">\n    <div class=\"employee__thumbnail-wrapper\">\n        <img loading=\"lazy\" width=\"1024\" height=\"684\" src=\"https:\/\/www.roentgen-service.ch\/wp-content\/uploads\/2022\/11\/portrait_manuel-widmer-weit-scaled-1024x684.jpg\" class=\"attachment-large size-large\" alt=\"\" decoding=\"async\" srcset=\"https:\/\/www.roentgen-service.ch\/wp-content\/uploads\/2022\/11\/portrait_manuel-widmer-weit-scaled-1024x684.jpg 1024w, https:\/\/www.roentgen-service.ch\/wp-content\/uploads\/2022\/11\/portrait_manuel-widmer-weit-scaled-300x200.jpg 300w, https:\/\/www.roentgen-service.ch\/wp-content\/uploads\/2022\/11\/portrait_manuel-widmer-weit-scaled-768x513.jpg 768w, https:\/\/www.roentgen-service.ch\/wp-content\/uploads\/2022\/11\/portrait_manuel-widmer-weit-scaled-1536x1025.jpg 1536w, https:\/\/www.roentgen-service.ch\/wp-content\/uploads\/2022\/11\/portrait_manuel-widmer-weit-scaled-2048x1367.jpg 2048w, https:\/\/www.roentgen-service.ch\/wp-content\/uploads\/2022\/11\/portrait_manuel-widmer-weit-scaled-900x601.jpg 900w, https:\/\/www.roentgen-service.ch\/wp-content\/uploads\/2022\/11\/portrait_manuel-widmer-weit-scaled-600x401.jpg 600w\" sizes=\"(max-width: 1024px) 100vw, 1024px\" \/>        <img loading=\"lazy\" width=\"1024\" height=\"684\" src=\"https:\/\/www.roentgen-service.ch\/wp-content\/uploads\/2022\/11\/portrait_manuel-widmer-scaled-1024x684.jpg\" class=\"portrait-zoom\" alt=\"\" decoding=\"async\" srcset=\"https:\/\/www.roentgen-service.ch\/wp-content\/uploads\/2022\/11\/portrait_manuel-widmer-scaled-1024x684.jpg 1024w, https:\/\/www.roentgen-service.ch\/wp-content\/uploads\/2022\/11\/portrait_manuel-widmer-scaled-300x200.jpg 300w, https:\/\/www.roentgen-service.ch\/wp-content\/uploads\/2022\/11\/portrait_manuel-widmer-scaled-768x513.jpg 768w, https:\/\/www.roentgen-service.ch\/wp-content\/uploads\/2022\/11\/portrait_manuel-widmer-scaled-1536x1025.jpg 1536w, https:\/\/www.roentgen-service.ch\/wp-content\/uploads\/2022\/11\/portrait_manuel-widmer-scaled-2048x1367.jpg 2048w, https:\/\/www.roentgen-service.ch\/wp-content\/uploads\/2022\/11\/portrait_manuel-widmer-scaled-900x601.jpg 900w, https:\/\/www.roentgen-service.ch\/wp-content\/uploads\/2022\/11\/portrait_manuel-widmer-scaled-600x401.jpg 600w\" sizes=\"(max-width: 1024px) 100vw, 1024px\" \/>    <\/div>\n    <h3 class=\"employee__name\">Manuel Widmer<\/h3>\n            <h4 class=\"employee__slogan\">\"Innovazione\" - La mia laurea in ingegneria elettronica mi aiuta a selezionare sempre i prodotti migliori per i nostri clienti.<\/h4>\n                <div class=\"employee__description\"><ul>\n<li><span class=\"TextRun Highlight SCXW86163940 BCX0\" lang=\"DE-CH\" xml:lang=\"DE-CH\" data-contrast=\"auto\"><span class=\"NormalTextRun SCXW86163940 BCX0\">Presidente del Consiglio di amministrazione<\/span><\/span><\/li>\n<li>Qualit\u00e0 \/ Tecnologia<\/li>\n<\/ul>\n<\/div>\n    <\/article>\n            <article class=\"post-600 employee type-employee status-publish hentry\">\n    <div class=\"employee__thumbnail-wrapper\">\n        <img loading=\"lazy\" width=\"1024\" height=\"684\" src=\"https:\/\/www.roentgen-service.ch\/wp-content\/uploads\/2022\/12\/portrait_andreas-widmer-weit-scaled-1024x684.jpg\" class=\"attachment-large size-large\" alt=\"\" decoding=\"async\" srcset=\"https:\/\/www.roentgen-service.ch\/wp-content\/uploads\/2022\/12\/portrait_andreas-widmer-weit-scaled-1024x684.jpg 1024w, https:\/\/www.roentgen-service.ch\/wp-content\/uploads\/2022\/12\/portrait_andreas-widmer-weit-scaled-300x200.jpg 300w, https:\/\/www.roentgen-service.ch\/wp-content\/uploads\/2022\/12\/portrait_andreas-widmer-weit-scaled-768x513.jpg 768w, https:\/\/www.roentgen-service.ch\/wp-content\/uploads\/2022\/12\/portrait_andreas-widmer-weit-scaled-1536x1025.jpg 1536w, https:\/\/www.roentgen-service.ch\/wp-content\/uploads\/2022\/12\/portrait_andreas-widmer-weit-scaled-2048x1367.jpg 2048w, https:\/\/www.roentgen-service.ch\/wp-content\/uploads\/2022\/12\/portrait_andreas-widmer-weit-scaled-900x601.jpg 900w, https:\/\/www.roentgen-service.ch\/wp-content\/uploads\/2022\/12\/portrait_andreas-widmer-weit-scaled-600x401.jpg 600w\" sizes=\"(max-width: 1024px) 100vw, 1024px\" \/>        <img loading=\"lazy\" width=\"1024\" height=\"684\" src=\"https:\/\/www.roentgen-service.ch\/wp-content\/uploads\/2022\/12\/portrait_andreas-widmer-scaled-1024x684.jpg\" class=\"portrait-zoom\" alt=\"\" decoding=\"async\" srcset=\"https:\/\/www.roentgen-service.ch\/wp-content\/uploads\/2022\/12\/portrait_andreas-widmer-scaled-1024x684.jpg 1024w, https:\/\/www.roentgen-service.ch\/wp-content\/uploads\/2022\/12\/portrait_andreas-widmer-scaled-300x200.jpg 300w, https:\/\/www.roentgen-service.ch\/wp-content\/uploads\/2022\/12\/portrait_andreas-widmer-scaled-768x513.jpg 768w, https:\/\/www.roentgen-service.ch\/wp-content\/uploads\/2022\/12\/portrait_andreas-widmer-scaled-1536x1025.jpg 1536w, https:\/\/www.roentgen-service.ch\/wp-content\/uploads\/2022\/12\/portrait_andreas-widmer-scaled-2048x1367.jpg 2048w, https:\/\/www.roentgen-service.ch\/wp-content\/uploads\/2022\/12\/portrait_andreas-widmer-scaled-900x601.jpg 900w, https:\/\/www.roentgen-service.ch\/wp-content\/uploads\/2022\/12\/portrait_andreas-widmer-scaled-600x401.jpg 600w\" sizes=\"(max-width: 1024px) 100vw, 1024px\" \/>    <\/div>\n    <h3 class=\"employee__name\">Andreas Widmer<\/h3>\n            <h4 class=\"employee__slogan\">\"Coerenza\" - Per me \u00e8 molto importante sostenere la terza generazione con tutto il mio bagaglio di esperienza.<\/h4>\n                <div class=\"employee__description\"><ul>\n<li><span class=\"TextRun Highlight SCXW137964176 BCX0\" lang=\"DE-CH\" xml:lang=\"DE-CH\" data-contrast=\"auto\"><span class=\"NormalTextRun SCXW137964176 BCX0\">Membro del Consiglio di amministrazione<\/span><\/span><\/li>\n<li>Radiografia analogica<\/li>\n<\/ul>\n<\/div>\n    <\/article>\n    <\/div>\n\n\n<div class=\"wp-block-group alignwide has-primary-light-background-color has-background is-layout-flow wp-block-group-is-layout-flow\">\n<h2 class=\"wp-block-heading\">Perch\u00e9 R\u00f6ntgen Service?<\/h2>\n\n\n\n<div class=\"wp-block-group tiles-with-icon is-content-justification-space-between is-nowrap is-layout-flex wp-container-5 wp-block-group-is-layout-flex\">\n<div class=\"wp-block-group is-layout-constrained wp-block-group-is-layout-constrained\"><div class=\"wp-block-roentgen-service-icon\">\n    <i class=\"icon icon-comments-question-check\"><\/i>\n<\/div>\n\n\n<p>Consulenza competente e personalizzata con oltre 50 anni di esperienza<\/p>\n<\/div>\n\n\n\n<div class=\"wp-block-group is-layout-constrained wp-block-group-is-layout-constrained\"><div class=\"wp-block-roentgen-service-icon\">\n    <i class=\"icon icon-arrows-spin-thin\"><\/i>\n<\/div>\n\n\n<p>Assistenza dalla vendita, all'installazione, alla formazione, fino all'assistenza e al supporto.<\/p>\n<\/div>\n\n\n\n<div class=\"wp-block-group is-layout-constrained wp-block-group-is-layout-constrained\"><div class=\"wp-block-roentgen-service-icon\">\n    <i class=\"icon icon-handshake\"><\/i>\n<\/div>\n\n\n<p>Partner di lunga data dalla Svizzera centrale<\/p>\n<\/div>\n\n\n\n<div class=\"wp-block-group is-layout-constrained wp-block-group-is-layout-constrained\"><div class=\"wp-block-roentgen-service-icon\">\n    <i class=\"icon icon-rabbit-running-thin\"><\/i>\n<\/div>\n\n\n<p>Tempi di risposta rapidi e assistenza tramite manutenzione remota<\/p>\n<\/div>\n<\/div>\n<\/div>\n\n\n\n<div class=\"wp-block-columns alignwide are-vertically-aligned-center is-layout-flex wp-container-10 wp-block-columns-is-layout-flex\">\n<div class=\"wp-block-column is-vertically-aligned-center is-layout-flow wp-block-column-is-layout-flow\">\n<figure data-no-zoom=\"true\" class=\"wp-block-image size-large\"><a href=\"https:\/\/www.roentgen-service.ch\/it\/chi-siamo\/museo\/\"><img decoding=\"async\" src=\"https:\/\/www.roentgen-service.ch\/wp-content\/uploads\/2023\/08\/roentgenserviceag-424-10.01.23-ps-1024x683.jpg\" alt=\"\" class=\"wp-image-1060\"\/><\/a><\/figure>\n<\/div>\n\n\n\n<div class=\"wp-block-column is-vertically-aligned-center is-layout-flow wp-block-column-is-layout-flow\">\n<h2 class=\"wp-block-heading\">Scoprite il nostro museo dei raggi X - reperti della storia della radiografia<\/h2>\n\n\n\n<p>Nel nostro piccolo museo, il nostro padre fondatore, Xaver Widmer, ha creato una collezione di oggetti e letteratura sulla storia dei raggi X probabilmente unica in Europa. Oltre ai tubi a raggi X che hanno pi\u00f9 di 100 anni, si possono ammirare anche i primi sistemi a raggi X utilizzati in commercio. Il museo \u00e8 stato gradualmente ampliato e ora mostra lo sviluppo tecnico dei sistemi a raggi X dagli anni '20 fino ai moderni sistemi a raggi X digitali.<\/p>\n\n\n\n<div class=\"wp-block-buttons is-layout-flex wp-block-buttons-is-layout-flex\">\n<div class=\"wp-block-button\"><a class=\"wp-block-button__link wp-element-button\" href=\"https:\/\/www.roentgen-service.ch\/it\/chi-siamo\/museo\/\">Per saperne di pi\u00f9<\/a><\/div>\n<\/div>\n<\/div>\n<\/div>","protected":false},"excerpt":{"rendered":"<p>R\u00f6ntgen Service AG \u2013 Erfahrung und Innovation seit 1973 Die R\u00f6ntgen Service AG wurde 1973 gegr\u00fcndet und z\u00e4hlt heute \u2013 mit \u00fcber 50 Jahren Erfahrung \u2013 zu den f\u00fchrenden Anbietern digitaler R\u00f6ntgensysteme in der Schweiz. Unsere L\u00f6sungen finden Anwendung in der Human- und Veterin\u00e4rmedizin sowie in der Industrie. Wir begleiten unsere Kunden von der Beratung [&hellip;]<\/p>","protected":false},"author":1,"featured_media":0,"parent":0,"menu_order":0,"comment_status":"closed","ping_status":"closed","template":"","meta":{"footnotes":""},"acf":[],"_links":{"self":[{"href":"https:\/\/www.roentgen-service.ch\/it\/wp-json\/wp\/v2\/pages\/60"}],"collection":[{"href":"https:\/\/www.roentgen-service.ch\/it\/wp-json\/wp\/v2\/pages"}],"about":[{"href":"https:\/\/www.roentgen-service.ch\/it\/wp-json\/wp\/v2\/types\/page"}],"author":[{"embeddable":true,"href":"https:\/\/www.roentgen-service.ch\/it\/wp-json\/wp\/v2\/users\/1"}],"replies":[{"embeddable":true,"href":"https:\/\/www.roentgen-service.ch\/it\/wp-json\/wp\/v2\/comments?post=60"}],"version-history":[{"count":62,"href":"https:\/\/www.roentgen-service.ch\/it\/wp-json\/wp\/v2\/pages\/60\/revisions"}],"predecessor-version":[{"id":2033,"href":"https:\/\/www.roentgen-service.ch\/it\/wp-json\/wp\/v2\/pages\/60\/revisions\/2033"}],"wp:attachment":[{"href":"https:\/\/www.roentgen-service.ch\/it\/wp-json\/wp\/v2\/media?parent=60"}],"curies":[{"name":"wp","href":"https:\/\/api.w.org\/{rel}","templated":true}]}}