{"id":58,"date":"2022-09-26T09:46:58","date_gmt":"2022-09-26T07:46:58","guid":{"rendered":"https:\/\/roentgen-service.dev.hayloft-it.ch\/?page_id=58"},"modified":"2025-11-03T09:47:56","modified_gmt":"2025-11-03T08:47:56","slug":"servizio","status":"publish","type":"page","link":"https:\/\/www.roentgen-service.ch\/it\/servizio\/","title":{"rendered":"Servizio"},"content":{"rendered":"<h1 class=\"wp-block-heading has-text-align-left\">Assistenza per il vostro sistema a raggi X<\/h1>\n\n\n\n<p class=\"has-text-align-left\">Anche se l'introduzione delle radiografie digitali ha semplificato i sistemi e ridotto notevolmente i costi operativi, i sistemi moderni non possono fare a meno di un'attenta manutenzione.<\/p>\n\n\n\n<p class=\"has-text-align-left\">Inoltre, a seconda del settore di applicazione, esistono diverse disposizioni di legge per quanto riguarda gli intervalli di manutenzione e la portata della manutenzione. Tuttavia, per mantenere le prestazioni, la durata e la qualit\u00e0 dell'immagine del sistema radiografico a un livello ottimale, si consiglia di eseguire tutti gli interventi di manutenzione previsti dal seguente programma di manutenzione, in cui gli intervalli valgono sia per il sistema radiografico che per il sistema di ricezione delle immagini.<\/p>\n\n\n\n<p class=\"has-text-align-left\">Ci rivolgiamo ai nostri clienti in tempo utile per gli interventi di manutenzione prescritti dalla legge. I servizi raccomandati possono essere inclusi individualmente nel piano di assistenza dai nostri clienti, a seconda delle esigenze.<\/p>\n\n\n\n<p class=\"has-text-align-left\">Attualmente non esistono norme di legge relative alla manutenzione e agli intervalli di manutenzione per le applicazioni industriali. Tuttavia, consigliamo di collaborare con noi per elaborare un piano di assistenza personalizzato.<\/p>\n\n\n<div class=\"wp-block-roentgen-service-timeline\">\n    <div class=\"wp-block-buttons\">\n                    <div class=\"wp-block-button is-style-outline\" data-active=\"true\">\n                <a href=\"\/it\/wp-json\/wp\/v2\/pages\/58?area=human\" class=\"wp-block-button__link\">\n                    Medicina umana                <\/a>\n            <\/div>\n                    <div class=\"wp-block-button is-style-outline\" data-active=\"false\">\n                <a href=\"\/it\/wp-json\/wp\/v2\/pages\/58?area=veterinary\" class=\"wp-block-button__link\">\n                    Medicina veterinaria                <\/a>\n            <\/div>\n            <\/div>\n    <div class=\"timeline\">\n                    <div class=\"timeline__step\">\n                <div class=\"timeline__step-media\">\n                                            <i class=\"icon icon-check\"><\/i>\n                                    <\/div>\n                <div class=\"timeline__substeps\">\n                                            <div class=\"timeline__substep\" data-mandatory=\"true\">\n                                                            <h4 class=\"timeline__subtitle\"><p>Durante la messa in servizio<\/p>\n<\/h4>\n                                                        <div class=\"timeline__title-wrapper\">\n                                <h3 class=\"timeline__title\"><p>Test di accettazione<\/p>\n<\/h3>\n                                                            <\/div>\n                                                            <div class=\"timeline__description\"><p>Eseguiamo un test di accettazione subito dopo l'installazione. Il sistema pu\u00f2 quindi essere utilizzato con la migliore qualit\u00e0 possibile.<\/p>\n<\/div>\n                                                    <\/div>\n                                    <\/div>\n            <\/div>\n                    <div class=\"timeline__step\">\n                <div class=\"timeline__step-media\">\n                                            <i class=\"icon icon-glasses\"><\/i>\n                                    <\/div>\n                <div class=\"timeline__substeps\">\n                                            <div class=\"timeline__substep\" data-mandatory=\"true\">\n                                                            <h4 class=\"timeline__subtitle\"><p><strong>Un anno<\/strong> dopo la messa in servizio<\/p>\n<\/h4>\n                                                        <div class=\"timeline__title-wrapper\">\n                                <h3 class=\"timeline__title\"><p><strong>1.<\/strong> Test di costanza<\/p>\n<\/h3>\n                                                            <\/div>\n                                                            <div class=\"timeline__description\"><p><span class=\"TextRun SCXW140200482 BCX0\" lang=\"DE-CH\" xml:lang=\"DE-CH\" data-contrast=\"none\"><span class=\"NormalTextRun SCXW140200482 BCX0\">Vi contatteremo automaticamente per il controllo annuale della costanza prescritto dall'UFSP.<\/span><\/span><\/p>\n<\/div>\n                                                    <\/div>\n                                            <div class=\"timeline__substep\" data-mandatory=\"true\">\n                                                            <h4 class=\"timeline__subtitle\"><p><strong>Due anni<\/strong> dopo la messa in servizio<\/p>\n<\/h4>\n                                                        <div class=\"timeline__title-wrapper\">\n                                <h3 class=\"timeline__title\"><p><strong>2.<\/strong> Test di costanza<\/p>\n<\/h3>\n                                                            <\/div>\n                                                            <div class=\"timeline__description\"><p><span class=\"TextRun SCXW140200482 BCX0\" lang=\"DE-CH\" xml:lang=\"DE-CH\" data-contrast=\"none\"><span class=\"NormalTextRun SCXW140200482 BCX0\">Vi contatteremo automaticamente per il controllo annuale della costanza prescritto dall'UFSP.<\/span><\/span><\/p>\n<\/div>\n                                                    <\/div>\n                                            <div class=\"timeline__substep\" data-mandatory=\"true\">\n                                                            <h4 class=\"timeline__subtitle\"><p><strong>Tre anni<\/strong> dopo la messa in servizio<\/p>\n<\/h4>\n                                                        <div class=\"timeline__title-wrapper\">\n                                <h3 class=\"timeline__title\"><p><strong>3.<\/strong> Test di costanza<\/p>\n<\/h3>\n                                                            <\/div>\n                                                            <div class=\"timeline__description\"><p><span class=\"TextRun SCXW140200482 BCX0\" lang=\"DE-CH\" xml:lang=\"DE-CH\" data-contrast=\"none\"><span class=\"NormalTextRun SCXW140200482 BCX0\">Vi contatteremo automaticamente per il controllo annuale della costanza prescritto dall'UFSP.<\/span><\/span><\/p>\n<\/div>\n                                                    <\/div>\n                                            <div class=\"timeline__substep\" data-mandatory=\"false\">\n                                                            <h4 class=\"timeline__subtitle\"><p><strong>Tre anni<\/strong> dopo la messa in servizio<\/p>\n<\/h4>\n                                                        <div class=\"timeline__title-wrapper\">\n                                <h3 class=\"timeline__title\"><p>Manutenzione del generatore<\/p>\n<\/h3>\n                                                                    <span class=\"badge\">raccomandato<\/span>\n                                                            <\/div>\n                                                            <div class=\"timeline__description\"><\/div>\n                                                    <\/div>\n                                            <div class=\"timeline__substep\" data-mandatory=\"true\">\n                                                            <h4 class=\"timeline__subtitle\"><p><strong>Quattro anni<\/strong> dopo la messa in servizio<\/p>\n<\/h4>\n                                                        <div class=\"timeline__title-wrapper\">\n                                <h3 class=\"timeline__title\"><p><strong>4.<\/strong> Test di costanza<\/p>\n<\/h3>\n                                                            <\/div>\n                                                            <div class=\"timeline__description\"><p><span class=\"TextRun SCXW140200482 BCX0\" lang=\"DE-CH\" xml:lang=\"DE-CH\" data-contrast=\"none\"><span class=\"NormalTextRun SCXW140200482 BCX0\">Vi contatteremo automaticamente per il controllo annuale della costanza prescritto dall'UFSP.<\/span><\/span><\/p>\n<\/div>\n                                                    <\/div>\n                                            <div class=\"timeline__substep\" data-mandatory=\"true\">\n                                                            <h4 class=\"timeline__subtitle\"><p><strong>Cinque anni<\/strong> dopo la messa in servizio<\/p>\n<\/h4>\n                                                        <div class=\"timeline__title-wrapper\">\n                                <h3 class=\"timeline__title\"><p><strong>5.<\/strong> Test di costanza<\/p>\n<\/h3>\n                                                            <\/div>\n                                                            <div class=\"timeline__description\"><p><span class=\"TextRun SCXW140200482 BCX0\" lang=\"DE-CH\" xml:lang=\"DE-CH\" data-contrast=\"none\"><span class=\"NormalTextRun SCXW140200482 BCX0\">Vi contatteremo automaticamente per il controllo annuale della costanza prescritto dall'UFSP.<\/span><\/span><\/p>\n<\/div>\n                                                    <\/div>\n                                    <\/div>\n            <\/div>\n                    <div class=\"timeline__step\">\n                <div class=\"timeline__step-media\">\n                                            <i class=\"icon icon-gear\"><\/i>\n                                    <\/div>\n                <div class=\"timeline__substeps\">\n                                            <div class=\"timeline__substep\" data-mandatory=\"true\">\n                                                            <h4 class=\"timeline__subtitle\"><p><strong>Sei anni<\/strong> dopo la messa in servizio<\/p>\n<\/h4>\n                                                        <div class=\"timeline__title-wrapper\">\n                                <h3 class=\"timeline__title\"><p><span class=\"TextRun SCXW63832090 BCX0\" lang=\"DE-CH\" xml:lang=\"DE-CH\" data-contrast=\"none\"><span class=\"NormalTextRun SCXW63832090 BCX0\">Manutenzione con controllo delle condizioni<\/span><\/span><\/p>\n<\/h3>\n                                                            <\/div>\n                                                            <div class=\"timeline__description\"><p>Dopo 6 anni effettuiamo la manutenzione con <span class=\"TextRun SCXW55715838 BCX0\" lang=\"DE-CH\" xml:lang=\"DE-CH\" data-contrast=\"auto\"><span class=\"NormalTextRun SCXW55715838 BCX0\">Controllo delle condizioni <\/span><\/span>attraverso. Questo \u00e8 prescritto dal BAG. Anche in questo caso, vi contatteremo automaticamente.<\/p>\n<\/div>\n                                                    <\/div>\n                                    <\/div>\n            <\/div>\n                    <div class=\"timeline__step\">\n                <div class=\"timeline__step-media\">\n                                            <i class=\"icon icon-repeat\"><\/i>\n                                    <\/div>\n                <div class=\"timeline__substeps\">\n                                            <div class=\"timeline__substep\" data-mandatory=\"true\">\n                                                            <h4 class=\"timeline__subtitle\"><\/h4>\n                                                        <div class=\"timeline__title-wrapper\">\n                                <h3 class=\"timeline__title\"><p>Il ciclo si ripete<\/p>\n<\/h3>\n                                                            <\/div>\n                                                            <div class=\"timeline__description\"><p>Dopo sei anni, il ciclo ricomincia dall'inizio e il test di costanza viene ripetuto dopo un altro anno.<\/p>\n<\/div>\n                                                    <\/div>\n                                    <\/div>\n            <\/div>\n            <\/div>\n<\/div>\n\n\n<div style=\"height:30px\" aria-hidden=\"true\" class=\"wp-block-spacer\"><\/div>\n\n\n<div class=\"alignwide has-background has-primary-light-background-color wp-block-roentgen-service-contact wp-elements-c8e2eaa9eab403dc8eb6194d3acf7423\">\n    <img loading=\"lazy\" width=\"300\" height=\"200\" src=\"https:\/\/www.roentgen-service.ch\/wp-content\/uploads\/2022\/12\/portrait_damian-widmer-scaled-300x200.jpg\" class=\"attachment-medium size-medium\" alt=\"\" decoding=\"async\" srcset=\"https:\/\/www.roentgen-service.ch\/wp-content\/uploads\/2022\/12\/portrait_damian-widmer-scaled-300x200.jpg 300w, https:\/\/www.roentgen-service.ch\/wp-content\/uploads\/2022\/12\/portrait_damian-widmer-scaled-1024x684.jpg 1024w, https:\/\/www.roentgen-service.ch\/wp-content\/uploads\/2022\/12\/portrait_damian-widmer-scaled-768x513.jpg 768w, https:\/\/www.roentgen-service.ch\/wp-content\/uploads\/2022\/12\/portrait_damian-widmer-scaled-1536x1025.jpg 1536w, https:\/\/www.roentgen-service.ch\/wp-content\/uploads\/2022\/12\/portrait_damian-widmer-scaled-2048x1367.jpg 2048w, https:\/\/www.roentgen-service.ch\/wp-content\/uploads\/2022\/12\/portrait_damian-widmer-scaled-900x601.jpg 900w, https:\/\/www.roentgen-service.ch\/wp-content\/uploads\/2022\/12\/portrait_damian-widmer-scaled-600x401.jpg 600w\" sizes=\"(max-width: 300px) 100vw, 300px\" \/>    <div class=\"contact\">\n        <h2 class=\"contact__title\">Avete domande?<\/h2>\n                    <p class=\"contact__text\">Saremo lieti di consigliarvi personalmente su tutte le questioni. Se siete interessati ai nostri prodotti, saremo lieti di preparare per voi un'offerta individuale, personalizzata e ottimizzata in termini di costi e benefici.<\/p>\n                            <div class=\"wp-block-buttons contact__actions\">\n                                    <div class=\"wp-block-button contact__email\">\n                        <a href=\"mailto:kontakt@roentgen-service.ch\" class=\"wp-block-button__link has-background has-primary-background-color\">\n                            kontakt@roentgen-service.ch                        <\/a>\n                    <\/div>\n                                                    <div class=\"wp-block-button contact__phone\">\n                        <a href=\"tel:+41 41 260 02 66\" class=\"wp-block-button__link has-background has-primary-background-color\">\n                            +41 41 260 02 66                        <\/a>\n                    <\/div>\n                            <\/div>\n            <\/div>\n<\/div>","protected":false},"excerpt":{"rendered":"<p>Service f\u00fcr Ihr R\u00f6ntgensystem Auch wenn durch die Einf\u00fchrung des digitalen R\u00f6ntgens die Systeme vereinfacht wurden und die Betriebskosten entsprechend massiv gesenkt werden konnten, kommen moderne Anlagen nicht ohne sorgf\u00e4ltig ausgef\u00fchrte Wartungen aus. Des Weiteren gibt es je nach Anwendungsbereich unterschiedliche gesetzliche Vorschriften f\u00fcr die Wartungsintervalle und den Umfang der Wartung. Um die Leistung, Lebensdauer [&hellip;]<\/p>","protected":false},"author":1,"featured_media":0,"parent":0,"menu_order":0,"comment_status":"closed","ping_status":"closed","template":"","meta":{"footnotes":""},"acf":[],"_links":{"self":[{"href":"https:\/\/www.roentgen-service.ch\/it\/wp-json\/wp\/v2\/pages\/58"}],"collection":[{"href":"https:\/\/www.roentgen-service.ch\/it\/wp-json\/wp\/v2\/pages"}],"about":[{"href":"https:\/\/www.roentgen-service.ch\/it\/wp-json\/wp\/v2\/types\/page"}],"author":[{"embeddable":true,"href":"https:\/\/www.roentgen-service.ch\/it\/wp-json\/wp\/v2\/users\/1"}],"replies":[{"embeddable":true,"href":"https:\/\/www.roentgen-service.ch\/it\/wp-json\/wp\/v2\/comments?post=58"}],"version-history":[{"count":52,"href":"https:\/\/www.roentgen-service.ch\/it\/wp-json\/wp\/v2\/pages\/58\/revisions"}],"predecessor-version":[{"id":2007,"href":"https:\/\/www.roentgen-service.ch\/it\/wp-json\/wp\/v2\/pages\/58\/revisions\/2007"}],"wp:attachment":[{"href":"https:\/\/www.roentgen-service.ch\/it\/wp-json\/wp\/v2\/media?parent=58"}],"curies":[{"name":"wp","href":"https:\/\/api.w.org\/{rel}","templated":true}]}}