{"id":55,"date":"2022-09-26T09:46:42","date_gmt":"2022-09-26T07:46:42","guid":{"rendered":"https:\/\/roentgen-service.dev.hayloft-it.ch\/?page_id=55"},"modified":"2026-03-25T09:39:14","modified_gmt":"2026-03-25T08:39:14","slug":"applicazioni-industriali","status":"publish","type":"page","link":"https:\/\/www.roentgen-service.ch\/it\/applicazioni-industriali\/","title":{"rendered":"Radiografia digitale per applicazioni industriali"},"content":{"rendered":"<h1 class=\"wp-block-heading has-text-align-left\">Radiografia digitale per applicazioni industriali in Svizzera - Sistemi portatili\/mobili, PACS e soluzioni retrofit<\/h1>\n\n\n\n<p class=\"has-text-align-left\">Per noi, la radiografia digitale per le applicazioni industriali e i test sui materiali in Svizzera \u00e8 sinonimo di risultati precisi, opzioni di applicazione flessibili e processi di lavoro efficienti. Il nostro portafoglio prodotti comprende principalmente sistemi radiografici digitali portatili (mobili), soluzioni per la digitalizzazione di sistemi radiografici esistenti e sistemi di ricezione di immagini digitali all'avanguardia.<br><br>Per tutti i sistemi, offriamo un software di acquisizione e controllo intuitivo e pacchetti software PACS modulari ed espandibili, adattati al rispettivo settore di applicazione per una gestione ottimizzata delle immagini. Grazie al nostro elevato grado di personalizzazione, possiamo adattare i sistemi esattamente alle vostre esigenze, dai test non distruttivi sui materiali alle procedure di test industriali specializzati.<br><br>Grazie alla nostra esperienza pluriennale, sviluppiamo soluzioni con un rapporto costi-benefici ottimale. Su richiesta, offriamo anche sistemi usati accuratamente testati che soddisfano i nostri elevati standard di qualit\u00e0. In questo modo si ottiene una soluzione personalizzata che combina precisione tecnica ed efficienza economica.<\/p>\n\n\n\n<div class=\"wp-block-group alignwide teasers is-content-justification-left is-nowrap is-layout-flex wp-container-1 wp-block-group-is-layout-flex\"><a class=\"hentry wp-block-roentgen-service-teaser\" href=\"https:\/\/www.roentgen-service.ch\/it\/prodotti\/applicazioni-industriali\/sistemi-roentgen-portatili\/\">\n    <div class=\"teaser__thumbnail-wrapper\">\n        <img loading=\"lazy\" width=\"769\" height=\"500\" src=\"https:\/\/www.roentgen-service.ch\/wp-content\/uploads\/2025\/01\/Leonardo-DR-nano-NDT-Radiographic-Testing-1.jpg\" class=\"attachment-teaser size-teaser\" alt=\"Radiografia digitale per applicazioni industriali\" decoding=\"async\" srcset=\"https:\/\/www.roentgen-service.ch\/wp-content\/uploads\/2025\/01\/Leonardo-DR-nano-NDT-Radiographic-Testing-1.jpg 1000w, https:\/\/www.roentgen-service.ch\/wp-content\/uploads\/2025\/01\/Leonardo-DR-nano-NDT-Radiographic-Testing-1-300x195.jpg 300w, https:\/\/www.roentgen-service.ch\/wp-content\/uploads\/2025\/01\/Leonardo-DR-nano-NDT-Radiographic-Testing-1-768x499.jpg 768w, https:\/\/www.roentgen-service.ch\/wp-content\/uploads\/2025\/01\/Leonardo-DR-nano-NDT-Radiographic-Testing-1-900x585.jpg 900w, https:\/\/www.roentgen-service.ch\/wp-content\/uploads\/2025\/01\/Leonardo-DR-nano-NDT-Radiographic-Testing-1-600x390.jpg 600w\" sizes=\"(max-width: 769px) 100vw, 769px\" \/>            <\/div>\n    <div class=\"teaser__title-wrapper\">\n        <h3 class=\"teaser__title\">Sistemi radiografici portatili<\/h3>\n                    <p class=\"teaser__text\">Sistemi radiografici digitali leggeri e portatili in vari formati.<\/p>\n            <\/div>\n    <div class=\"wp-block-buttons teaser__actions\">\n        <div class=\"wp-block-button is-style-small teaser__read-more\">\n            <span class=\"wp-block-button__link\">\n                All'offerta            <\/span>\n        <\/div>\n    <\/div>\n<\/a>\n\n<a class=\"hentry wp-block-roentgen-service-teaser\" href=\"https:\/\/www.roentgen-service.ch\/it\/prodotti\/applicazioni-industriali\/industria-del-retrofit-roentgen-digitale\/\">\n    <div class=\"teaser__thumbnail-wrapper\">\n        <img loading=\"lazy\" width=\"769\" height=\"500\" src=\"https:\/\/www.roentgen-service.ch\/wp-content\/uploads\/2025\/01\/NDT-Non-Destructive-Testing-1b-1.jpg\" class=\"attachment-teaser size-teaser\" alt=\"\" decoding=\"async\" srcset=\"https:\/\/www.roentgen-service.ch\/wp-content\/uploads\/2025\/01\/NDT-Non-Destructive-Testing-1b-1.jpg 1000w, https:\/\/www.roentgen-service.ch\/wp-content\/uploads\/2025\/01\/NDT-Non-Destructive-Testing-1b-1-300x195.jpg 300w, https:\/\/www.roentgen-service.ch\/wp-content\/uploads\/2025\/01\/NDT-Non-Destructive-Testing-1b-1-768x499.jpg 768w, https:\/\/www.roentgen-service.ch\/wp-content\/uploads\/2025\/01\/NDT-Non-Destructive-Testing-1b-1-900x585.jpg 900w, https:\/\/www.roentgen-service.ch\/wp-content\/uploads\/2025\/01\/NDT-Non-Destructive-Testing-1b-1-600x390.jpg 600w\" sizes=\"(max-width: 769px) 100vw, 769px\" \/>            <\/div>\n    <div class=\"teaser__title-wrapper\">\n        <h3 class=\"teaser__title\">Soluzioni radiografiche e digitalizzazione<\/h3>\n                    <p class=\"teaser__text\">Sistemi di ricezione di immagini digitali universalmente applicabili e soluzioni di digitalizzazione per il retrofit di sistemi esistenti.<\/p>\n            <\/div>\n    <div class=\"wp-block-buttons teaser__actions\">\n        <div class=\"wp-block-button is-style-small teaser__read-more\">\n            <span class=\"wp-block-button__link\">\n                All'offerta            <\/span>\n        <\/div>\n    <\/div>\n<\/a>\n\n<a class=\"hentry wp-block-roentgen-service-teaser\" href=\"https:\/\/www.roentgen-service.ch\/it\/prodotti\/applicazioni-industriali\/industria-del-software\/software-di-registrazione-e-controllo\/\">\n    <div class=\"teaser__thumbnail-wrapper\">\n        <img loading=\"lazy\" width=\"769\" height=\"500\" src=\"https:\/\/www.roentgen-service.ch\/wp-content\/uploads\/2025\/01\/NDT-Non-Destructive-Testing-mobile-1.jpg\" class=\"attachment-teaser size-teaser\" alt=\"\" decoding=\"async\" srcset=\"https:\/\/www.roentgen-service.ch\/wp-content\/uploads\/2025\/01\/NDT-Non-Destructive-Testing-mobile-1.jpg 1000w, https:\/\/www.roentgen-service.ch\/wp-content\/uploads\/2025\/01\/NDT-Non-Destructive-Testing-mobile-1-300x195.jpg 300w, https:\/\/www.roentgen-service.ch\/wp-content\/uploads\/2025\/01\/NDT-Non-Destructive-Testing-mobile-1-768x499.jpg 768w, https:\/\/www.roentgen-service.ch\/wp-content\/uploads\/2025\/01\/NDT-Non-Destructive-Testing-mobile-1-900x585.jpg 900w, https:\/\/www.roentgen-service.ch\/wp-content\/uploads\/2025\/01\/NDT-Non-Destructive-Testing-mobile-1-600x390.jpg 600w\" sizes=\"(max-width: 769px) 100vw, 769px\" \/>            <\/div>\n    <div class=\"teaser__title-wrapper\">\n        <h3 class=\"teaser__title\">Software di registrazione e controllo<\/h3>\n                    <p class=\"teaser__text\">Software di acquisizione e controllo semplice e intuitivo per l'integrazione del sistema digitale completo a raggi X per le procedure di controllo non distruttivo nel settore industriale.<\/p>\n            <\/div>\n    <div class=\"wp-block-buttons teaser__actions\">\n        <div class=\"wp-block-button is-style-small teaser__read-more\">\n            <span class=\"wp-block-button__link\">\n                All'offerta            <\/span>\n        <\/div>\n    <\/div>\n<\/a>\n\n<a class=\"hentry wp-block-roentgen-service-teaser\" href=\"https:\/\/www.roentgen-service.ch\/it\/prodotti\/applicazioni-industriali\/industria-del-software\/industria-del-software-di-gestione-delle-immagini-pacs\/\">\n    <div class=\"teaser__thumbnail-wrapper\">\n        <img loading=\"lazy\" width=\"769\" height=\"500\" src=\"https:\/\/www.roentgen-service.ch\/wp-content\/uploads\/2025\/01\/dicondePACS-Software-NDT-Durchstrahlungspruefung-RT-1.jpg\" class=\"attachment-teaser size-teaser\" alt=\"\" decoding=\"async\" srcset=\"https:\/\/www.roentgen-service.ch\/wp-content\/uploads\/2025\/01\/dicondePACS-Software-NDT-Durchstrahlungspruefung-RT-1.jpg 1000w, https:\/\/www.roentgen-service.ch\/wp-content\/uploads\/2025\/01\/dicondePACS-Software-NDT-Durchstrahlungspruefung-RT-1-300x195.jpg 300w, https:\/\/www.roentgen-service.ch\/wp-content\/uploads\/2025\/01\/dicondePACS-Software-NDT-Durchstrahlungspruefung-RT-1-768x499.jpg 768w, https:\/\/www.roentgen-service.ch\/wp-content\/uploads\/2025\/01\/dicondePACS-Software-NDT-Durchstrahlungspruefung-RT-1-900x585.jpg 900w, https:\/\/www.roentgen-service.ch\/wp-content\/uploads\/2025\/01\/dicondePACS-Software-NDT-Durchstrahlungspruefung-RT-1-600x390.jpg 600w\" sizes=\"(max-width: 769px) 100vw, 769px\" \/>            <\/div>\n    <div class=\"teaser__title-wrapper\">\n        <h3 class=\"teaser__title\">PACS \/ gestione delle immagini<\/h3>\n                    <p class=\"teaser__text\">Moduli software PACS di base e specifici per le applicazioni per la gestione delle immagini digitali.<\/p>\n            <\/div>\n    <div class=\"wp-block-buttons teaser__actions\">\n        <div class=\"wp-block-button is-style-small teaser__read-more\">\n            <span class=\"wp-block-button__link\">\n                All'offerta            <\/span>\n        <\/div>\n    <\/div>\n<\/a>\n\n<a class=\"hentry wp-block-roentgen-service-teaser\" href=\"https:\/\/www.roentgen-service.ch\/it\/applicazioni-industriali\/accessori-per-radiografia\/\">\n    <div class=\"teaser__thumbnail-wrapper\">\n        <img loading=\"lazy\" width=\"750\" height=\"500\" src=\"https:\/\/www.roentgen-service.ch\/wp-content\/uploads\/2024\/09\/iStock-2138411222-scaled.jpg\" class=\"attachment-teaser size-teaser\" alt=\"\" decoding=\"async\" srcset=\"https:\/\/www.roentgen-service.ch\/wp-content\/uploads\/2024\/09\/iStock-2138411222-scaled.jpg 2560w, https:\/\/www.roentgen-service.ch\/wp-content\/uploads\/2024\/09\/iStock-2138411222-300x200.jpg 300w, https:\/\/www.roentgen-service.ch\/wp-content\/uploads\/2024\/09\/iStock-2138411222-1024x683.jpg 1024w, https:\/\/www.roentgen-service.ch\/wp-content\/uploads\/2024\/09\/iStock-2138411222-768x512.jpg 768w, https:\/\/www.roentgen-service.ch\/wp-content\/uploads\/2024\/09\/iStock-2138411222-1536x1024.jpg 1536w, https:\/\/www.roentgen-service.ch\/wp-content\/uploads\/2024\/09\/iStock-2138411222-2048x1365.jpg 2048w, https:\/\/www.roentgen-service.ch\/wp-content\/uploads\/2024\/09\/iStock-2138411222-900x600.jpg 900w, https:\/\/www.roentgen-service.ch\/wp-content\/uploads\/2024\/09\/iStock-2138411222-600x400.jpg 600w\" sizes=\"(max-width: 750px) 100vw, 750px\" \/>            <\/div>\n    <div class=\"teaser__title-wrapper\">\n        <h3 class=\"teaser__title\">Accessori per raggi X<\/h3>\n                    <p class=\"teaser__text\">La nostra gamma di accessori per radiografie comprende diversi accessori e ausili.<\/p>\n            <\/div>\n    <div class=\"wp-block-buttons teaser__actions\">\n        <div class=\"wp-block-button is-style-small teaser__read-more\">\n            <span class=\"wp-block-button__link\">\n                All'offerta            <\/span>\n        <\/div>\n    <\/div>\n<\/a>\n\n<a class=\"hentry has-badge wp-block-roentgen-service-teaser\" href=\"https:\/\/www.roentgen-service.ch\/it\/contatto\/\">\n    <div class=\"teaser__thumbnail-wrapper\">\n        <img loading=\"lazy\" width=\"769\" height=\"500\" src=\"https:\/\/www.roentgen-service.ch\/wp-content\/uploads\/2025\/01\/Leonardo-DR-nano-NDT-Radiographic-Testing-1.jpg\" class=\"attachment-teaser size-teaser\" alt=\"Radiografia digitale per applicazioni industriali\" decoding=\"async\" srcset=\"https:\/\/www.roentgen-service.ch\/wp-content\/uploads\/2025\/01\/Leonardo-DR-nano-NDT-Radiographic-Testing-1.jpg 1000w, https:\/\/www.roentgen-service.ch\/wp-content\/uploads\/2025\/01\/Leonardo-DR-nano-NDT-Radiographic-Testing-1-300x195.jpg 300w, https:\/\/www.roentgen-service.ch\/wp-content\/uploads\/2025\/01\/Leonardo-DR-nano-NDT-Radiographic-Testing-1-768x499.jpg 768w, https:\/\/www.roentgen-service.ch\/wp-content\/uploads\/2025\/01\/Leonardo-DR-nano-NDT-Radiographic-Testing-1-900x585.jpg 900w, https:\/\/www.roentgen-service.ch\/wp-content\/uploads\/2025\/01\/Leonardo-DR-nano-NDT-Radiographic-Testing-1-600x390.jpg 600w\" sizes=\"(max-width: 769px) 100vw, 769px\" \/>                    <span class=\"badge\">Usato<\/span>\n            <\/div>\n    <div class=\"teaser__title-wrapper\">\n        <h3 class=\"teaser__title\">Sistemi di seconda mano<\/h3>\n                    <p class=\"teaser__text\">Contattateci in qualsiasi momento se siete interessati a un sistema a raggi X usato.<\/p>\n            <\/div>\n    <div class=\"wp-block-buttons teaser__actions\">\n        <div class=\"wp-block-button is-style-small teaser__read-more\">\n            <span class=\"wp-block-button__link\">\n                Contattateci            <\/span>\n        <\/div>\n    <\/div>\n<\/a><\/div>\n\n\n\n<div class=\"wp-block-group alignwide has-primary-light-background-color has-background is-layout-flow wp-block-group-is-layout-flow\">\n<div class=\"wp-block-group is-content-justification-space-between is-layout-flex wp-container-3 wp-block-group-is-layout-flex\">\n<h2 class=\"wp-block-heading\">Lista di controllo per l'acquisto di un sistema a raggi X<\/h2>\n\n\n\n<div class=\"wp-block-buttons is-layout-flex wp-block-buttons-is-layout-flex\">\n<div class=\"wp-block-button is-style-small\"><a class=\"wp-block-button__link wp-element-button\" href=\"https:\/\/www.roentgen-service.ch\/it\/supporto\/#fragen\">Alle domande e ai suggerimenti pi\u00f9 frequenti<\/a><\/div>\n<\/div>\n<\/div>\n\n\n\n<div class=\"wp-block-group tiles-with-icon is-content-justification-space-between is-nowrap is-layout-flex wp-container-12 wp-block-group-is-layout-flex\">\n<div class=\"wp-block-group is-layout-constrained wp-block-group-is-layout-constrained\"><div class=\"wp-block-roentgen-service-icon\">\n    <i class=\"icon icon-people-robbery\"><\/i>\n<\/div>\n\n\n<div class=\"wp-block-group is-layout-constrained wp-block-group-is-layout-constrained\">\n<p><strong>Chiedete ai colleghi<\/strong><\/p>\n\n\n\n<p>Le raccomandazioni personali spesso aiutano a scegliere il fornitore giusto.<\/p>\n<\/div>\n<\/div>\n\n\n\n<div class=\"wp-block-group is-layout-constrained wp-block-group-is-layout-constrained\"><div class=\"wp-block-roentgen-service-icon\">\n    <i class=\"icon icon-glasses\"><\/i>\n<\/div>\n\n\n<div class=\"wp-block-group is-layout-constrained wp-block-group-is-layout-constrained\">\n<p><strong>Fate la vostra ricerca<\/strong><\/p>\n\n\n\n<p>Decidete voi stessi in merito ai fornitori raccomandati.<\/p>\n<\/div>\n<\/div>\n\n\n\n<div class=\"wp-block-group is-layout-constrained wp-block-group-is-layout-constrained\"><div class=\"wp-block-roentgen-service-icon\">\n    <i class=\"icon icon-comments-question-check\"><\/i>\n<\/div>\n\n\n<div class=\"wp-block-group is-layout-constrained wp-block-group-is-layout-constrained\">\n<p><strong>Lasciatevi consigliare<\/strong><\/p>\n\n\n\n<p>Una consulenza personalizzata \u00e8 essenziale per trovare il prodotto adatto.<\/p>\n<\/div>\n<\/div>\n\n\n\n<div class=\"wp-block-group is-layout-constrained wp-block-group-is-layout-constrained\"><div class=\"wp-block-roentgen-service-icon\">\n    <i class=\"icon icon-phone-volume-thin\"><\/i>\n<\/div>\n\n\n<div class=\"wp-block-group is-layout-constrained wp-block-group-is-layout-constrained\">\n<p><strong>Chiedere supporto<\/strong><\/p>\n\n\n\n<p>I problemi devono essere risolti rapidamente. Pertanto, informatevi in anticipo sull'offerta di assistenza.<\/p>\n<\/div>\n<\/div>\n<\/div>\n<\/div>","protected":false},"excerpt":{"rendered":"<p>Digitales R\u00f6ntgen f\u00fcr Industrieanwendungen in der Schweiz \u2013 Portable \/ Mobile Systeme, PACS &amp; Nachr\u00fcstl\u00f6sungen Digitales R\u00f6ntgen f\u00fcr Industrieanwendungen und Materialpr\u00fcfung in der Schweiz steht bei uns f\u00fcr pr\u00e4zise Ergebnisse, flexible Einsatzm\u00f6glichkeiten und effiziente Arbeitsprozesse. Unser Produktportfolio umfasst vor allem portable (mobile) digitale R\u00f6ntgensysteme, L\u00f6sungen zur Digitalisierung bestehender R\u00f6ntgenanlagen sowie modernste digitale Bildempf\u00e4ngersysteme. F\u00fcr alle [&hellip;]<\/p>","protected":false},"author":1,"featured_media":0,"parent":0,"menu_order":0,"comment_status":"closed","ping_status":"closed","template":"","meta":{"footnotes":""},"acf":[],"_links":{"self":[{"href":"https:\/\/www.roentgen-service.ch\/it\/wp-json\/wp\/v2\/pages\/55"}],"collection":[{"href":"https:\/\/www.roentgen-service.ch\/it\/wp-json\/wp\/v2\/pages"}],"about":[{"href":"https:\/\/www.roentgen-service.ch\/it\/wp-json\/wp\/v2\/types\/page"}],"author":[{"embeddable":true,"href":"https:\/\/www.roentgen-service.ch\/it\/wp-json\/wp\/v2\/users\/1"}],"replies":[{"embeddable":true,"href":"https:\/\/www.roentgen-service.ch\/it\/wp-json\/wp\/v2\/comments?post=55"}],"version-history":[{"count":38,"href":"https:\/\/www.roentgen-service.ch\/it\/wp-json\/wp\/v2\/pages\/55\/revisions"}],"predecessor-version":[{"id":2063,"href":"https:\/\/www.roentgen-service.ch\/it\/wp-json\/wp\/v2\/pages\/55\/revisions\/2063"}],"wp:attachment":[{"href":"https:\/\/www.roentgen-service.ch\/it\/wp-json\/wp\/v2\/media?parent=55"}],"curies":[{"name":"wp","href":"https:\/\/api.w.org\/{rel}","templated":true}]}}