{"id":53,"date":"2022-09-26T09:46:30","date_gmt":"2022-09-26T07:46:30","guid":{"rendered":"https:\/\/roentgen-service.dev.hayloft-it.ch\/?page_id=53"},"modified":"2026-03-25T09:38:50","modified_gmt":"2026-03-25T08:38:50","slug":"medicina-veterinaria","status":"publish","type":"page","link":"https:\/\/www.roentgen-service.ch\/it\/medicina-veterinaria\/","title":{"rendered":"Radiografia digitale per la medicina veterinaria"},"content":{"rendered":"<h1 class=\"wp-block-heading has-text-align-left\">Radiografia digitale per la medicina veterinaria in Svizzera - Sistemi radiografici fissi, portatili \/ mobili e dentali<\/h1>\n\n\n\n<p class=\"has-text-align-left\">Per noi, la radiografia digitale per la medicina veterinaria in Svizzera significa: massima qualit\u00e0 delle immagini, riduzione della dose di radiazioni e flussi di lavoro efficienti, personalizzati in base alle esigenze di studi veterinari, cliniche e servizi veterinari mobili. Il nostro portafoglio prodotti comprende sistemi radiografici digitali fissi e portatili (mobili), moderni sistemi radiografici dentali, soluzioni per la digitalizzazione di sistemi esistenti e innovativi sistemi di ricezione di immagini digitali.<br><br>Offriamo anche sistemi ecografici configurabili individualmente, software di acquisizione intuitivi e pacchetti software PACS modulari per una gestione ottimizzata delle immagini. Grazie alla nostra esperienza pluriennale, siamo in grado di realizzare anche richieste di personalizzazione speciali e di trovare sempre il miglior rapporto costi-benefici, anche con sistemi usati accuratamente testati su richiesta. In questo modo si ottiene una soluzione personalizzata che combina precisione medica ed efficienza economica.<\/p>\n\n\n\n<div class=\"wp-block-group alignwide teasers is-content-justification-left is-nowrap is-layout-flex wp-container-1 wp-block-group-is-layout-flex\"><a class=\"hentry wp-block-roentgen-service-teaser\" href=\"https:\/\/www.roentgen-service.ch\/it\/prodotti\/medicina-veterinaria\/sistemi-roentgen-stazionari-medicina-veterinaria\/\">\n    <div class=\"teaser__thumbnail-wrapper\">\n        <img loading=\"lazy\" width=\"769\" height=\"500\" src=\"https:\/\/www.roentgen-service.ch\/wp-content\/uploads\/2025\/01\/Amadeo-V-nano-II-digitales-X-ray-Roentgen-Komplettsystem-Vet-1.jpg\" class=\"attachment-teaser size-teaser\" alt=\"\" decoding=\"async\" srcset=\"https:\/\/www.roentgen-service.ch\/wp-content\/uploads\/2025\/01\/Amadeo-V-nano-II-digitales-X-ray-Roentgen-Komplettsystem-Vet-1.jpg 1000w, https:\/\/www.roentgen-service.ch\/wp-content\/uploads\/2025\/01\/Amadeo-V-nano-II-digitales-X-ray-Roentgen-Komplettsystem-Vet-1-300x195.jpg 300w, https:\/\/www.roentgen-service.ch\/wp-content\/uploads\/2025\/01\/Amadeo-V-nano-II-digitales-X-ray-Roentgen-Komplettsystem-Vet-1-768x499.jpg 768w, https:\/\/www.roentgen-service.ch\/wp-content\/uploads\/2025\/01\/Amadeo-V-nano-II-digitales-X-ray-Roentgen-Komplettsystem-Vet-1-900x585.jpg 900w, https:\/\/www.roentgen-service.ch\/wp-content\/uploads\/2025\/01\/Amadeo-V-nano-II-digitales-X-ray-Roentgen-Komplettsystem-Vet-1-600x390.jpg 600w\" sizes=\"(max-width: 769px) 100vw, 769px\" \/>            <\/div>\n    <div class=\"teaser__title-wrapper\">\n        <h3 class=\"teaser__title\">Sistemi radiografici fissi<\/h3>\n                    <p class=\"teaser__text\">Sistemi radiografici digitali completi e completamente integrati con compatibilit\u00e0 con le connessioni standard.<\/p>\n            <\/div>\n    <div class=\"wp-block-buttons teaser__actions\">\n        <div class=\"wp-block-button is-style-small teaser__read-more\">\n            <span class=\"wp-block-button__link\">\n                All'offerta            <\/span>\n        <\/div>\n    <\/div>\n<\/a>\n\n<a class=\"hentry wp-block-roentgen-service-teaser\" href=\"https:\/\/www.roentgen-service.ch\/it\/prodotti\/medicina-veterinaria\/sistemi-roentgen-portatili-v\/\">\n    <div class=\"teaser__thumbnail-wrapper\">\n        <img loading=\"lazy\" width=\"769\" height=\"500\" src=\"https:\/\/www.roentgen-service.ch\/wp-content\/uploads\/2025\/01\/Leonardo-DR-nano-Rucksack-fr-Roentgenuntersuchungen-vet-1.jpg\" class=\"attachment-teaser size-teaser\" alt=\"\" decoding=\"async\" srcset=\"https:\/\/www.roentgen-service.ch\/wp-content\/uploads\/2025\/01\/Leonardo-DR-nano-Rucksack-fr-Roentgenuntersuchungen-vet-1.jpg 1000w, https:\/\/www.roentgen-service.ch\/wp-content\/uploads\/2025\/01\/Leonardo-DR-nano-Rucksack-fr-Roentgenuntersuchungen-vet-1-300x195.jpg 300w, https:\/\/www.roentgen-service.ch\/wp-content\/uploads\/2025\/01\/Leonardo-DR-nano-Rucksack-fr-Roentgenuntersuchungen-vet-1-768x499.jpg 768w, https:\/\/www.roentgen-service.ch\/wp-content\/uploads\/2025\/01\/Leonardo-DR-nano-Rucksack-fr-Roentgenuntersuchungen-vet-1-900x585.jpg 900w, https:\/\/www.roentgen-service.ch\/wp-content\/uploads\/2025\/01\/Leonardo-DR-nano-Rucksack-fr-Roentgenuntersuchungen-vet-1-600x390.jpg 600w\" sizes=\"(max-width: 769px) 100vw, 769px\" \/>            <\/div>\n    <div class=\"teaser__title-wrapper\">\n        <h3 class=\"teaser__title\">Sistemi radiografici portatili<\/h3>\n                    <p class=\"teaser__text\">Sistemi radiografici digitali leggeri e portatili in vari formati.<\/p>\n            <\/div>\n    <div class=\"wp-block-buttons teaser__actions\">\n        <div class=\"wp-block-button is-style-small teaser__read-more\">\n            <span class=\"wp-block-button__link\">\n                All'offerta            <\/span>\n        <\/div>\n    <\/div>\n<\/a>\n\n<a class=\"hentry wp-block-roentgen-service-teaser\" href=\"https:\/\/www.roentgen-service.ch\/it\/prodotti\/medicina-veterinaria\/sistemi-protesici-dentali\/\">\n    <div class=\"teaser__thumbnail-wrapper\">\n        <img loading=\"lazy\" width=\"768\" height=\"500\" src=\"https:\/\/www.roentgen-service.ch\/wp-content\/uploads\/2025\/01\/Pluto-cmos-dental-detector-for-veterinary-medicine.jpg\" class=\"attachment-teaser size-teaser\" alt=\"\" decoding=\"async\" srcset=\"https:\/\/www.roentgen-service.ch\/wp-content\/uploads\/2025\/01\/Pluto-cmos-dental-detector-for-veterinary-medicine.jpg 768w, https:\/\/www.roentgen-service.ch\/wp-content\/uploads\/2025\/01\/Pluto-cmos-dental-detector-for-veterinary-medicine-300x195.jpg 300w, https:\/\/www.roentgen-service.ch\/wp-content\/uploads\/2025\/01\/Pluto-cmos-dental-detector-for-veterinary-medicine-600x391.jpg 600w\" sizes=\"(max-width: 768px) 100vw, 768px\" \/>            <\/div>\n    <div class=\"teaser__title-wrapper\">\n        <h3 class=\"teaser__title\">Sistemi radiografici dentali<\/h3>\n                    <p class=\"teaser__text\">Sistemi radiografici dentali digitali basati sulla tecnologia DR e CR (image plate).<\/p>\n            <\/div>\n    <div class=\"wp-block-buttons teaser__actions\">\n        <div class=\"wp-block-button is-style-small teaser__read-more\">\n            <span class=\"wp-block-button__link\">\n                All'offerta            <\/span>\n        <\/div>\n    <\/div>\n<\/a>\n\n<a class=\"hentry wp-block-roentgen-service-teaser\" href=\"https:\/\/www.roentgen-service.ch\/it\/prodotti\/medicina-veterinaria\/retrofit-roentgen-digitale-veterinario\/\">\n    <div class=\"teaser__thumbnail-wrapper\">\n        <img loading=\"lazy\" width=\"350\" height=\"500\" src=\"https:\/\/www.roentgen-service.ch\/wp-content\/uploads\/2025\/01\/Divario-CR-T2-digitales-Roentgen-mit-Kassetten-vet1.jpg\" class=\"attachment-teaser size-teaser\" alt=\"\" decoding=\"async\" srcset=\"https:\/\/www.roentgen-service.ch\/wp-content\/uploads\/2025\/01\/Divario-CR-T2-digitales-Roentgen-mit-Kassetten-vet1.jpg 455w, https:\/\/www.roentgen-service.ch\/wp-content\/uploads\/2025\/01\/Divario-CR-T2-digitales-Roentgen-mit-Kassetten-vet1-300x429.jpg 300w\" sizes=\"(max-width: 350px) 100vw, 350px\" \/>            <\/div>\n    <div class=\"teaser__title-wrapper\">\n        <h3 class=\"teaser__title\">Soluzioni radiografiche e digitalizzazione<\/h3>\n                    <p class=\"teaser__text\">Sistemi di ricezione di immagini digitali universalmente applicabili e soluzioni di digitalizzazione per il retrofit di sistemi esistenti.<\/p>\n            <\/div>\n    <div class=\"wp-block-buttons teaser__actions\">\n        <div class=\"wp-block-button is-style-small teaser__read-more\">\n            <span class=\"wp-block-button__link\">\n                All'offerta            <\/span>\n        <\/div>\n    <\/div>\n<\/a>\n\n<a class=\"hentry wp-block-roentgen-service-teaser\" href=\"https:\/\/www.roentgen-service.ch\/it\/prodotti\/medicina-veterinaria\/sistemi-a-ultrasuoni\/\">\n    <div class=\"teaser__thumbnail-wrapper\">\n        <img loading=\"lazy\" width=\"769\" height=\"500\" src=\"https:\/\/www.roentgen-service.ch\/wp-content\/uploads\/2025\/01\/or-sono-portable-v3-tragbares-ultraschall-system-001.jpg\" class=\"attachment-teaser size-teaser\" alt=\"\" decoding=\"async\" srcset=\"https:\/\/www.roentgen-service.ch\/wp-content\/uploads\/2025\/01\/or-sono-portable-v3-tragbares-ultraschall-system-001.jpg 1000w, https:\/\/www.roentgen-service.ch\/wp-content\/uploads\/2025\/01\/or-sono-portable-v3-tragbares-ultraschall-system-001-300x195.jpg 300w, https:\/\/www.roentgen-service.ch\/wp-content\/uploads\/2025\/01\/or-sono-portable-v3-tragbares-ultraschall-system-001-768x499.jpg 768w, https:\/\/www.roentgen-service.ch\/wp-content\/uploads\/2025\/01\/or-sono-portable-v3-tragbares-ultraschall-system-001-900x585.jpg 900w, https:\/\/www.roentgen-service.ch\/wp-content\/uploads\/2025\/01\/or-sono-portable-v3-tragbares-ultraschall-system-001-600x390.jpg 600w\" sizes=\"(max-width: 769px) 100vw, 769px\" \/>            <\/div>\n    <div class=\"teaser__title-wrapper\">\n        <h3 class=\"teaser__title\">Sistemi a ultrasuoni<\/h3>\n                    <p class=\"teaser__text\">Sistemi a ultrasuoni fissi e portatili, configurabili individualmente.<\/p>\n            <\/div>\n    <div class=\"wp-block-buttons teaser__actions\">\n        <div class=\"wp-block-button is-style-small teaser__read-more\">\n            <span class=\"wp-block-button__link\">\n                All'offerta            <\/span>\n        <\/div>\n    <\/div>\n<\/a>\n\n<a class=\"hentry wp-block-roentgen-service-teaser\" href=\"https:\/\/www.roentgen-service.ch\/it\/prodotti\/medicina-veterinaria\/software-veterinario\/pacs-gestione-delle-immagini-medicina-veterinaria\/\">\n    <div class=\"teaser__thumbnail-wrapper\">\n        <img loading=\"lazy\" width=\"769\" height=\"500\" src=\"https:\/\/www.roentgen-service.ch\/wp-content\/uploads\/2025\/01\/Bildmanagementsystems-dicomPACS-vet-1.jpg\" class=\"attachment-teaser size-teaser\" alt=\"\" decoding=\"async\" srcset=\"https:\/\/www.roentgen-service.ch\/wp-content\/uploads\/2025\/01\/Bildmanagementsystems-dicomPACS-vet-1.jpg 1000w, https:\/\/www.roentgen-service.ch\/wp-content\/uploads\/2025\/01\/Bildmanagementsystems-dicomPACS-vet-1-300x195.jpg 300w, https:\/\/www.roentgen-service.ch\/wp-content\/uploads\/2025\/01\/Bildmanagementsystems-dicomPACS-vet-1-768x499.jpg 768w, https:\/\/www.roentgen-service.ch\/wp-content\/uploads\/2025\/01\/Bildmanagementsystems-dicomPACS-vet-1-900x585.jpg 900w, https:\/\/www.roentgen-service.ch\/wp-content\/uploads\/2025\/01\/Bildmanagementsystems-dicomPACS-vet-1-600x390.jpg 600w\" sizes=\"(max-width: 769px) 100vw, 769px\" \/>            <\/div>\n    <div class=\"teaser__title-wrapper\">\n        <h3 class=\"teaser__title\">PACS \/ gestione delle immagini<\/h3>\n                    <p class=\"teaser__text\">Moduli software PACS di base e specifici per le applicazioni per la gestione delle immagini digitali.<\/p>\n            <\/div>\n    <div class=\"wp-block-buttons teaser__actions\">\n        <div class=\"wp-block-button is-style-small teaser__read-more\">\n            <span class=\"wp-block-button__link\">\n                All'offerta            <\/span>\n        <\/div>\n    <\/div>\n<\/a>\n\n<a class=\"hentry wp-block-roentgen-service-teaser\" href=\"https:\/\/www.roentgen-service.ch\/it\/prodotti\/medicina-veterinaria\/software-veterinario\/software-di-acquisizione-medicina-veterinaria\/\">\n    <div class=\"teaser__thumbnail-wrapper\">\n        <img loading=\"lazy\" width=\"769\" height=\"500\" src=\"https:\/\/www.roentgen-service.ch\/wp-content\/uploads\/2025\/01\/Akquisitions-Befundsoftware-Roentgenbilder-vet1.jpg\" class=\"attachment-teaser size-teaser\" alt=\"\" decoding=\"async\" srcset=\"https:\/\/www.roentgen-service.ch\/wp-content\/uploads\/2025\/01\/Akquisitions-Befundsoftware-Roentgenbilder-vet1.jpg 1000w, https:\/\/www.roentgen-service.ch\/wp-content\/uploads\/2025\/01\/Akquisitions-Befundsoftware-Roentgenbilder-vet1-300x195.jpg 300w, https:\/\/www.roentgen-service.ch\/wp-content\/uploads\/2025\/01\/Akquisitions-Befundsoftware-Roentgenbilder-vet1-768x499.jpg 768w, https:\/\/www.roentgen-service.ch\/wp-content\/uploads\/2025\/01\/Akquisitions-Befundsoftware-Roentgenbilder-vet1-900x585.jpg 900w, https:\/\/www.roentgen-service.ch\/wp-content\/uploads\/2025\/01\/Akquisitions-Befundsoftware-Roentgenbilder-vet1-600x390.jpg 600w\" sizes=\"(max-width: 769px) 100vw, 769px\" \/>            <\/div>\n    <div class=\"teaser__title-wrapper\">\n        <h3 class=\"teaser__title\">Software di acquisizione<\/h3>\n                    <p class=\"teaser__text\">Software di acquisizione semplice e intuitivo per l'integrazione del sistema radiografico digitale completo.<\/p>\n            <\/div>\n    <div class=\"wp-block-buttons teaser__actions\">\n        <div class=\"wp-block-button is-style-small teaser__read-more\">\n            <span class=\"wp-block-button__link\">\n                All'offerta            <\/span>\n        <\/div>\n    <\/div>\n<\/a>\n\n<a class=\"hentry wp-block-roentgen-service-teaser\" href=\"https:\/\/www.roentgen-service.ch\/it\/medicina-veterinaria\/accessori-per-radiografia\/\">\n    <div class=\"teaser__thumbnail-wrapper\">\n        <img loading=\"lazy\" width=\"750\" height=\"500\" src=\"https:\/\/www.roentgen-service.ch\/wp-content\/uploads\/2024\/09\/iStock-2138411222-scaled.jpg\" class=\"attachment-teaser size-teaser\" alt=\"\" decoding=\"async\" srcset=\"https:\/\/www.roentgen-service.ch\/wp-content\/uploads\/2024\/09\/iStock-2138411222-scaled.jpg 2560w, https:\/\/www.roentgen-service.ch\/wp-content\/uploads\/2024\/09\/iStock-2138411222-300x200.jpg 300w, https:\/\/www.roentgen-service.ch\/wp-content\/uploads\/2024\/09\/iStock-2138411222-1024x683.jpg 1024w, https:\/\/www.roentgen-service.ch\/wp-content\/uploads\/2024\/09\/iStock-2138411222-768x512.jpg 768w, https:\/\/www.roentgen-service.ch\/wp-content\/uploads\/2024\/09\/iStock-2138411222-1536x1024.jpg 1536w, https:\/\/www.roentgen-service.ch\/wp-content\/uploads\/2024\/09\/iStock-2138411222-2048x1365.jpg 2048w, https:\/\/www.roentgen-service.ch\/wp-content\/uploads\/2024\/09\/iStock-2138411222-900x600.jpg 900w, https:\/\/www.roentgen-service.ch\/wp-content\/uploads\/2024\/09\/iStock-2138411222-600x400.jpg 600w\" sizes=\"(max-width: 750px) 100vw, 750px\" \/>            <\/div>\n    <div class=\"teaser__title-wrapper\">\n        <h3 class=\"teaser__title\">Accessori per raggi X<\/h3>\n                    <p class=\"teaser__text\">La nostra gamma di accessori per radiografie comprende diversi accessori e ausili.<\/p>\n            <\/div>\n    <div class=\"wp-block-buttons teaser__actions\">\n        <div class=\"wp-block-button is-style-small teaser__read-more\">\n            <span class=\"wp-block-button__link\">\n                All'offerta            <\/span>\n        <\/div>\n    <\/div>\n<\/a>\n\n<a class=\"hentry has-badge wp-block-roentgen-service-teaser\" href=\"https:\/\/www.roentgen-service.ch\/it\/contatto\/\">\n    <div class=\"teaser__thumbnail-wrapper\">\n        <img loading=\"lazy\" width=\"350\" height=\"500\" src=\"https:\/\/www.roentgen-service.ch\/wp-content\/uploads\/2022\/11\/NDT-Non-Destructive-Testing-2b-1.jpg\" class=\"attachment-teaser size-teaser\" alt=\"Radiografia digitale per la medicina umana\" decoding=\"async\" srcset=\"https:\/\/www.roentgen-service.ch\/wp-content\/uploads\/2022\/11\/NDT-Non-Destructive-Testing-2b-1.jpg 455w, https:\/\/www.roentgen-service.ch\/wp-content\/uploads\/2022\/11\/NDT-Non-Destructive-Testing-2b-1-300x429.jpg 300w\" sizes=\"(max-width: 350px) 100vw, 350px\" \/>                    <span class=\"badge\">Usato<\/span>\n            <\/div>\n    <div class=\"teaser__title-wrapper\">\n        <h3 class=\"teaser__title\">Sistemi di seconda mano<\/h3>\n                    <p class=\"teaser__text\">Contattateci in qualsiasi momento se siete interessati a un sistema a raggi X usato.<\/p>\n            <\/div>\n    <div class=\"wp-block-buttons teaser__actions\">\n        <div class=\"wp-block-button is-style-small teaser__read-more\">\n            <span class=\"wp-block-button__link\">\n                Contattateci            <\/span>\n        <\/div>\n    <\/div>\n<\/a><\/div>\n\n\n\n<div class=\"wp-block-group alignwide has-primary-light-background-color has-background is-layout-flow wp-block-group-is-layout-flow\">\n<div class=\"wp-block-group is-content-justification-space-between is-layout-flex wp-container-3 wp-block-group-is-layout-flex\">\n<h2 class=\"wp-block-heading\">Lista di controllo per l'acquisto di un sistema a raggi X<\/h2>\n\n\n\n<div class=\"wp-block-buttons is-layout-flex wp-block-buttons-is-layout-flex\">\n<div class=\"wp-block-button is-style-small\"><a class=\"wp-block-button__link wp-element-button\" href=\"https:\/\/www.roentgen-service.ch\/it\/supporto\/#fragen\">Alle domande e ai suggerimenti pi\u00f9 frequenti<\/a><\/div>\n<\/div>\n<\/div>\n\n\n\n<div class=\"wp-block-group tiles-with-icon is-content-justification-space-between is-nowrap is-layout-flex wp-container-12 wp-block-group-is-layout-flex\">\n<div class=\"wp-block-group is-layout-constrained wp-block-group-is-layout-constrained\"><div class=\"wp-block-roentgen-service-icon\">\n    <i class=\"icon icon-people-robbery\"><\/i>\n<\/div>\n\n\n<div class=\"wp-block-group is-layout-constrained wp-block-group-is-layout-constrained\">\n<p><strong>Chiedete ai colleghi<\/strong><\/p>\n\n\n\n<p>Le raccomandazioni personali spesso aiutano a scegliere il fornitore giusto.<\/p>\n<\/div>\n<\/div>\n\n\n\n<div class=\"wp-block-group is-layout-constrained wp-block-group-is-layout-constrained\"><div class=\"wp-block-roentgen-service-icon\">\n    <i class=\"icon icon-glasses\"><\/i>\n<\/div>\n\n\n<div class=\"wp-block-group is-layout-constrained wp-block-group-is-layout-constrained\">\n<p><strong>Fate la vostra ricerca<\/strong><\/p>\n\n\n\n<p>Decidete voi stessi in merito ai fornitori raccomandati.<\/p>\n<\/div>\n<\/div>\n\n\n\n<div class=\"wp-block-group is-layout-constrained wp-block-group-is-layout-constrained\"><div class=\"wp-block-roentgen-service-icon\">\n    <i class=\"icon icon-comments-question-check\"><\/i>\n<\/div>\n\n\n<div class=\"wp-block-group is-layout-constrained wp-block-group-is-layout-constrained\">\n<p><strong>Lasciatevi consigliare<\/strong><\/p>\n\n\n\n<p>Una consulenza personalizzata \u00e8 essenziale per trovare il prodotto adatto.<\/p>\n<\/div>\n<\/div>\n\n\n\n<div class=\"wp-block-group is-layout-constrained wp-block-group-is-layout-constrained\"><div class=\"wp-block-roentgen-service-icon\">\n    <i class=\"icon icon-phone-volume-thin\"><\/i>\n<\/div>\n\n\n<div class=\"wp-block-group is-layout-constrained wp-block-group-is-layout-constrained\">\n<p><strong>Chiedere supporto<\/strong><\/p>\n\n\n\n<p>I problemi devono essere risolti rapidamente. Pertanto, informatevi in anticipo sull'offerta di assistenza.<\/p>\n<\/div>\n<\/div>\n<\/div>\n<\/div>","protected":false},"excerpt":{"rendered":"<p>Digitales R\u00f6ntgen f\u00fcr die Veterin\u00e4rmedizin in der Schweiz \u2013 Station\u00e4re, Portable \/ Mobile &amp; Zahnr\u00f6ntgensysteme Digitales R\u00f6ntgen f\u00fcr die Veterin\u00e4rmedizin in der Schweiz bedeutet f\u00fcr uns: H\u00f6chste Bildqualit\u00e4t, reduzierte Strahlendosis und effiziente Arbeitsabl\u00e4ufe \u2013 individuell angepasst an die Anforderungen von Tierarztpraxen, Kliniken und mobilen Veterin\u00e4rdiensten. Unser Produktportfolio umfasst station\u00e4re sowie portable (mobile) digitale R\u00f6ntgensysteme, moderne [&hellip;]<\/p>","protected":false},"author":1,"featured_media":0,"parent":0,"menu_order":0,"comment_status":"closed","ping_status":"closed","template":"","meta":{"footnotes":""},"acf":[],"_links":{"self":[{"href":"https:\/\/www.roentgen-service.ch\/it\/wp-json\/wp\/v2\/pages\/53"}],"collection":[{"href":"https:\/\/www.roentgen-service.ch\/it\/wp-json\/wp\/v2\/pages"}],"about":[{"href":"https:\/\/www.roentgen-service.ch\/it\/wp-json\/wp\/v2\/types\/page"}],"author":[{"embeddable":true,"href":"https:\/\/www.roentgen-service.ch\/it\/wp-json\/wp\/v2\/users\/1"}],"replies":[{"embeddable":true,"href":"https:\/\/www.roentgen-service.ch\/it\/wp-json\/wp\/v2\/comments?post=53"}],"version-history":[{"count":53,"href":"https:\/\/www.roentgen-service.ch\/it\/wp-json\/wp\/v2\/pages\/53\/revisions"}],"predecessor-version":[{"id":2060,"href":"https:\/\/www.roentgen-service.ch\/it\/wp-json\/wp\/v2\/pages\/53\/revisions\/2060"}],"wp:attachment":[{"href":"https:\/\/www.roentgen-service.ch\/it\/wp-json\/wp\/v2\/media?parent=53"}],"curies":[{"name":"wp","href":"https:\/\/api.w.org\/{rel}","templated":true}]}}