{"id":51,"date":"2022-09-26T09:46:20","date_gmt":"2022-09-26T07:46:20","guid":{"rendered":"https:\/\/roentgen-service.dev.hayloft-it.ch\/?page_id=51"},"modified":"2026-03-25T09:39:33","modified_gmt":"2026-03-25T08:39:33","slug":"medicina-umana","status":"publish","type":"page","link":"https:\/\/www.roentgen-service.ch\/it\/medicina-umana\/","title":{"rendered":"Radiografia digitale per la medicina umana"},"content":{"rendered":"<h1 class=\"wp-block-heading has-text-align-left\">Radiografia digitale per la medicina umana in Svizzera - Sistemi fissi, PACS e soluzioni retrofit<\/h1>\n\n\n\n<p class=\"has-text-align-left\">Per noi, la radiografia digitale per la medicina umana in Svizzera \u00e8 sinonimo di massima qualit\u00e0 delle immagini, riduzione della dose di radiazioni e flussi di lavoro efficienti. Il nostro portafoglio prodotti comprende principalmente sistemi radiografici digitali fissi, soluzioni per la digitalizzazione di sistemi radiografici esistenti e sistemi di ricezione di immagini digitali all'avanguardia.<br><br>Per tutti i sistemi, offriamo un software di acquisizione intuitivo e pacchetti software PACS modulari ed espandibili, adattati al rispettivo settore di applicazione per una gestione ottimale delle immagini. Grazie all'elevato grado di personalizzazione, possiamo adattare i sistemi esattamente alle vostre esigenze, dagli studi medici e le cliniche ai centri radiologici specializzati.<br><br>Grazie alla nostra esperienza pluriennale, sviluppiamo soluzioni con un rapporto costi-benefici ottimale. Su richiesta, offriamo anche sistemi usati accuratamente testati che soddisfano i nostri elevati standard di qualit\u00e0. In questo modo, combiniamo la precisione medica con l'efficienza economica e creiamo soluzioni perfettamente adattate alle vostre esigenze.<\/p>\n\n\n\n<div class=\"wp-block-group alignwide teasers is-nowrap is-layout-flex wp-container-1 wp-block-group-is-layout-flex\"><a class=\"hentry wp-block-roentgen-service-teaser\" href=\"https:\/\/www.roentgen-service.ch\/it\/prodotti\/medicina-umana\/sistemi-roentgen-fissi\/\">\n    <div class=\"teaser__thumbnail-wrapper\">\n        <img loading=\"lazy\" width=\"769\" height=\"500\" src=\"https:\/\/www.roentgen-service.ch\/wp-content\/uploads\/2023\/06\/Amadeo-R-motorised-X-ray-system-bucky-table-wall-stand-2.jpg\" class=\"attachment-teaser size-teaser\" alt=\"\" decoding=\"async\" srcset=\"https:\/\/www.roentgen-service.ch\/wp-content\/uploads\/2023\/06\/Amadeo-R-motorised-X-ray-system-bucky-table-wall-stand-2.jpg 1000w, https:\/\/www.roentgen-service.ch\/wp-content\/uploads\/2023\/06\/Amadeo-R-motorised-X-ray-system-bucky-table-wall-stand-2-300x195.jpg 300w, https:\/\/www.roentgen-service.ch\/wp-content\/uploads\/2023\/06\/Amadeo-R-motorised-X-ray-system-bucky-table-wall-stand-2-768x499.jpg 768w, https:\/\/www.roentgen-service.ch\/wp-content\/uploads\/2023\/06\/Amadeo-R-motorised-X-ray-system-bucky-table-wall-stand-2-900x585.jpg 900w, https:\/\/www.roentgen-service.ch\/wp-content\/uploads\/2023\/06\/Amadeo-R-motorised-X-ray-system-bucky-table-wall-stand-2-600x390.jpg 600w\" sizes=\"(max-width: 769px) 100vw, 769px\" \/>            <\/div>\n    <div class=\"teaser__title-wrapper\">\n        <h3 class=\"teaser__title\">Sistemi radiografici fissi<\/h3>\n                    <p class=\"teaser__text\">Sistemi radiografici digitali universali, motorizzati, con supporto a staffa girevole o a griglia a parete con tavolo bucky.<\/p>\n            <\/div>\n    <div class=\"wp-block-buttons teaser__actions\">\n        <div class=\"wp-block-button is-style-small teaser__read-more\">\n            <span class=\"wp-block-button__link\">\n                All'offerta            <\/span>\n        <\/div>\n    <\/div>\n<\/a>\n\n<a class=\"hentry wp-block-roentgen-service-teaser\" href=\"https:\/\/www.roentgen-service.ch\/it\/prodotti\/medicina-umana\/retrofit-roentgen-digitale\/\">\n    <div class=\"teaser__thumbnail-wrapper\">\n        <img loading=\"lazy\" width=\"750\" height=\"500\" src=\"https:\/\/www.roentgen-service.ch\/wp-content\/uploads\/2023\/06\/Medici-stationaer-Aufruestung-vorhandener-stationaerer-Roentgenanlagen-5.jpg\" class=\"attachment-teaser size-teaser\" alt=\"\" decoding=\"async\" srcset=\"https:\/\/www.roentgen-service.ch\/wp-content\/uploads\/2023\/06\/Medici-stationaer-Aufruestung-vorhandener-stationaerer-Roentgenanlagen-5.jpg 1000w, https:\/\/www.roentgen-service.ch\/wp-content\/uploads\/2023\/06\/Medici-stationaer-Aufruestung-vorhandener-stationaerer-Roentgenanlagen-5-300x200.jpg 300w, https:\/\/www.roentgen-service.ch\/wp-content\/uploads\/2023\/06\/Medici-stationaer-Aufruestung-vorhandener-stationaerer-Roentgenanlagen-5-768x512.jpg 768w, https:\/\/www.roentgen-service.ch\/wp-content\/uploads\/2023\/06\/Medici-stationaer-Aufruestung-vorhandener-stationaerer-Roentgenanlagen-5-900x600.jpg 900w, https:\/\/www.roentgen-service.ch\/wp-content\/uploads\/2023\/06\/Medici-stationaer-Aufruestung-vorhandener-stationaerer-Roentgenanlagen-5-600x400.jpg 600w\" sizes=\"(max-width: 750px) 100vw, 750px\" \/>            <\/div>\n    <div class=\"teaser__title-wrapper\">\n        <h3 class=\"teaser__title\">Soluzioni radiografiche e digitalizzazione<\/h3>\n                    <p class=\"teaser__text\">Sistemi di ricezione di immagini digitali universalmente applicabili e soluzioni di digitalizzazione per il retrofit di sistemi esistenti.<\/p>\n            <\/div>\n    <div class=\"wp-block-buttons teaser__actions\">\n        <div class=\"wp-block-button is-style-small teaser__read-more\">\n            <span class=\"wp-block-button__link\">\n                All'offerta            <\/span>\n        <\/div>\n    <\/div>\n<\/a>\n\n<a class=\"hentry wp-block-roentgen-service-teaser\" href=\"https:\/\/www.roentgen-service.ch\/it\/prodotti\/medicina-umana\/software\/software-di-acquisizione\/\">\n    <div class=\"teaser__thumbnail-wrapper\">\n        <img loading=\"lazy\" width=\"769\" height=\"500\" src=\"https:\/\/www.roentgen-service.ch\/wp-content\/uploads\/2023\/06\/dicomPACS-DX-R-Akquisitions-Befundsoftware.jpg\" class=\"attachment-teaser size-teaser\" alt=\"\" decoding=\"async\" srcset=\"https:\/\/www.roentgen-service.ch\/wp-content\/uploads\/2023\/06\/dicomPACS-DX-R-Akquisitions-Befundsoftware.jpg 1000w, https:\/\/www.roentgen-service.ch\/wp-content\/uploads\/2023\/06\/dicomPACS-DX-R-Akquisitions-Befundsoftware-300x195.jpg 300w, https:\/\/www.roentgen-service.ch\/wp-content\/uploads\/2023\/06\/dicomPACS-DX-R-Akquisitions-Befundsoftware-768x499.jpg 768w, https:\/\/www.roentgen-service.ch\/wp-content\/uploads\/2023\/06\/dicomPACS-DX-R-Akquisitions-Befundsoftware-900x585.jpg 900w, https:\/\/www.roentgen-service.ch\/wp-content\/uploads\/2023\/06\/dicomPACS-DX-R-Akquisitions-Befundsoftware-600x390.jpg 600w\" sizes=\"(max-width: 769px) 100vw, 769px\" \/>            <\/div>\n    <div class=\"teaser__title-wrapper\">\n        <h3 class=\"teaser__title\">Software di acquisizione<\/h3>\n                    <p class=\"teaser__text\">Software di acquisizione semplice e intuitivo per l'integrazione del sistema radiografico digitale completo.<\/p>\n            <\/div>\n    <div class=\"wp-block-buttons teaser__actions\">\n        <div class=\"wp-block-button is-style-small teaser__read-more\">\n            <span class=\"wp-block-button__link\">\n                All'offerta            <\/span>\n        <\/div>\n    <\/div>\n<\/a>\n\n<a class=\"hentry wp-block-roentgen-service-teaser\" href=\"https:\/\/www.roentgen-service.ch\/it\/prodotti\/medicina-umana\/software\/gestione-delle-immagini-pacs\/\">\n    <div class=\"teaser__thumbnail-wrapper\">\n        <img loading=\"lazy\" width=\"769\" height=\"500\" src=\"https:\/\/www.roentgen-service.ch\/wp-content\/uploads\/2024\/09\/Bildmanagementsystems-dicomPACS-human1.jpg\" class=\"attachment-teaser size-teaser\" alt=\"\" decoding=\"async\" srcset=\"https:\/\/www.roentgen-service.ch\/wp-content\/uploads\/2024\/09\/Bildmanagementsystems-dicomPACS-human1.jpg 1000w, https:\/\/www.roentgen-service.ch\/wp-content\/uploads\/2024\/09\/Bildmanagementsystems-dicomPACS-human1-300x195.jpg 300w, https:\/\/www.roentgen-service.ch\/wp-content\/uploads\/2024\/09\/Bildmanagementsystems-dicomPACS-human1-768x499.jpg 768w, https:\/\/www.roentgen-service.ch\/wp-content\/uploads\/2024\/09\/Bildmanagementsystems-dicomPACS-human1-900x585.jpg 900w, https:\/\/www.roentgen-service.ch\/wp-content\/uploads\/2024\/09\/Bildmanagementsystems-dicomPACS-human1-600x390.jpg 600w\" sizes=\"(max-width: 769px) 100vw, 769px\" \/>            <\/div>\n    <div class=\"teaser__title-wrapper\">\n        <h3 class=\"teaser__title\">PACS \/ gestione delle immagini<\/h3>\n                    <p class=\"teaser__text\">Moduli software PACS di base e specifici per le applicazioni per la gestione delle immagini digitali.<\/p>\n            <\/div>\n    <div class=\"wp-block-buttons teaser__actions\">\n        <div class=\"wp-block-button is-style-small teaser__read-more\">\n            <span class=\"wp-block-button__link\">\n                All'offerta            <\/span>\n        <\/div>\n    <\/div>\n<\/a>\n\n<a class=\"hentry wp-block-roentgen-service-teaser\" href=\"https:\/\/www.roentgen-service.ch\/it\/medicina-umana\/accessori-per-radiografia\/\">\n    <div class=\"teaser__thumbnail-wrapper\">\n        <img loading=\"lazy\" width=\"750\" height=\"500\" src=\"https:\/\/www.roentgen-service.ch\/wp-content\/uploads\/2024\/09\/iStock-2138411222-scaled.jpg\" class=\"attachment-teaser size-teaser\" alt=\"\" decoding=\"async\" srcset=\"https:\/\/www.roentgen-service.ch\/wp-content\/uploads\/2024\/09\/iStock-2138411222-scaled.jpg 2560w, https:\/\/www.roentgen-service.ch\/wp-content\/uploads\/2024\/09\/iStock-2138411222-300x200.jpg 300w, https:\/\/www.roentgen-service.ch\/wp-content\/uploads\/2024\/09\/iStock-2138411222-1024x683.jpg 1024w, https:\/\/www.roentgen-service.ch\/wp-content\/uploads\/2024\/09\/iStock-2138411222-768x512.jpg 768w, https:\/\/www.roentgen-service.ch\/wp-content\/uploads\/2024\/09\/iStock-2138411222-1536x1024.jpg 1536w, https:\/\/www.roentgen-service.ch\/wp-content\/uploads\/2024\/09\/iStock-2138411222-2048x1365.jpg 2048w, https:\/\/www.roentgen-service.ch\/wp-content\/uploads\/2024\/09\/iStock-2138411222-900x600.jpg 900w, https:\/\/www.roentgen-service.ch\/wp-content\/uploads\/2024\/09\/iStock-2138411222-600x400.jpg 600w\" sizes=\"(max-width: 750px) 100vw, 750px\" \/>            <\/div>\n    <div class=\"teaser__title-wrapper\">\n        <h3 class=\"teaser__title\">Accessori per raggi X<\/h3>\n                    <p class=\"teaser__text\">La nostra gamma di accessori per radiografie comprende diversi accessori e ausili.<\/p>\n            <\/div>\n    <div class=\"wp-block-buttons teaser__actions\">\n        <div class=\"wp-block-button is-style-small teaser__read-more\">\n            <span class=\"wp-block-button__link\">\n                All'offerta            <\/span>\n        <\/div>\n    <\/div>\n<\/a>\n\n<a class=\"hentry has-badge wp-block-roentgen-service-teaser\" href=\"https:\/\/www.roentgen-service.ch\/it\/contatto\/\">\n    <div class=\"teaser__thumbnail-wrapper\">\n        <img loading=\"lazy\" width=\"769\" height=\"500\" src=\"https:\/\/www.roentgen-service.ch\/wp-content\/uploads\/2023\/06\/Digital-U-arm-X-ray-machine-Amadeo-Z-motorised-Schwenkbuegel-Roentgen-3.jpg\" class=\"attachment-teaser size-teaser\" alt=\"\" decoding=\"async\" srcset=\"https:\/\/www.roentgen-service.ch\/wp-content\/uploads\/2023\/06\/Digital-U-arm-X-ray-machine-Amadeo-Z-motorised-Schwenkbuegel-Roentgen-3.jpg 1000w, https:\/\/www.roentgen-service.ch\/wp-content\/uploads\/2023\/06\/Digital-U-arm-X-ray-machine-Amadeo-Z-motorised-Schwenkbuegel-Roentgen-3-300x195.jpg 300w, https:\/\/www.roentgen-service.ch\/wp-content\/uploads\/2023\/06\/Digital-U-arm-X-ray-machine-Amadeo-Z-motorised-Schwenkbuegel-Roentgen-3-768x499.jpg 768w, https:\/\/www.roentgen-service.ch\/wp-content\/uploads\/2023\/06\/Digital-U-arm-X-ray-machine-Amadeo-Z-motorised-Schwenkbuegel-Roentgen-3-900x585.jpg 900w, https:\/\/www.roentgen-service.ch\/wp-content\/uploads\/2023\/06\/Digital-U-arm-X-ray-machine-Amadeo-Z-motorised-Schwenkbuegel-Roentgen-3-600x390.jpg 600w\" sizes=\"(max-width: 769px) 100vw, 769px\" \/>                    <span class=\"badge\">Usato<\/span>\n            <\/div>\n    <div class=\"teaser__title-wrapper\">\n        <h3 class=\"teaser__title\">Sistemi di seconda mano<\/h3>\n                    <p class=\"teaser__text\">Contattateci in qualsiasi momento se siete interessati a un sistema a raggi X usato.<\/p>\n            <\/div>\n    <div class=\"wp-block-buttons teaser__actions\">\n        <div class=\"wp-block-button is-style-small teaser__read-more\">\n            <span class=\"wp-block-button__link\">\n                Contattateci            <\/span>\n        <\/div>\n    <\/div>\n<\/a><\/div>\n\n\n\n<div class=\"wp-block-group alignwide has-primary-light-background-color has-background is-layout-flow wp-block-group-is-layout-flow\">\n<div class=\"wp-block-group is-content-justification-space-between is-layout-flex wp-container-3 wp-block-group-is-layout-flex\">\n<h2 class=\"wp-block-heading\">Lista di controllo per l'acquisto di un sistema a raggi X<\/h2>\n\n\n\n<div class=\"wp-block-buttons is-layout-flex wp-block-buttons-is-layout-flex\">\n<div class=\"wp-block-button is-style-small\"><a class=\"wp-block-button__link wp-element-button\" href=\"https:\/\/www.roentgen-service.ch\/it\/supporto\/#fragen\">Alle domande e ai suggerimenti pi\u00f9 frequenti<\/a><\/div>\n<\/div>\n<\/div>\n\n\n\n<div class=\"wp-block-group tiles-with-icon is-content-justification-space-between is-nowrap is-layout-flex wp-container-12 wp-block-group-is-layout-flex\">\n<div class=\"wp-block-group is-layout-constrained wp-block-group-is-layout-constrained\"><div class=\"wp-block-roentgen-service-icon\">\n    <i class=\"icon icon-people-robbery\"><\/i>\n<\/div>\n\n\n<div class=\"wp-block-group is-layout-constrained wp-block-group-is-layout-constrained\">\n<p><strong>Chiedete ai colleghi<\/strong><\/p>\n\n\n\n<p>Le raccomandazioni personali spesso aiutano a scegliere il fornitore giusto.<\/p>\n<\/div>\n<\/div>\n\n\n\n<div class=\"wp-block-group is-layout-constrained wp-block-group-is-layout-constrained\"><div class=\"wp-block-roentgen-service-icon\">\n    <i class=\"icon icon-glasses\"><\/i>\n<\/div>\n\n\n<div class=\"wp-block-group is-layout-constrained wp-block-group-is-layout-constrained\">\n<p><strong>Fate la vostra ricerca<\/strong><\/p>\n\n\n\n<p>Decidete voi stessi in merito ai fornitori raccomandati.<\/p>\n<\/div>\n<\/div>\n\n\n\n<div class=\"wp-block-group is-layout-constrained wp-block-group-is-layout-constrained\"><div class=\"wp-block-roentgen-service-icon\">\n    <i class=\"icon icon-comments-question-check\"><\/i>\n<\/div>\n\n\n<div class=\"wp-block-group is-layout-constrained wp-block-group-is-layout-constrained\">\n<p><strong>Lasciatevi consigliare<\/strong><\/p>\n\n\n\n<p>Una consulenza personalizzata \u00e8 essenziale per trovare il prodotto adatto.<\/p>\n<\/div>\n<\/div>\n\n\n\n<div class=\"wp-block-group is-layout-constrained wp-block-group-is-layout-constrained\"><div class=\"wp-block-roentgen-service-icon\">\n    <i class=\"icon icon-phone-volume-thin\"><\/i>\n<\/div>\n\n\n<div class=\"wp-block-group is-layout-constrained wp-block-group-is-layout-constrained\">\n<p><strong>Chiedere supporto<\/strong><\/p>\n\n\n\n<p>I problemi devono essere risolti rapidamente. Pertanto, informatevi in anticipo sull'offerta di assistenza.<\/p>\n<\/div>\n<\/div>\n<\/div>\n<\/div>","protected":false},"excerpt":{"rendered":"<p>Digitales R\u00f6ntgen f\u00fcr die Humanmedizin in der Schweiz \u2013 Station\u00e4re Systeme, PACS &amp; Nachr\u00fcstl\u00f6sungen Digitales R\u00f6ntgen f\u00fcr die Humanmedizin in der Schweiz steht bei uns f\u00fcr h\u00f6chste Bildqualit\u00e4t, reduzierte Strahlendosis und effiziente Arbeitsabl\u00e4ufe. Unser Produktportfolio umfasst vornehmlich station\u00e4re, digitale R\u00f6ntgensysteme, L\u00f6sungen zur Digitalisierung bestehender R\u00f6ntgenanlagen sowie modernste digitale Bildempf\u00e4ngersysteme. F\u00fcr alle Systeme bieten wir eine [&hellip;]<\/p>","protected":false},"author":1,"featured_media":0,"parent":0,"menu_order":0,"comment_status":"closed","ping_status":"closed","template":"","meta":{"footnotes":""},"acf":[],"_links":{"self":[{"href":"https:\/\/www.roentgen-service.ch\/it\/wp-json\/wp\/v2\/pages\/51"}],"collection":[{"href":"https:\/\/www.roentgen-service.ch\/it\/wp-json\/wp\/v2\/pages"}],"about":[{"href":"https:\/\/www.roentgen-service.ch\/it\/wp-json\/wp\/v2\/types\/page"}],"author":[{"embeddable":true,"href":"https:\/\/www.roentgen-service.ch\/it\/wp-json\/wp\/v2\/users\/1"}],"replies":[{"embeddable":true,"href":"https:\/\/www.roentgen-service.ch\/it\/wp-json\/wp\/v2\/comments?post=51"}],"version-history":[{"count":40,"href":"https:\/\/www.roentgen-service.ch\/it\/wp-json\/wp\/v2\/pages\/51\/revisions"}],"predecessor-version":[{"id":2064,"href":"https:\/\/www.roentgen-service.ch\/it\/wp-json\/wp\/v2\/pages\/51\/revisions\/2064"}],"wp:attachment":[{"href":"https:\/\/www.roentgen-service.ch\/it\/wp-json\/wp\/v2\/media?parent=51"}],"curies":[{"name":"wp","href":"https:\/\/api.w.org\/{rel}","templated":true}]}}