{"id":504,"date":"2022-11-30T21:23:38","date_gmt":"2022-11-30T20:23:38","guid":{"rendered":"https:\/\/roentgen-service.dev.hayloft-it.ch\/?page_id=504"},"modified":"2025-11-03T10:21:55","modified_gmt":"2025-11-03T09:21:55","slug":"museo","status":"publish","type":"page","link":"https:\/\/www.roentgen-service.ch\/it\/chi-siamo\/museo\/","title":{"rendered":"Museo R\u00f6ntgen"},"content":{"rendered":"<h1 class=\"wp-block-heading has-text-align-left\">Reperti della storia della radiografia<\/h1>\n\n\n\n<p class=\"has-text-align-left is-lead\">Nel nostro piccolo museo, il nostro padre fondatore, Xaver Widmer, ha creato una collezione di oggetti e letteratura sulla storia dei raggi X probabilmente unica in Europa. Oltre ai tubi a raggi X che hanno pi\u00f9 di 100 anni, si possono ammirare anche i primi sistemi a raggi X utilizzati in commercio. Il museo \u00e8 stato gradualmente ampliato e ora mostra lo sviluppo tecnico dei sistemi a raggi X dagli anni '20 fino ai moderni sistemi a raggi X digitali.<\/p>\n\n\n\n<figure class=\"wp-block-gallery alignwide has-nested-images columns-default is-cropped wp-block-gallery-1 is-layout-flex wp-block-gallery-is-layout-flex\">\n<figure data-no-zoom=\"true\" class=\"wp-block-image size-large\"><a href=\"https:\/\/www.roentgen-service.ch\/wp-content\/uploads\/2023\/09\/roentgenserviceag-342-10.01.23-scaled.jpg\"><img decoding=\"async\" loading=\"lazy\" width=\"683\" height=\"1024\" data-id=\"1165\" src=\"https:\/\/www.roentgen-service.ch\/wp-content\/uploads\/2023\/09\/roentgenserviceag-342-10.01.23-683x1024.jpg\" alt=\"\" class=\"wp-image-1165\" srcset=\"https:\/\/www.roentgen-service.ch\/wp-content\/uploads\/2023\/09\/roentgenserviceag-342-10.01.23-683x1024.jpg 683w, https:\/\/www.roentgen-service.ch\/wp-content\/uploads\/2023\/09\/roentgenserviceag-342-10.01.23-300x450.jpg 300w, https:\/\/www.roentgen-service.ch\/wp-content\/uploads\/2023\/09\/roentgenserviceag-342-10.01.23-768x1151.jpg 768w, https:\/\/www.roentgen-service.ch\/wp-content\/uploads\/2023\/09\/roentgenserviceag-342-10.01.23-1025x1536.jpg 1025w, https:\/\/www.roentgen-service.ch\/wp-content\/uploads\/2023\/09\/roentgenserviceag-342-10.01.23-1367x2048.jpg 1367w, https:\/\/www.roentgen-service.ch\/wp-content\/uploads\/2023\/09\/roentgenserviceag-342-10.01.23-900x1348.jpg 900w, https:\/\/www.roentgen-service.ch\/wp-content\/uploads\/2023\/09\/roentgenserviceag-342-10.01.23-600x899.jpg 600w, https:\/\/www.roentgen-service.ch\/wp-content\/uploads\/2023\/09\/roentgenserviceag-342-10.01.23-scaled.jpg 1709w\" sizes=\"(max-width: 683px) 100vw, 683px\" \/><\/a><\/figure>\n\n\n\n<figure data-no-zoom=\"true\" class=\"wp-block-image size-large\"><a href=\"https:\/\/www.roentgen-service.ch\/wp-content\/uploads\/2023\/09\/roentgenserviceag-356-10.01.23-ps-ps-scaled.jpg\"><img decoding=\"async\" data-id=\"1176\" src=\"https:\/\/www.roentgen-service.ch\/wp-content\/uploads\/2023\/09\/roentgenserviceag-356-10.01.23-ps-ps-1024x683.jpg\" alt=\"\" class=\"wp-image-1176\"\/><\/a><\/figure>\n\n\n\n<figure data-no-zoom=\"true\" class=\"wp-block-image size-large\"><a href=\"https:\/\/www.roentgen-service.ch\/wp-content\/uploads\/2023\/09\/roentgenserviceag-366-10.01.23-ps-scaled.jpg\"><img decoding=\"async\" data-id=\"1174\" src=\"https:\/\/www.roentgen-service.ch\/wp-content\/uploads\/2023\/09\/roentgenserviceag-366-10.01.23-ps-1024x683.jpg\" alt=\"\" class=\"wp-image-1174\"\/><\/a><\/figure>\n\n\n\n<figure data-no-zoom=\"true\" class=\"wp-block-image size-large\"><a href=\"https:\/\/www.roentgen-service.ch\/wp-content\/uploads\/2023\/09\/roentgenserviceag-369-10.01.23-ps-scaled.jpg\"><img decoding=\"async\" loading=\"lazy\" width=\"1024\" height=\"681\" data-id=\"1180\" src=\"https:\/\/www.roentgen-service.ch\/wp-content\/uploads\/2023\/09\/roentgenserviceag-369-10.01.23-ps-1024x681.jpg\" alt=\"\" class=\"wp-image-1180\" srcset=\"https:\/\/www.roentgen-service.ch\/wp-content\/uploads\/2023\/09\/roentgenserviceag-369-10.01.23-ps-1024x681.jpg 1024w, https:\/\/www.roentgen-service.ch\/wp-content\/uploads\/2023\/09\/roentgenserviceag-369-10.01.23-ps-300x200.jpg 300w, https:\/\/www.roentgen-service.ch\/wp-content\/uploads\/2023\/09\/roentgenserviceag-369-10.01.23-ps-768x511.jpg 768w, https:\/\/www.roentgen-service.ch\/wp-content\/uploads\/2023\/09\/roentgenserviceag-369-10.01.23-ps-1536x1022.jpg 1536w, https:\/\/www.roentgen-service.ch\/wp-content\/uploads\/2023\/09\/roentgenserviceag-369-10.01.23-ps-2048x1362.jpg 2048w, https:\/\/www.roentgen-service.ch\/wp-content\/uploads\/2023\/09\/roentgenserviceag-369-10.01.23-ps-900x599.jpg 900w, https:\/\/www.roentgen-service.ch\/wp-content\/uploads\/2023\/09\/roentgenserviceag-369-10.01.23-ps-600x399.jpg 600w\" sizes=\"(max-width: 1024px) 100vw, 1024px\" \/><\/a><\/figure>\n\n\n\n<figure data-no-zoom=\"true\" class=\"wp-block-image size-large\"><a href=\"https:\/\/www.roentgen-service.ch\/wp-content\/uploads\/2023\/09\/roentgenserviceag-392-10.01.23-Pano-scaled.jpg\"><img decoding=\"async\" loading=\"lazy\" width=\"1024\" height=\"499\" data-id=\"1170\" src=\"https:\/\/www.roentgen-service.ch\/wp-content\/uploads\/2023\/09\/roentgenserviceag-392-10.01.23-Pano-1024x499.jpg\" alt=\"\" class=\"wp-image-1170\" srcset=\"https:\/\/www.roentgen-service.ch\/wp-content\/uploads\/2023\/09\/roentgenserviceag-392-10.01.23-Pano-1024x499.jpg 1024w, https:\/\/www.roentgen-service.ch\/wp-content\/uploads\/2023\/09\/roentgenserviceag-392-10.01.23-Pano-300x146.jpg 300w, https:\/\/www.roentgen-service.ch\/wp-content\/uploads\/2023\/09\/roentgenserviceag-392-10.01.23-Pano-768x374.jpg 768w, https:\/\/www.roentgen-service.ch\/wp-content\/uploads\/2023\/09\/roentgenserviceag-392-10.01.23-Pano-1536x749.jpg 1536w, https:\/\/www.roentgen-service.ch\/wp-content\/uploads\/2023\/09\/roentgenserviceag-392-10.01.23-Pano-2048x998.jpg 2048w, https:\/\/www.roentgen-service.ch\/wp-content\/uploads\/2023\/09\/roentgenserviceag-392-10.01.23-Pano-900x439.jpg 900w, https:\/\/www.roentgen-service.ch\/wp-content\/uploads\/2023\/09\/roentgenserviceag-392-10.01.23-Pano-600x292.jpg 600w\" sizes=\"(max-width: 1024px) 100vw, 1024px\" \/><\/a><\/figure>\n\n\n\n<figure data-no-zoom=\"true\" class=\"wp-block-image size-large\"><a href=\"https:\/\/www.roentgen-service.ch\/wp-content\/uploads\/2023\/09\/roentgenserviceag-399-10.01.23-Pano-ps-scaled.jpg\"><img decoding=\"async\" data-id=\"1178\" src=\"https:\/\/www.roentgen-service.ch\/wp-content\/uploads\/2023\/09\/roentgenserviceag-399-10.01.23-Pano-ps-763x1024.jpg\" alt=\"\" class=\"wp-image-1178\"\/><\/a><\/figure>\n\n\n\n<figure data-no-zoom=\"true\" class=\"wp-block-image size-large\"><a href=\"https:\/\/www.roentgen-service.ch\/wp-content\/uploads\/2023\/09\/roentgenserviceag-407-10.01.23-scaled.jpg\"><img decoding=\"async\" loading=\"lazy\" width=\"1024\" height=\"683\" data-id=\"1171\" src=\"https:\/\/www.roentgen-service.ch\/wp-content\/uploads\/2023\/09\/roentgenserviceag-407-10.01.23-1024x683.jpg\" alt=\"\" class=\"wp-image-1171\" srcset=\"https:\/\/www.roentgen-service.ch\/wp-content\/uploads\/2023\/09\/roentgenserviceag-407-10.01.23-1024x683.jpg 1024w, https:\/\/www.roentgen-service.ch\/wp-content\/uploads\/2023\/09\/roentgenserviceag-407-10.01.23-300x200.jpg 300w, https:\/\/www.roentgen-service.ch\/wp-content\/uploads\/2023\/09\/roentgenserviceag-407-10.01.23-768x512.jpg 768w, https:\/\/www.roentgen-service.ch\/wp-content\/uploads\/2023\/09\/roentgenserviceag-407-10.01.23-1536x1024.jpg 1536w, https:\/\/www.roentgen-service.ch\/wp-content\/uploads\/2023\/09\/roentgenserviceag-407-10.01.23-2048x1365.jpg 2048w, https:\/\/www.roentgen-service.ch\/wp-content\/uploads\/2023\/09\/roentgenserviceag-407-10.01.23-900x600.jpg 900w, https:\/\/www.roentgen-service.ch\/wp-content\/uploads\/2023\/09\/roentgenserviceag-407-10.01.23-600x400.jpg 600w\" sizes=\"(max-width: 1024px) 100vw, 1024px\" \/><\/a><\/figure>\n\n\n\n<figure data-no-zoom=\"true\" class=\"wp-block-image size-large\"><a href=\"https:\/\/www.roentgen-service.ch\/wp-content\/uploads\/2023\/09\/roentgenserviceag-408-10.01.23-scaled.jpg\"><img decoding=\"async\" loading=\"lazy\" width=\"1024\" height=\"683\" data-id=\"1166\" src=\"https:\/\/www.roentgen-service.ch\/wp-content\/uploads\/2023\/09\/roentgenserviceag-408-10.01.23-1024x683.jpg\" alt=\"\" class=\"wp-image-1166\" srcset=\"https:\/\/www.roentgen-service.ch\/wp-content\/uploads\/2023\/09\/roentgenserviceag-408-10.01.23-1024x683.jpg 1024w, https:\/\/www.roentgen-service.ch\/wp-content\/uploads\/2023\/09\/roentgenserviceag-408-10.01.23-300x200.jpg 300w, https:\/\/www.roentgen-service.ch\/wp-content\/uploads\/2023\/09\/roentgenserviceag-408-10.01.23-768x512.jpg 768w, https:\/\/www.roentgen-service.ch\/wp-content\/uploads\/2023\/09\/roentgenserviceag-408-10.01.23-1536x1024.jpg 1536w, https:\/\/www.roentgen-service.ch\/wp-content\/uploads\/2023\/09\/roentgenserviceag-408-10.01.23-2048x1365.jpg 2048w, https:\/\/www.roentgen-service.ch\/wp-content\/uploads\/2023\/09\/roentgenserviceag-408-10.01.23-900x600.jpg 900w, https:\/\/www.roentgen-service.ch\/wp-content\/uploads\/2023\/09\/roentgenserviceag-408-10.01.23-600x400.jpg 600w\" sizes=\"(max-width: 1024px) 100vw, 1024px\" \/><\/a><\/figure>\n\n\n\n<figure data-no-zoom=\"true\" class=\"wp-block-image size-large\"><a href=\"https:\/\/www.roentgen-service.ch\/wp-content\/uploads\/2023\/09\/roentgenserviceag-410-10.01.23-scaled.jpg\"><img decoding=\"async\" loading=\"lazy\" width=\"1024\" height=\"576\" data-id=\"1172\" src=\"https:\/\/www.roentgen-service.ch\/wp-content\/uploads\/2023\/09\/roentgenserviceag-410-10.01.23-1024x576.jpg\" alt=\"\" class=\"wp-image-1172\" srcset=\"https:\/\/www.roentgen-service.ch\/wp-content\/uploads\/2023\/09\/roentgenserviceag-410-10.01.23-1024x576.jpg 1024w, https:\/\/www.roentgen-service.ch\/wp-content\/uploads\/2023\/09\/roentgenserviceag-410-10.01.23-300x169.jpg 300w, https:\/\/www.roentgen-service.ch\/wp-content\/uploads\/2023\/09\/roentgenserviceag-410-10.01.23-768x432.jpg 768w, https:\/\/www.roentgen-service.ch\/wp-content\/uploads\/2023\/09\/roentgenserviceag-410-10.01.23-1536x864.jpg 1536w, https:\/\/www.roentgen-service.ch\/wp-content\/uploads\/2023\/09\/roentgenserviceag-410-10.01.23-2048x1152.jpg 2048w, https:\/\/www.roentgen-service.ch\/wp-content\/uploads\/2023\/09\/roentgenserviceag-410-10.01.23-900x506.jpg 900w, https:\/\/www.roentgen-service.ch\/wp-content\/uploads\/2023\/09\/roentgenserviceag-410-10.01.23-600x338.jpg 600w\" sizes=\"(max-width: 1024px) 100vw, 1024px\" \/><\/a><\/figure>\n\n\n\n<figure data-no-zoom=\"true\" class=\"wp-block-image size-large\"><a href=\"https:\/\/www.roentgen-service.ch\/wp-content\/uploads\/2023\/09\/roentgenserviceag-419-10.01.23-scaled.jpg\"><img decoding=\"async\" data-id=\"1177\" src=\"https:\/\/www.roentgen-service.ch\/wp-content\/uploads\/2023\/09\/roentgenserviceag-419-10.01.23-1024x683.jpg\" alt=\"\" class=\"wp-image-1177\"\/><\/a><\/figure>\n\n\n\n<figure data-no-zoom=\"true\" class=\"wp-block-image size-large\"><a href=\"https:\/\/www.roentgen-service.ch\/wp-content\/uploads\/2023\/09\/roentgenserviceag-421-10.01.23-scaled.jpg\"><img decoding=\"async\" loading=\"lazy\" width=\"1024\" height=\"683\" data-id=\"1182\" src=\"https:\/\/www.roentgen-service.ch\/wp-content\/uploads\/2023\/09\/roentgenserviceag-421-10.01.23-1024x683.jpg\" alt=\"\" class=\"wp-image-1182\" srcset=\"https:\/\/www.roentgen-service.ch\/wp-content\/uploads\/2023\/09\/roentgenserviceag-421-10.01.23-1024x683.jpg 1024w, https:\/\/www.roentgen-service.ch\/wp-content\/uploads\/2023\/09\/roentgenserviceag-421-10.01.23-300x200.jpg 300w, https:\/\/www.roentgen-service.ch\/wp-content\/uploads\/2023\/09\/roentgenserviceag-421-10.01.23-768x513.jpg 768w, https:\/\/www.roentgen-service.ch\/wp-content\/uploads\/2023\/09\/roentgenserviceag-421-10.01.23-1536x1025.jpg 1536w, https:\/\/www.roentgen-service.ch\/wp-content\/uploads\/2023\/09\/roentgenserviceag-421-10.01.23-2048x1367.jpg 2048w, https:\/\/www.roentgen-service.ch\/wp-content\/uploads\/2023\/09\/roentgenserviceag-421-10.01.23-900x601.jpg 900w, https:\/\/www.roentgen-service.ch\/wp-content\/uploads\/2023\/09\/roentgenserviceag-421-10.01.23-600x400.jpg 600w\" sizes=\"(max-width: 1024px) 100vw, 1024px\" \/><\/a><\/figure>\n\n\n\n<figure data-no-zoom=\"true\" class=\"wp-block-image size-large\"><a href=\"https:\/\/www.roentgen-service.ch\/wp-content\/uploads\/2023\/09\/roentgenserviceag-424-10.01.23-ps-scaled.jpg\"><img decoding=\"async\" loading=\"lazy\" width=\"1024\" height=\"683\" data-id=\"1181\" src=\"https:\/\/www.roentgen-service.ch\/wp-content\/uploads\/2023\/09\/roentgenserviceag-424-10.01.23-ps-1024x683.jpg\" alt=\"\" class=\"wp-image-1181\" srcset=\"https:\/\/www.roentgen-service.ch\/wp-content\/uploads\/2023\/09\/roentgenserviceag-424-10.01.23-ps-1024x683.jpg 1024w, https:\/\/www.roentgen-service.ch\/wp-content\/uploads\/2023\/09\/roentgenserviceag-424-10.01.23-ps-300x200.jpg 300w, https:\/\/www.roentgen-service.ch\/wp-content\/uploads\/2023\/09\/roentgenserviceag-424-10.01.23-ps-768x513.jpg 768w, https:\/\/www.roentgen-service.ch\/wp-content\/uploads\/2023\/09\/roentgenserviceag-424-10.01.23-ps-1536x1025.jpg 1536w, https:\/\/www.roentgen-service.ch\/wp-content\/uploads\/2023\/09\/roentgenserviceag-424-10.01.23-ps-2048x1367.jpg 2048w, https:\/\/www.roentgen-service.ch\/wp-content\/uploads\/2023\/09\/roentgenserviceag-424-10.01.23-ps-900x601.jpg 900w, https:\/\/www.roentgen-service.ch\/wp-content\/uploads\/2023\/09\/roentgenserviceag-424-10.01.23-ps-600x400.jpg 600w\" sizes=\"(max-width: 1024px) 100vw, 1024px\" \/><\/a><\/figure>\n\n\n\n<figure data-no-zoom=\"true\" class=\"wp-block-image size-large\"><a href=\"https:\/\/www.roentgen-service.ch\/wp-content\/uploads\/2023\/09\/roentgenserviceag-429-10.01.23-ps-scaled.jpg\"><img decoding=\"async\" loading=\"lazy\" width=\"1024\" height=\"683\" data-id=\"1167\" src=\"https:\/\/www.roentgen-service.ch\/wp-content\/uploads\/2023\/09\/roentgenserviceag-429-10.01.23-ps-1024x683.jpg\" alt=\"\" class=\"wp-image-1167\" srcset=\"https:\/\/www.roentgen-service.ch\/wp-content\/uploads\/2023\/09\/roentgenserviceag-429-10.01.23-ps-1024x683.jpg 1024w, https:\/\/www.roentgen-service.ch\/wp-content\/uploads\/2023\/09\/roentgenserviceag-429-10.01.23-ps-300x200.jpg 300w, https:\/\/www.roentgen-service.ch\/wp-content\/uploads\/2023\/09\/roentgenserviceag-429-10.01.23-ps-768x513.jpg 768w, https:\/\/www.roentgen-service.ch\/wp-content\/uploads\/2023\/09\/roentgenserviceag-429-10.01.23-ps-1536x1025.jpg 1536w, https:\/\/www.roentgen-service.ch\/wp-content\/uploads\/2023\/09\/roentgenserviceag-429-10.01.23-ps-2048x1367.jpg 2048w, https:\/\/www.roentgen-service.ch\/wp-content\/uploads\/2023\/09\/roentgenserviceag-429-10.01.23-ps-900x601.jpg 900w, https:\/\/www.roentgen-service.ch\/wp-content\/uploads\/2023\/09\/roentgenserviceag-429-10.01.23-ps-600x400.jpg 600w\" sizes=\"(max-width: 1024px) 100vw, 1024px\" \/><\/a><\/figure>\n\n\n\n<figure data-no-zoom=\"true\" class=\"wp-block-image size-large\"><a href=\"https:\/\/www.roentgen-service.ch\/wp-content\/uploads\/2023\/09\/roentgenserviceag-439-10.01.23-ps-scaled.jpg\"><img decoding=\"async\" loading=\"lazy\" width=\"1024\" height=\"683\" data-id=\"1169\" src=\"https:\/\/www.roentgen-service.ch\/wp-content\/uploads\/2023\/09\/roentgenserviceag-439-10.01.23-ps-1024x683.jpg\" alt=\"\" class=\"wp-image-1169\" srcset=\"https:\/\/www.roentgen-service.ch\/wp-content\/uploads\/2023\/09\/roentgenserviceag-439-10.01.23-ps-1024x683.jpg 1024w, https:\/\/www.roentgen-service.ch\/wp-content\/uploads\/2023\/09\/roentgenserviceag-439-10.01.23-ps-300x200.jpg 300w, https:\/\/www.roentgen-service.ch\/wp-content\/uploads\/2023\/09\/roentgenserviceag-439-10.01.23-ps-768x512.jpg 768w, https:\/\/www.roentgen-service.ch\/wp-content\/uploads\/2023\/09\/roentgenserviceag-439-10.01.23-ps-1536x1024.jpg 1536w, https:\/\/www.roentgen-service.ch\/wp-content\/uploads\/2023\/09\/roentgenserviceag-439-10.01.23-ps-2048x1365.jpg 2048w, https:\/\/www.roentgen-service.ch\/wp-content\/uploads\/2023\/09\/roentgenserviceag-439-10.01.23-ps-900x600.jpg 900w, https:\/\/www.roentgen-service.ch\/wp-content\/uploads\/2023\/09\/roentgenserviceag-439-10.01.23-ps-600x400.jpg 600w\" sizes=\"(max-width: 1024px) 100vw, 1024px\" \/><\/a><\/figure>\n\n\n\n<figure data-no-zoom=\"true\" class=\"wp-block-image size-large\"><a href=\"https:\/\/www.roentgen-service.ch\/wp-content\/uploads\/2023\/09\/roentgenserviceag-444-10.01.23-ps-scaled.jpg\"><img decoding=\"async\" loading=\"lazy\" width=\"1024\" height=\"683\" data-id=\"1173\" src=\"https:\/\/www.roentgen-service.ch\/wp-content\/uploads\/2023\/09\/roentgenserviceag-444-10.01.23-ps-1024x683.jpg\" alt=\"\" class=\"wp-image-1173\" srcset=\"https:\/\/www.roentgen-service.ch\/wp-content\/uploads\/2023\/09\/roentgenserviceag-444-10.01.23-ps-1024x683.jpg 1024w, https:\/\/www.roentgen-service.ch\/wp-content\/uploads\/2023\/09\/roentgenserviceag-444-10.01.23-ps-300x200.jpg 300w, https:\/\/www.roentgen-service.ch\/wp-content\/uploads\/2023\/09\/roentgenserviceag-444-10.01.23-ps-768x512.jpg 768w, https:\/\/www.roentgen-service.ch\/wp-content\/uploads\/2023\/09\/roentgenserviceag-444-10.01.23-ps-1536x1024.jpg 1536w, https:\/\/www.roentgen-service.ch\/wp-content\/uploads\/2023\/09\/roentgenserviceag-444-10.01.23-ps-2048x1365.jpg 2048w, https:\/\/www.roentgen-service.ch\/wp-content\/uploads\/2023\/09\/roentgenserviceag-444-10.01.23-ps-900x600.jpg 900w, https:\/\/www.roentgen-service.ch\/wp-content\/uploads\/2023\/09\/roentgenserviceag-444-10.01.23-ps-600x400.jpg 600w\" sizes=\"(max-width: 1024px) 100vw, 1024px\" \/><\/a><\/figure>\n\n\n\n<figure data-no-zoom=\"true\" class=\"wp-block-image size-large\"><a href=\"https:\/\/www.roentgen-service.ch\/wp-content\/uploads\/2023\/09\/roentgenserviceag-466-10.01.23-ps-scaled.jpg\"><img decoding=\"async\" loading=\"lazy\" width=\"1024\" height=\"683\" data-id=\"1168\" src=\"https:\/\/www.roentgen-service.ch\/wp-content\/uploads\/2023\/09\/roentgenserviceag-466-10.01.23-ps-1024x683.jpg\" alt=\"\" class=\"wp-image-1168\" srcset=\"https:\/\/www.roentgen-service.ch\/wp-content\/uploads\/2023\/09\/roentgenserviceag-466-10.01.23-ps-1024x683.jpg 1024w, https:\/\/www.roentgen-service.ch\/wp-content\/uploads\/2023\/09\/roentgenserviceag-466-10.01.23-ps-300x200.jpg 300w, https:\/\/www.roentgen-service.ch\/wp-content\/uploads\/2023\/09\/roentgenserviceag-466-10.01.23-ps-768x512.jpg 768w, https:\/\/www.roentgen-service.ch\/wp-content\/uploads\/2023\/09\/roentgenserviceag-466-10.01.23-ps-1536x1024.jpg 1536w, https:\/\/www.roentgen-service.ch\/wp-content\/uploads\/2023\/09\/roentgenserviceag-466-10.01.23-ps-2048x1366.jpg 2048w, https:\/\/www.roentgen-service.ch\/wp-content\/uploads\/2023\/09\/roentgenserviceag-466-10.01.23-ps-900x600.jpg 900w, https:\/\/www.roentgen-service.ch\/wp-content\/uploads\/2023\/09\/roentgenserviceag-466-10.01.23-ps-600x400.jpg 600w\" sizes=\"(max-width: 1024px) 100vw, 1024px\" \/><\/a><\/figure>\n\n\n\n<figure data-no-zoom=\"true\" class=\"wp-block-image size-large\"><a href=\"https:\/\/www.roentgen-service.ch\/wp-content\/uploads\/2023\/09\/roentgenserviceag-473-10.01.23-scaled.jpg\"><img decoding=\"async\" data-id=\"1175\" src=\"https:\/\/www.roentgen-service.ch\/wp-content\/uploads\/2023\/09\/roentgenserviceag-473-10.01.23-1024x683.jpg\" alt=\"\" class=\"wp-image-1175\"\/><\/a><\/figure>\n\n\n\n<figure data-no-zoom=\"true\" class=\"wp-block-image size-large\"><a href=\"https:\/\/www.roentgen-service.ch\/wp-content\/uploads\/2023\/09\/roentgenserviceag-452-10.01.23-ps-scaled.jpg\"><img decoding=\"async\" data-id=\"1179\" src=\"https:\/\/www.roentgen-service.ch\/wp-content\/uploads\/2023\/09\/roentgenserviceag-452-10.01.23-ps-683x1024.jpg\" alt=\"\" class=\"wp-image-1179\"\/><\/a><\/figure>\n<\/figure>\n\n\n<div class=\"alignwide has-background has-primary-light-background-color wp-block-roentgen-service-contact\">\n    <img loading=\"lazy\" width=\"300\" height=\"200\" src=\"https:\/\/www.roentgen-service.ch\/wp-content\/uploads\/2022\/12\/portrait_andreas-widmer-scaled-300x200.jpg\" class=\"attachment-medium size-medium\" alt=\"\" decoding=\"async\" srcset=\"https:\/\/www.roentgen-service.ch\/wp-content\/uploads\/2022\/12\/portrait_andreas-widmer-scaled-300x200.jpg 300w, https:\/\/www.roentgen-service.ch\/wp-content\/uploads\/2022\/12\/portrait_andreas-widmer-scaled-1024x684.jpg 1024w, https:\/\/www.roentgen-service.ch\/wp-content\/uploads\/2022\/12\/portrait_andreas-widmer-scaled-768x513.jpg 768w, https:\/\/www.roentgen-service.ch\/wp-content\/uploads\/2022\/12\/portrait_andreas-widmer-scaled-1536x1025.jpg 1536w, https:\/\/www.roentgen-service.ch\/wp-content\/uploads\/2022\/12\/portrait_andreas-widmer-scaled-2048x1367.jpg 2048w, https:\/\/www.roentgen-service.ch\/wp-content\/uploads\/2022\/12\/portrait_andreas-widmer-scaled-900x601.jpg 900w, https:\/\/www.roentgen-service.ch\/wp-content\/uploads\/2022\/12\/portrait_andreas-widmer-scaled-600x401.jpg 600w\" sizes=\"(max-width: 300px) 100vw, 300px\" \/>    <div class=\"contact\">\n        <h2 class=\"contact__title\">Venite a trovarci a Emmen: vi aspettiamo!<\/h2>\n                    <p class=\"contact__text\">Siamo lieti di aprire le porte del nostro museo su appuntamento. Naturalmente, possiamo anche fare dimostrazioni in loco dei prodotti della nostra gamma attuale.<\/p>\n                            <div class=\"wp-block-buttons contact__actions\">\n                                    <div class=\"wp-block-button contact__email\">\n                        <a href=\"mailto:kontakt@roentgen-service.ch\" class=\"wp-block-button__link has-background has-primary-background-color\">\n                            kontakt@roentgen-service.ch                        <\/a>\n                    <\/div>\n                                                    <div class=\"wp-block-button contact__phone\">\n                        <a href=\"tel:+41 41 260 02 66\" class=\"wp-block-button__link has-background has-primary-background-color\">\n                            +41 41 260 02 66                        <\/a>\n                    <\/div>\n                            <\/div>\n            <\/div>\n<\/div>","protected":false},"excerpt":{"rendered":"<p>Exponate aus der Geschichte der Radiografie In unserem kleinen Museum hat unser Gr\u00fcndervater, Xaver Widmer, eine wohl europaweit einzigartige Sammlung an Gegenst\u00e4nden und Literatur aus der Geschichte des R\u00f6ntgens aufgebaut. Neben \u00fcber 100-j\u00e4hrigen R\u00f6ntgenr\u00f6hren k\u00f6nnen auch erste kommerziell genutzte R\u00f6ntgensysteme bestaunt werden. Nach und nach wurde das Museum erweitert und zeigt nun die technische Entwicklung [&hellip;]<\/p>","protected":false},"author":1,"featured_media":0,"parent":60,"menu_order":0,"comment_status":"closed","ping_status":"closed","template":"","meta":{"footnotes":""},"acf":[],"_links":{"self":[{"href":"https:\/\/www.roentgen-service.ch\/it\/wp-json\/wp\/v2\/pages\/504"}],"collection":[{"href":"https:\/\/www.roentgen-service.ch\/it\/wp-json\/wp\/v2\/pages"}],"about":[{"href":"https:\/\/www.roentgen-service.ch\/it\/wp-json\/wp\/v2\/types\/page"}],"author":[{"embeddable":true,"href":"https:\/\/www.roentgen-service.ch\/it\/wp-json\/wp\/v2\/users\/1"}],"replies":[{"embeddable":true,"href":"https:\/\/www.roentgen-service.ch\/it\/wp-json\/wp\/v2\/comments?post=504"}],"version-history":[{"count":26,"href":"https:\/\/www.roentgen-service.ch\/it\/wp-json\/wp\/v2\/pages\/504\/revisions"}],"predecessor-version":[{"id":2014,"href":"https:\/\/www.roentgen-service.ch\/it\/wp-json\/wp\/v2\/pages\/504\/revisions\/2014"}],"up":[{"embeddable":true,"href":"https:\/\/www.roentgen-service.ch\/it\/wp-json\/wp\/v2\/pages\/60"}],"wp:attachment":[{"href":"https:\/\/www.roentgen-service.ch\/it\/wp-json\/wp\/v2\/media?parent=504"}],"curies":[{"name":"wp","href":"https:\/\/api.w.org\/{rel}","templated":true}]}}