{"id":1735,"date":"2025-02-05T11:11:44","date_gmt":"2025-02-05T10:11:44","guid":{"rendered":"https:\/\/www.roentgen-service.ch\/?page_id=1735"},"modified":"2025-11-17T11:19:55","modified_gmt":"2025-11-17T10:19:55","slug":"accessori-per-radiografia","status":"publish","type":"page","link":"https:\/\/www.roentgen-service.ch\/it\/applicazioni-industriali\/accessori-per-radiografia\/","title":{"rendered":"Accessori per raggi X"},"content":{"rendered":"<h1 class=\"wp-block-heading has-text-align-left\">Accessori radiografici per applicazioni industriali in Svizzera - Stoccaggio, protezione dalle radiazioni e ausili<\/h1>\n\n\n\n<p>I nostri accessori a raggi X per applicazioni industriali in Svizzera comprendono un'ampia gamma di accessori e ausili che rendono pi\u00f9 efficiente e sicuro il lavoro quotidiano nei controlli non distruttivi (NDT).<br><br>La nostra gamma comprende:<\/p>\n\n\n\n<ul>\n<li>Ausili per il posizionamento come sacchi di sabbia, materassini di sostegno e tappeti di supporto.<\/li>\n\n\n\n<li>Cinghie di compressione per un fissaggio sicuro durante il test<\/li>\n\n\n\n<li>Misuratori di spessore (calibri) per una determinazione precisa delle impostazioni di prova<\/li>\n\n\n\n<li>Articoli di radioprotezione per il personale e l'ambiente circostante<\/li>\n\n\n\n<li>Filtro di compensazione per ottimizzare la qualit\u00e0 dell'immagine<\/li>\n<\/ul>\n\n\n\n<p class=\"translation-block\">Tutti i prodotti sono progettati per garantire durata, maneggevolezza e funzionalit\u00e0 ottimale. Vi consiglieremo personalmente nella scelta e, su richiesta, creeremo un'offerta individuale, ottimizzata in termini di costi e benefici, su misura per le esigenze della vostra azienda, del vostro laboratorio di prova o del vostro servizio di analisi mobile.<br><br>Ulteriori dettagli e informazioni sui prezzi sono disponibili nel nostro <a rel=\"noreferrer noopener\" href=\"https:\/\/www.roentgen-service.ch\/wp-content\/uploads\/2024\/08\/Preisliste-RS_08.2024.pdf\" target=\"_blank\">listino prezzi<\/a>.<\/p>\n\n\n\n<div style=\"height:0px\" aria-hidden=\"true\" class=\"wp-block-spacer\"><\/div>\n\n\n\n<div class=\"wp-block-group alignwide has-primary-light-background-color has-background is-layout-constrained wp-block-group-is-layout-constrained\"><div class=\"alignwide wp-block-roentgen-service-contact\">\n    <img loading=\"lazy\" width=\"300\" height=\"200\" src=\"https:\/\/www.roentgen-service.ch\/wp-content\/uploads\/2022\/12\/portrait_damian-widmer-scaled-300x200.jpg\" class=\"attachment-medium size-medium\" alt=\"\" decoding=\"async\" srcset=\"https:\/\/www.roentgen-service.ch\/wp-content\/uploads\/2022\/12\/portrait_damian-widmer-scaled-300x200.jpg 300w, https:\/\/www.roentgen-service.ch\/wp-content\/uploads\/2022\/12\/portrait_damian-widmer-scaled-1024x684.jpg 1024w, https:\/\/www.roentgen-service.ch\/wp-content\/uploads\/2022\/12\/portrait_damian-widmer-scaled-768x513.jpg 768w, https:\/\/www.roentgen-service.ch\/wp-content\/uploads\/2022\/12\/portrait_damian-widmer-scaled-1536x1025.jpg 1536w, https:\/\/www.roentgen-service.ch\/wp-content\/uploads\/2022\/12\/portrait_damian-widmer-scaled-2048x1367.jpg 2048w, https:\/\/www.roentgen-service.ch\/wp-content\/uploads\/2022\/12\/portrait_damian-widmer-scaled-900x601.jpg 900w, https:\/\/www.roentgen-service.ch\/wp-content\/uploads\/2022\/12\/portrait_damian-widmer-scaled-600x401.jpg 600w\" sizes=\"(max-width: 300px) 100vw, 300px\" \/>    <div class=\"contact\">\n        <h2 class=\"contact__title\">Avete domande?<\/h2>\n                    <p class=\"contact__text\">Saremo lieti di consigliarvi personalmente su tutte le questioni. Se siete interessati ai nostri prodotti, saremo lieti di preparare per voi un'offerta individuale, personalizzata e ottimizzata in termini di costi e benefici.<\/p>\n                            <div class=\"wp-block-buttons contact__actions\">\n                                    <div class=\"wp-block-button contact__email\">\n                        <a href=\"mailto:kontakt@roentgen-service.ch\" class=\"wp-block-button__link has-background has-primary-background-color\">\n                            kontakt@roentgen-service.ch                        <\/a>\n                    <\/div>\n                                                    <div class=\"wp-block-button contact__phone\">\n                        <a href=\"tel:+41 41 260 02 66\" class=\"wp-block-button__link has-background has-primary-background-color\">\n                            +41 41 260 02 66                        <\/a>\n                    <\/div>\n                            <\/div>\n            <\/div>\n<\/div><\/div>","protected":false},"excerpt":{"rendered":"<p>R\u00f6ntgenzubeh\u00f6r f\u00fcr Industrieanwendungen in der Schweiz \u2013 Lagerung, Strahlenschutz &amp; Hilfsmittel Unser R\u00f6ntgenzubeh\u00f6r f\u00fcr Industrieanwendungen in der Schweiz umfasst eine grosse Auswahl an Zusatzartikeln und Hilfsmitteln, die den Arbeitsalltag in der zerst\u00f6rungsfreien Werkstoffpr\u00fcfung (NDT) effizienter und sicherer machen. Unser Sortiment beinhaltet: Alle Produkte sind auf Langlebigkeit, einfache Handhabung und optimale Funktionalit\u00e4t ausgelegt. Wir beraten Sie [&hellip;]<\/p>","protected":false},"author":1,"featured_media":0,"parent":55,"menu_order":0,"comment_status":"closed","ping_status":"closed","template":"","meta":{"footnotes":""},"acf":[],"_links":{"self":[{"href":"https:\/\/www.roentgen-service.ch\/it\/wp-json\/wp\/v2\/pages\/1735"}],"collection":[{"href":"https:\/\/www.roentgen-service.ch\/it\/wp-json\/wp\/v2\/pages"}],"about":[{"href":"https:\/\/www.roentgen-service.ch\/it\/wp-json\/wp\/v2\/types\/page"}],"author":[{"embeddable":true,"href":"https:\/\/www.roentgen-service.ch\/it\/wp-json\/wp\/v2\/users\/1"}],"replies":[{"embeddable":true,"href":"https:\/\/www.roentgen-service.ch\/it\/wp-json\/wp\/v2\/comments?post=1735"}],"version-history":[{"count":6,"href":"https:\/\/www.roentgen-service.ch\/it\/wp-json\/wp\/v2\/pages\/1735\/revisions"}],"predecessor-version":[{"id":2013,"href":"https:\/\/www.roentgen-service.ch\/it\/wp-json\/wp\/v2\/pages\/1735\/revisions\/2013"}],"up":[{"embeddable":true,"href":"https:\/\/www.roentgen-service.ch\/it\/wp-json\/wp\/v2\/pages\/55"}],"wp:attachment":[{"href":"https:\/\/www.roentgen-service.ch\/it\/wp-json\/wp\/v2\/media?parent=1735"}],"curies":[{"name":"wp","href":"https:\/\/api.w.org\/{rel}","templated":true}]}}