{"id":652,"date":"2023-06-15T11:08:51","date_gmt":"2023-06-15T09:08:51","guid":{"rendered":"https:\/\/roentgen-service.dev.hayloft-it.ch\/?post_type=product&#038;p=652"},"modified":"2025-03-31T08:29:18","modified_gmt":"2025-03-31T06:29:18","slug":"dicompacs-nuque-cervicale-superieure-et-outils-chiropratiques-standard","status":"publish","type":"product","link":"https:\/\/www.roentgen-service.ch\/fr\/produit\/medecine-humaine\/logiciel\/gestion-des-images-pacs\/dicompacs-nuque-cervicale-superieure-et-outils-chiropratiques-standard\/","title":{"rendered":"dicomPACS\u00ae Outils cervicaux sup\u00e9rieurs &amp; chiropratiques"},"content":{"rendered":"<p>Le module suppl\u00e9mentaire dicomPACS\u00ae Upper Cervical (NUCCA) et Standard Chiropractic Tools est une extension modulaire du paquet de base dicomPACS\u00ae d'Oehm et Rehbein et comprend des outils de diagnostic pour un traitement id\u00e9al.<\/p>\n<p>Dans le but d'obtenir un diagnostic rapide et pr\u00e9cis, ce logiciel a \u00e9t\u00e9 d\u00e9velopp\u00e9 en collaboration avec d'\u00e9minents experts du Canada et des \u00c9tats-Unis. Afin de se rattacher \u00e0 l'environnement de travail habituel, un grand nombre de mod\u00e8les sont propos\u00e9s, tels que Relatoscope, Grid, Circumscale ou Cephalometer.<\/p>\n<p>De plus, de nombreuses possibilit\u00e9s sont offertes pour la planification de traitements ult\u00e9rieurs. Par exemple, apr\u00e8s avoir marqu\u00e9 manuellement les points souhait\u00e9s, des lignes m\u00e9dianes, des points centraux, des courbes d\u00e9finies et des angles sont automatiquement g\u00e9n\u00e9r\u00e9s. Bien entendu, ce module suppl\u00e9mentaire comprend \u00e9galement toutes les fonctions standard, telles que la mesure des distances, des angles et des angles de Cobb, ainsi que de nombreuses autres fonctions.<\/p>","protected":false},"excerpt":{"rendered":"<p>Module suppl\u00e9mentaire \"Upper Cervical (NUCCA) et Standard Chiropractic Tools\" au paquet de base dicomPACS\u00ae \u00e9prouv\u00e9 et sophistiqu\u00e9.<\/p>\n<ul>\n<li>Optimal : Extensible de mani\u00e8re modulaire<\/li>\n<li>Simple : interface utilisateur intuitive<\/li>\n<li>Universel : prend en charge tous les protocoles courants<\/li>\n<li>Efficace : passage rapide d'un examen \u00e0 l'autre<\/li>\n<\/ul>","protected":false},"featured_media":653,"template":"","meta":[],"product_cat":[51],"product_tag":[],"acf":[],"_links":{"self":[{"href":"https:\/\/www.roentgen-service.ch\/fr\/wp-json\/wp\/v2\/product\/652"}],"collection":[{"href":"https:\/\/www.roentgen-service.ch\/fr\/wp-json\/wp\/v2\/product"}],"about":[{"href":"https:\/\/www.roentgen-service.ch\/fr\/wp-json\/wp\/v2\/types\/product"}],"wp:featuredmedia":[{"embeddable":true,"href":"https:\/\/www.roentgen-service.ch\/fr\/wp-json\/wp\/v2\/media\/653"}],"wp:attachment":[{"href":"https:\/\/www.roentgen-service.ch\/fr\/wp-json\/wp\/v2\/media?parent=652"}],"wp:term":[{"taxonomy":"product_cat","embeddable":true,"href":"https:\/\/www.roentgen-service.ch\/fr\/wp-json\/wp\/v2\/product_cat?post=652"},{"taxonomy":"product_tag","embeddable":true,"href":"https:\/\/www.roentgen-service.ch\/fr\/wp-json\/wp\/v2\/product_tag?post=652"}],"curies":[{"name":"wp","href":"https:\/\/api.w.org\/{rel}","templated":true}]}}