{"id":649,"date":"2023-06-15T10:32:28","date_gmt":"2023-06-15T08:32:28","guid":{"rendered":"https:\/\/roentgen-service.dev.hayloft-it.ch\/?post_type=product&#038;p=649"},"modified":"2024-09-16T08:28:58","modified_gmt":"2024-09-16T06:28:58","slug":"paquet-de-base-dicompacs","status":"publish","type":"product","link":"https:\/\/www.roentgen-service.ch\/fr\/produit\/medecine-humaine\/logiciel\/gestion-des-images-pacs\/paquet-de-base-dicompacs\/","title":{"rendered":"dicomPACS\u00ae paquet de base"},"content":{"rendered":"<p>Le module de base de dicomPACS\u00ae est un logiciel PACS (picture archiving and communication system) \u00e9prouv\u00e9, sophistiqu\u00e9 et ind\u00e9pendant du fabricant, d\u00e9velopp\u00e9 par Oehm et Rehbein, qui est utilis\u00e9 aussi bien dans les cabinets de m\u00e9decins de famille que dans les h\u00f4pitaux. Le syst\u00e8me supporte tous les standards courants et peut \u00eatre \u00e9tendu de mani\u00e8re modulaire.<\/p>\n<p>Comme nous avons travaill\u00e9 en \u00e9troite collaboration avec des m\u00e9decins lors de la conception et de la programmation de dicomPACS\u00ae, nous avons pu d\u00e9velopper une solution high-tech particuli\u00e8rement simple et intuitive, bien pens\u00e9e, pour une gestion intelligente des images. Le logiciel est responsable de l'acquisition (cf. logiciel d'acquisition dicomPACS\u00aeDX-R), du traitement, de l'interpr\u00e9tation, de la transmission, ainsi que de l'archivage des radiographies num\u00e9riques. En outre, il est possible d'enregistrer dans le dossier num\u00e9rique du patient d'autres documents m\u00e9dicaux au choix, comme par exemple des enregistrements de scanner, d'IRM ou d'\u00e9chographie, mais aussi des lettres de m\u00e9decins, des r\u00e9sultats, des processus de gu\u00e9rison, etc.<\/p>\n<p>Des algorithmes bien pens\u00e9s pour l'archivage et la sauvegarde garantissent un acc\u00e8s rapide aux donn\u00e9es, dans le respect des normes de s\u00e9curit\u00e9 les plus strictes et de la l\u00e9gislation en vigueur. Les donn\u00e9es sont \u00e0 chaque fois imm\u00e9diatement disponibles en un clic de souris.<\/p>\n<p>dicomPACS\u00ae s'int\u00e8gre dans tous les syst\u00e8mes de gestion courants, comme l'EPA, le RIS ou le SIH.<\/p>","protected":false},"excerpt":{"rendered":"<p>Logiciel PACS \u00e9prouv\u00e9 et sophistiqu\u00e9 pour le traitement, l'interpr\u00e9tation, la transmission et l'archivage des radiographies num\u00e9riques.<\/p>\n<ul>\n<li>Optimal : Extensible de mani\u00e8re modulaire<\/li>\n<li>Simple : interface utilisateur intuitive<\/li>\n<li>Universel : prend en charge tous les protocoles courants<\/li>\n<li>Efficace : passage rapide d'un examen \u00e0 l'autre<\/li>\n<\/ul>","protected":false},"featured_media":1373,"template":"","meta":[],"product_cat":[51],"product_tag":[],"acf":[],"_links":{"self":[{"href":"https:\/\/www.roentgen-service.ch\/fr\/wp-json\/wp\/v2\/product\/649"}],"collection":[{"href":"https:\/\/www.roentgen-service.ch\/fr\/wp-json\/wp\/v2\/product"}],"about":[{"href":"https:\/\/www.roentgen-service.ch\/fr\/wp-json\/wp\/v2\/types\/product"}],"wp:featuredmedia":[{"embeddable":true,"href":"https:\/\/www.roentgen-service.ch\/fr\/wp-json\/wp\/v2\/media\/1373"}],"wp:attachment":[{"href":"https:\/\/www.roentgen-service.ch\/fr\/wp-json\/wp\/v2\/media?parent=649"}],"wp:term":[{"taxonomy":"product_cat","embeddable":true,"href":"https:\/\/www.roentgen-service.ch\/fr\/wp-json\/wp\/v2\/product_cat?post=649"},{"taxonomy":"product_tag","embeddable":true,"href":"https:\/\/www.roentgen-service.ch\/fr\/wp-json\/wp\/v2\/product_tag?post=649"}],"curies":[{"name":"wp","href":"https:\/\/api.w.org\/{rel}","templated":true}]}}