{"id":643,"date":"2023-06-15T09:52:01","date_gmt":"2023-06-15T07:52:01","guid":{"rendered":"https:\/\/roentgen-service.dev.hayloft-it.ch\/?post_type=product&#038;p=643"},"modified":"2023-10-24T08:44:35","modified_gmt":"2023-10-24T06:44:35","slug":"amadeo-r-motorised","status":"publish","type":"product","link":"https:\/\/www.roentgen-service.ch\/fr\/produit\/medecine-humaine\/systemes-darrosage-fixes\/amadeo-r-motorised\/","title":{"rendered":"Amadeo R motorised"},"content":{"rendered":"<p>Notre solution pour toute la gamme de radiographies : Le syst\u00e8me de radiographie num\u00e9rique motoris\u00e9 avec table \u00e0 bucky et statif mural \u00e0 grille de Oehm et Rehbein.<\/p>\n<p>L'Amadeo R motorised permet de r\u00e9aliser l'ensemble des clich\u00e9s de la radiographie de projection diagnostique. Le syst\u00e8me comprend tous les composants n\u00e9cessaires \u00e0 la r\u00e9alisation de radiographies num\u00e9riques : Installation radiologique avec table de bucky et statif mural \u00e0 grille, g\u00e9n\u00e9rateur de rayons X, d\u00e9tecteur, PC avec logiciel d'acquisition et de diagnostic pr\u00e9install\u00e9 dicomPACS\u00aeDX-R d'Oehm et Rehbein. L'utilisation simple et intuitive du logiciel permet de r\u00e9gler automatiquement et sans probl\u00e8me tous les param\u00e8tres n\u00e9cessaires. Gr\u00e2ce \u00e0 sa conception compacte, l'espace disponible peut \u00eatre utilis\u00e9 de mani\u00e8re optimale sans limiter la fonctionnalit\u00e9 du syst\u00e8me.<\/p>\n<p>Le positionnement flexible et motoris\u00e9 de l'installation permet d'obtenir une large palette de clich\u00e9s, qui peuvent \u00eatre r\u00e9alis\u00e9s sur un patient assis, debout ou couch\u00e9. Gr\u00e2ce \u00e0 la grande capacit\u00e9 de charge du plateau flottant de la table de radiologie, r\u00e9glable en hauteur sur 6 positions, il est \u00e9galement possible d'examiner sans probl\u00e8me des patients de grande taille. La commande s'effectue via un \u00e9cran tactile int\u00e9gr\u00e9 de 10\u2033, et jusqu'\u00e0 60 positions d'appareil pr\u00e9r\u00e9gl\u00e9es peuvent \u00eatre approch\u00e9es de mani\u00e8re semi-automatique en cons\u00e9quence. L'installation peut ainsi \u00eatre utilis\u00e9e dans les services de radiologie tr\u00e8s fr\u00e9quent\u00e9s. La protection des patients est assur\u00e9e \u00e0 tout moment par les fonctions de s\u00e9curit\u00e9 int\u00e9gr\u00e9es.<\/p>\n<p>L'accent est mis sur le d\u00e9tecteur de rayons X \u00e0 haute r\u00e9solution \u00e0 l'iodure de c\u00e9sium (CsI) (grille amovible sur la table et statif mural \u00e0 grille), qui assure une excellente qualit\u00e9 d'image sur tout le spectre des clich\u00e9s.<\/p>","protected":false},"excerpt":{"rendered":"<p>Syst\u00e8me de radiographie num\u00e9rique universel et motoris\u00e9 avec table \u00e0 bucky et statif mural \u00e0 grille.<\/p>\n<ul>\n<li>Meilleure qualit\u00e9 d'image : d\u00e9tecteur de rayons X CsI \u00e0 haute r\u00e9solution<\/li>\n<li>Simplicit\u00e9 : utilisation intuitive et positionnement semi-automatique<\/li>\n<li>Complet : permet une gamme compl\u00e8te de radiographies<\/li>\n<li>S\u00fbr : syst\u00e8mes de s\u00e9curit\u00e9 int\u00e9gr\u00e9s<\/li>\n<\/ul>","protected":false},"featured_media":644,"template":"","meta":[],"product_cat":[40],"product_tag":[],"acf":[],"_links":{"self":[{"href":"https:\/\/www.roentgen-service.ch\/fr\/wp-json\/wp\/v2\/product\/643"}],"collection":[{"href":"https:\/\/www.roentgen-service.ch\/fr\/wp-json\/wp\/v2\/product"}],"about":[{"href":"https:\/\/www.roentgen-service.ch\/fr\/wp-json\/wp\/v2\/types\/product"}],"wp:featuredmedia":[{"embeddable":true,"href":"https:\/\/www.roentgen-service.ch\/fr\/wp-json\/wp\/v2\/media\/644"}],"wp:attachment":[{"href":"https:\/\/www.roentgen-service.ch\/fr\/wp-json\/wp\/v2\/media?parent=643"}],"wp:term":[{"taxonomy":"product_cat","embeddable":true,"href":"https:\/\/www.roentgen-service.ch\/fr\/wp-json\/wp\/v2\/product_cat?post=643"},{"taxonomy":"product_tag","embeddable":true,"href":"https:\/\/www.roentgen-service.ch\/fr\/wp-json\/wp\/v2\/product_tag?post=643"}],"curies":[{"name":"wp","href":"https:\/\/api.w.org\/{rel}","templated":true}]}}