{"id":641,"date":"2023-06-15T09:38:36","date_gmt":"2023-06-15T07:38:36","guid":{"rendered":"https:\/\/roentgen-service.dev.hayloft-it.ch\/?post_type=product&#038;p=641"},"modified":"2023-10-24T08:43:46","modified_gmt":"2023-10-24T06:43:46","slug":"amadeo-z-motorised","status":"publish","type":"product","link":"https:\/\/www.roentgen-service.ch\/fr\/produit\/medecine-humaine\/systemes-darrosage-fixes\/amadeo-z-motorised\/","title":{"rendered":"Amadeo Z motorised"},"content":{"rendered":"<p>Notre solution pour toute la gamme des radiographies : Le syst\u00e8me de radiographie num\u00e9rique \u00e0 arceau pivotant enti\u00e8rement motoris\u00e9 de Oehm et Rehbein.<\/p>\n<p>L'Amadeo Z motorised permet de r\u00e9aliser tous les clich\u00e9s de la radiographie de projection diagnostique. Le syst\u00e8me comprend tous les composants n\u00e9cessaires \u00e0 la r\u00e9alisation de radiographies num\u00e9riques : Syst\u00e8me d'arceaux pivotants (enti\u00e8rement motoris\u00e9), g\u00e9n\u00e9rateur de rayons X, d\u00e9tecteur, PC avec logiciel d'acquisition et de diagnostic pr\u00e9install\u00e9 dicomPACS\u00aeDX-R d'Oehm et Rehbein. L'utilisation simple et intuitive du logiciel permet de r\u00e9gler automatiquement et sans probl\u00e8me tous les param\u00e8tres n\u00e9cessaires. Gr\u00e2ce \u00e0 sa construction compacte, ce syst\u00e8me de radiographie num\u00e9rique convient \u00e9galement tr\u00e8s bien pour les petites pi\u00e8ces avec une hauteur de plafond d'au moins 2,4 m.<\/p>\n<p>Le positionnement flexible et enti\u00e8rement motoris\u00e9 du tr\u00e9pied permet de r\u00e9aliser une large palette de clich\u00e9s sur un patient assis, debout ou couch\u00e9. Il est \u00e9galement possible de r\u00e9aliser des clich\u00e9s automatis\u00e9s de la colonne vert\u00e9brale et des jambes enti\u00e8res (\"stitching\"). La commande s'effectue via un \u00e9cran tactile int\u00e9gr\u00e9 de 10\u2033, et il est possible de m\u00e9moriser jusqu'\u00e0 60 positions de l'appareil et d'y acc\u00e9der de mani\u00e8re enti\u00e8rement motoris\u00e9e. En outre, le syst\u00e8me peut \u00eatre command\u00e9 \u00e0 distance. La protection des patients est assur\u00e9e par des capteurs de collision intelligents. En cas de contact possible avec le patient ou avec des objets, le mouvement de d\u00e9placement est imm\u00e9diatement interrompu.<\/p>\n<p>Il convient de souligner le d\u00e9tecteur de rayons X \u00e0 haute r\u00e9solution \u00e0 l'iodure de c\u00e9sium (CsI) (avec grille amovible), qui assure une qualit\u00e9 d'image brillante sur tout le spectre des clich\u00e9s.<\/p>","protected":false},"excerpt":{"rendered":"<p>Syst\u00e8me de radiographie num\u00e9rique enti\u00e8rement motoris\u00e9 avec statif \u00e0 \u00e9trier pivotant.<\/p>\n<ul>\n<li>Meilleure qualit\u00e9 d'image : d\u00e9tecteur de rayons X CsI \u00e0 haute r\u00e9solution<\/li>\n<li>Simplicit\u00e9 : utilisation intuitive et positionnement enti\u00e8rement motoris\u00e9<\/li>\n<li>Complet : convient pour toutes les radiographies courantes<\/li>\n<li>S\u00fbr : capteurs de collision intelligents<\/li>\n<\/ul>","protected":false},"featured_media":642,"template":"","meta":[],"product_cat":[40],"product_tag":[],"acf":[],"_links":{"self":[{"href":"https:\/\/www.roentgen-service.ch\/fr\/wp-json\/wp\/v2\/product\/641"}],"collection":[{"href":"https:\/\/www.roentgen-service.ch\/fr\/wp-json\/wp\/v2\/product"}],"about":[{"href":"https:\/\/www.roentgen-service.ch\/fr\/wp-json\/wp\/v2\/types\/product"}],"wp:featuredmedia":[{"embeddable":true,"href":"https:\/\/www.roentgen-service.ch\/fr\/wp-json\/wp\/v2\/media\/642"}],"wp:attachment":[{"href":"https:\/\/www.roentgen-service.ch\/fr\/wp-json\/wp\/v2\/media?parent=641"}],"wp:term":[{"taxonomy":"product_cat","embeddable":true,"href":"https:\/\/www.roentgen-service.ch\/fr\/wp-json\/wp\/v2\/product_cat?post=641"},{"taxonomy":"product_tag","embeddable":true,"href":"https:\/\/www.roentgen-service.ch\/fr\/wp-json\/wp\/v2\/product_tag?post=641"}],"curies":[{"name":"wp","href":"https:\/\/api.w.org\/{rel}","templated":true}]}}