{"id":435,"date":"2022-11-07T21:02:37","date_gmt":"2022-11-07T20:02:37","guid":{"rendered":"https:\/\/roentgen-service.dev.hayloft-it.ch\/?post_type=product&#038;p=435"},"modified":"2023-10-24T08:45:08","modified_gmt":"2023-10-24T06:45:08","slug":"amadeo-s-motorised","status":"publish","type":"product","link":"https:\/\/www.roentgen-service.ch\/fr\/produit\/medecine-humaine\/systemes-darrosage-fixes\/amadeo-s-motorised\/","title":{"rendered":"Amadeo S motorised"},"content":{"rendered":"<p>Notre r\u00e9ponse \u00e0 toutes les questions de la radiographie diagnostique : le syst\u00e8me de radiographie num\u00e9rique motoris\u00e9 \u00e0 arceau pivotant de Oehm et Rehbein.<\/p>\n<p>L'Amadeo S motorised permet de r\u00e9aliser tous les clich\u00e9s de la radiographie de projection diagnostique. Le syst\u00e8me comprend tous les composants n\u00e9cessaires \u00e0 la radiographie num\u00e9rique : syst\u00e8me d'arceau pivotant (partiellement motoris\u00e9), g\u00e9n\u00e9rateur de rayons X, d\u00e9tecteur, PC avec logiciel d'acquisition et de diagnostic pr\u00e9install\u00e9 dicomPACS\u00aeDX-R d'Oehm et Rehbein. L'utilisation simple et intuitive du logiciel permet de r\u00e9gler automatiquement et sans probl\u00e8me tous les param\u00e8tres n\u00e9cessaires. Gr\u00e2ce \u00e0 sa construction compacte, ce syst\u00e8me de radiographie num\u00e9rique est particuli\u00e8rement adapt\u00e9 aux petites pi\u00e8ces, la hauteur de plafond minimale n\u00e9cessaire \u00e9tant de 2,4 m seulement.<\/p>\n<p>Le positionnement flexible et motoris\u00e9 du statif permet une large palette de prises de vue, qui peuvent \u00eatre r\u00e9alis\u00e9es sur un patient assis, debout ou couch\u00e9. La commande s'effectue via un \u00e9cran tactile int\u00e9gr\u00e9 de 10\u2033, sachant qu'il est possible de m\u00e9moriser jusqu'\u00e0 60 positions de l'appareil et de les approcher en cons\u00e9quence de mani\u00e8re partiellement motoris\u00e9e. La protection des patients est assur\u00e9e par des capteurs de collision intelligents. En cas de contact possible avec le patient ou avec des objets, le mouvement de d\u00e9placement est imm\u00e9diatement interrompu.<\/p>\n<p>Il convient de souligner le d\u00e9tecteur de rayons X \u00e0 haute r\u00e9solution \u00e0 l'iodure de c\u00e9sium (CsI) (avec grille amovible), qui assure une qualit\u00e9 d'image brillante sur tout le spectre des clich\u00e9s.<\/p>","protected":false},"excerpt":{"rendered":"<p>Syst\u00e8me de radiographie num\u00e9rique motoris\u00e9 avec statif \u00e0 \u00e9trier pivotant.<\/p>\n<ul>\n<li>Meilleure qualit\u00e9 d'image : d\u00e9tecteur de rayons X CsI \u00e0 haute r\u00e9solution<\/li>\n<li>Simplicit\u00e9 : utilisation intuitive et positionnement semi-automatique<\/li>\n<li>Compact : optimal pour les petits espaces<\/li>\n<li>S\u00fbr : capteurs de collision intelligents<\/li>\n<\/ul>","protected":false},"featured_media":436,"template":"","meta":[],"product_cat":[40],"product_tag":[125,124],"acf":[],"_links":{"self":[{"href":"https:\/\/www.roentgen-service.ch\/fr\/wp-json\/wp\/v2\/product\/435"}],"collection":[{"href":"https:\/\/www.roentgen-service.ch\/fr\/wp-json\/wp\/v2\/product"}],"about":[{"href":"https:\/\/www.roentgen-service.ch\/fr\/wp-json\/wp\/v2\/types\/product"}],"wp:featuredmedia":[{"embeddable":true,"href":"https:\/\/www.roentgen-service.ch\/fr\/wp-json\/wp\/v2\/media\/436"}],"wp:attachment":[{"href":"https:\/\/www.roentgen-service.ch\/fr\/wp-json\/wp\/v2\/media?parent=435"}],"wp:term":[{"taxonomy":"product_cat","embeddable":true,"href":"https:\/\/www.roentgen-service.ch\/fr\/wp-json\/wp\/v2\/product_cat?post=435"},{"taxonomy":"product_tag","embeddable":true,"href":"https:\/\/www.roentgen-service.ch\/fr\/wp-json\/wp\/v2\/product_tag?post=435"}],"curies":[{"name":"wp","href":"https:\/\/api.w.org\/{rel}","templated":true}]}}