{"id":1655,"date":"2025-01-27T11:04:18","date_gmt":"2025-01-27T10:04:18","guid":{"rendered":"https:\/\/www.roentgen-service.ch\/?post_type=product&#038;p=1655"},"modified":"2025-02-18T07:06:17","modified_gmt":"2025-02-18T06:06:17","slug":"dicompacs-paquet-de-base-3","status":"publish","type":"product","link":"https:\/\/www.roentgen-service.ch\/fr\/produit\/applications-industrielles\/logiciel-industrie\/pacs-gestion-dimages-logiciel-industrie\/dicompacs-paquet-de-base-3\/","title":{"rendered":"dicomPACS\u00ae paquet de base"},"content":{"rendered":"<p>Le module de base de dicomPACS\u00ae est un logiciel PACS (picture archiving and communication system) \u00e9prouv\u00e9, sophistiqu\u00e9 et ind\u00e9pendant du fabricant, d\u00e9velopp\u00e9 par Oehm et Rehbein. Il est utilis\u00e9 pour les radiographies num\u00e9riques au format DICONDE (digital imaging and communication in non destructive evaluation). Le syst\u00e8me prend en charge tous les standards courants et peut \u00eatre \u00e9tendu de mani\u00e8re modulaire.<\/p>\n<p>Comme la conception et la programmation de dicomPACS\u00ae ont \u00e9t\u00e9 r\u00e9alis\u00e9es en \u00e9troite collaboration avec des repr\u00e9sentants de la radiographie num\u00e9rique dans le domaine m\u00e9dical, il a \u00e9t\u00e9 possible de d\u00e9velopper une solution high-tech particuli\u00e8rement simple et intuitive, bien pens\u00e9e, pour une gestion intelligente des images. Le logiciel est responsable de l'acquisition (cf. logiciel d'acquisition et de contr\u00f4le ORinspect), du traitement, de l'analyse, de la transmission, ainsi que de l'archivage des radiographies num\u00e9riques. En outre, les archives DICONDE permettent d'enregistrer facilement d'autres documents suppl\u00e9mentaires de son choix.<\/p>\n<p>Des algorithmes bien pens\u00e9s pour l'archivage et la sauvegarde garantissent un acc\u00e8s rapide aux donn\u00e9es, tout en respectant les normes de s\u00e9curit\u00e9 les plus \u00e9lev\u00e9es, comme c'est le cas en m\u00e9decine humaine. Les donn\u00e9es sont \u00e0 chaque fois imm\u00e9diatement disponibles en un clic de souris.<\/p>\n<p>dicomPACS\u00ae s'int\u00e8gre dans tous les syst\u00e8mes DICONDE courants.<\/p>","protected":false},"excerpt":{"rendered":"<p>Logiciel PACS \u00e9prouv\u00e9 et sophistiqu\u00e9 pour le traitement, l'analyse, la transmission et l'archivage de radiographies num\u00e9riques au format DICONDE.<\/p>\n<ul>\n<li>Optimal : Extensible de mani\u00e8re modulaire<\/li>\n<li>Simple : interface utilisateur intuitive<\/li>\n<li>Universel : prend en charge tous les protocoles courants<\/li>\n<li>Efficace : changement rapide entre les inspections<\/li>\n<\/ul>","protected":false},"featured_media":1656,"template":"","meta":[],"product_cat":[79],"product_tag":[],"acf":[],"_links":{"self":[{"href":"https:\/\/www.roentgen-service.ch\/fr\/wp-json\/wp\/v2\/product\/1655"}],"collection":[{"href":"https:\/\/www.roentgen-service.ch\/fr\/wp-json\/wp\/v2\/product"}],"about":[{"href":"https:\/\/www.roentgen-service.ch\/fr\/wp-json\/wp\/v2\/types\/product"}],"wp:featuredmedia":[{"embeddable":true,"href":"https:\/\/www.roentgen-service.ch\/fr\/wp-json\/wp\/v2\/media\/1656"}],"wp:attachment":[{"href":"https:\/\/www.roentgen-service.ch\/fr\/wp-json\/wp\/v2\/media?parent=1655"}],"wp:term":[{"taxonomy":"product_cat","embeddable":true,"href":"https:\/\/www.roentgen-service.ch\/fr\/wp-json\/wp\/v2\/product_cat?post=1655"},{"taxonomy":"product_tag","embeddable":true,"href":"https:\/\/www.roentgen-service.ch\/fr\/wp-json\/wp\/v2\/product_tag?post=1655"}],"curies":[{"name":"wp","href":"https:\/\/api.w.org\/{rel}","templated":true}]}}