{"id":1620,"date":"2025-01-22T15:34:20","date_gmt":"2025-01-22T14:34:20","guid":{"rendered":"https:\/\/www.roentgen-service.ch\/?post_type=product&#038;p=1620"},"modified":"2025-02-18T07:05:54","modified_gmt":"2025-02-18T06:05:54","slug":"orinspect","status":"publish","type":"product","link":"https:\/\/www.roentgen-service.ch\/fr\/produit\/applications-industrielles\/logiciel-industrie\/logiciel-denregistrement-et-de-controle\/orinspect\/","title":{"rendered":"ORinspect"},"content":{"rendered":"<p>Le logiciel interne de prise de vue et de commande ORinspect d'Oehm et Rehbein se charge de l'int\u00e9gration compl\u00e8te du syst\u00e8me de radiographie num\u00e9rique (ou de contr\u00f4le radiographique par rayons gamma).<\/p>\n<p>Le logiciel commande le g\u00e9n\u00e9rateur de rayons X, l'installation ainsi que le syst\u00e8me de d\u00e9tection des rayons X (DR), le d\u00e9tecteur matriciel (DDA) ou le lecteur de films \u00e0 m\u00e9moire (CR), ind\u00e9pendamment du fabricant, et permet ainsi l'enregistrement et l'\u00e9valuation des radiographies num\u00e9riques. Le syst\u00e8me peut \u00eatre utilis\u00e9 au moyen d'une souris ou d'un \u00e9cran tactile via une interface utilisateur simple et intuitive, ce qui garantit un flux de travail ordonn\u00e9 et optimis\u00e9.<\/p>\n<p>Pour faciliter encore plus le travail, le logiciel dispose de nombreuses fonctions suppl\u00e9mentaires utiles, d\u00e9j\u00e0 int\u00e9gr\u00e9es ou en option, comme l'optimisation automatique des images ou l'option de stitching. En outre, l'application aide \u00e0 \u00e9tablir des rapports de contr\u00f4le selon la norme.<\/p>\n<p>L'observation des radiographies peut \u00eatre effectu\u00e9e directement dans le logiciel d'acquisition et de commande gr\u00e2ce \u00e0 la visionneuse ORinspect int\u00e9gr\u00e9e. De plus, ORinspect supporte \u00e9galement l'extension \u00e0 un syst\u00e8me d'archivage d'images bas\u00e9 sur DICONDE.<\/p>","protected":false},"excerpt":{"rendered":"<p>Logiciel d'acquisition et de contr\u00f4le simple et intuitif pour l'int\u00e9gration du syst\u00e8me radiographique num\u00e9rique complet pour les proc\u00e9dures de contr\u00f4le non destructif dans le secteur industriel.<\/p>\n<ul>\n<li>Moderne : contr\u00f4le par \u00e9cran tactile<\/li>\n<li>Simple : interface utilisateur intuitive<\/li>\n<li>Universel : prend en charge tous les protocoles courants<\/li>\n<li>Efficace : changement rapide entre les inspections<\/li>\n<\/ul>","protected":false},"featured_media":1621,"template":"","meta":[],"product_cat":[170],"product_tag":[],"acf":[],"_links":{"self":[{"href":"https:\/\/www.roentgen-service.ch\/fr\/wp-json\/wp\/v2\/product\/1620"}],"collection":[{"href":"https:\/\/www.roentgen-service.ch\/fr\/wp-json\/wp\/v2\/product"}],"about":[{"href":"https:\/\/www.roentgen-service.ch\/fr\/wp-json\/wp\/v2\/types\/product"}],"wp:featuredmedia":[{"embeddable":true,"href":"https:\/\/www.roentgen-service.ch\/fr\/wp-json\/wp\/v2\/media\/1621"}],"wp:attachment":[{"href":"https:\/\/www.roentgen-service.ch\/fr\/wp-json\/wp\/v2\/media?parent=1620"}],"wp:term":[{"taxonomy":"product_cat","embeddable":true,"href":"https:\/\/www.roentgen-service.ch\/fr\/wp-json\/wp\/v2\/product_cat?post=1620"},{"taxonomy":"product_tag","embeddable":true,"href":"https:\/\/www.roentgen-service.ch\/fr\/wp-json\/wp\/v2\/product_tag?post=1620"}],"curies":[{"name":"wp","href":"https:\/\/api.w.org\/{rel}","templated":true}]}}