{"id":1608,"date":"2025-01-22T15:17:57","date_gmt":"2025-01-22T14:17:57","guid":{"rendered":"https:\/\/www.roentgen-service.ch\/?post_type=product&#038;p=1608"},"modified":"2025-02-05T09:26:22","modified_gmt":"2025-02-05T08:26:22","slug":"medici-dr-dental-systeme-2","status":"publish","type":"product","link":"https:\/\/www.roentgen-service.ch\/fr\/produit\/applications-industrielles\/solutions-roentgen-numerisation-industrie\/medici-dr-dental-systeme-2\/","title":{"rendered":"Medici DR Syst\u00e8mes dentaires"},"content":{"rendered":"<p>Les syst\u00e8mes dentaires Medici DR (d\u00e9tecteurs dentaires CMOS) d'Oehm et Rehbein permettent d'\u00e9quiper facilement en num\u00e9rique les installations radiologiques analogiques ou d'\u00e9tendre les installations radiologiques num\u00e9riques existantes afin de pouvoir r\u00e9aliser d'excellentes radiographies pour le contr\u00f4le non destructif des mat\u00e9riaux (CND).<\/p>\n<p>Les d\u00e9tecteurs dentaires num\u00e9riques Pluto sont disponibles en deux tailles (voir variantes), le capteur CMOS int\u00e9gr\u00e9 offrant une r\u00e9solution de 20\u03bcm. Le scintillateur CsI assure une qualit\u00e9 d'image optimale. Les d\u00e9tecteurs pr\u00e9sentent une longue dur\u00e9e de vie, garantie par le scellement du capteur au moyen d'une plaque en fibre de verre.<\/p>\n<p>Gr\u00e2ce \u00e0 l'interface USB haute vitesse facile \u00e0 utiliser, les d\u00e9tecteurs peuvent \u00eatre facilement connect\u00e9s \u00e0 un PC sans qu'une unit\u00e9 de contr\u00f4le suppl\u00e9mentaire soit n\u00e9cessaire. Le syst\u00e8me se compose d'un d\u00e9tecteur de rayons X facile \u00e0 utiliser avec un c\u00e2ble, qui est \u00e9tanche \u00e0 la poussi\u00e8re et \u00e0 l'eau (comparable \u00e0 IP68).<\/p>\n<p>Le logiciel de prise de vue et de commande int\u00e9gr\u00e9 ORinspect d'Oehm et Rehbein est facile \u00e0 utiliser via un \u00e9cran tactile ou un ordinateur portable et s'adapte au flux de travail de l'utilisateur. Les radiographies sont disponibles presque instantan\u00e9ment et convainquent par leur qualit\u00e9 sup\u00e9rieure.<\/p>","protected":false},"excerpt":{"rendered":"<p>DR D\u00e9tecteurs dentaires pour la mise \u00e0 niveau num\u00e9rique ou l'extension d'un syst\u00e8me radiographique existant dans le domaine de la radiographie industrielle (NDT).<\/p>\n<ul>\n<li>Meilleure qualit\u00e9 d'image : d\u00e9tecteur de rayons X CsI \u00e0 haute r\u00e9solution<\/li>\n<li>Simplicit\u00e9 : utilisation intuitive du logiciel associ\u00e9<\/li>\n<li>Universel : compatible avec presque tous les syst\u00e8mes de radiographie<\/li>\n<li>Personnalisation : diff\u00e9rentes versions et tailles<\/li>\n<\/ul>","protected":false},"featured_media":1614,"template":"","meta":[],"product_cat":[71],"product_tag":[],"acf":[],"_links":{"self":[{"href":"https:\/\/www.roentgen-service.ch\/fr\/wp-json\/wp\/v2\/product\/1608"}],"collection":[{"href":"https:\/\/www.roentgen-service.ch\/fr\/wp-json\/wp\/v2\/product"}],"about":[{"href":"https:\/\/www.roentgen-service.ch\/fr\/wp-json\/wp\/v2\/types\/product"}],"wp:featuredmedia":[{"embeddable":true,"href":"https:\/\/www.roentgen-service.ch\/fr\/wp-json\/wp\/v2\/media\/1614"}],"wp:attachment":[{"href":"https:\/\/www.roentgen-service.ch\/fr\/wp-json\/wp\/v2\/media?parent=1608"}],"wp:term":[{"taxonomy":"product_cat","embeddable":true,"href":"https:\/\/www.roentgen-service.ch\/fr\/wp-json\/wp\/v2\/product_cat?post=1608"},{"taxonomy":"product_tag","embeddable":true,"href":"https:\/\/www.roentgen-service.ch\/fr\/wp-json\/wp\/v2\/product_tag?post=1608"}],"curies":[{"name":"wp","href":"https:\/\/api.w.org\/{rel}","templated":true}]}}