{"id":1599,"date":"2025-01-22T14:37:44","date_gmt":"2025-01-22T13:37:44","guid":{"rendered":"https:\/\/www.roentgen-service.ch\/?post_type=product&#038;p=1599"},"modified":"2025-02-05T09:26:14","modified_gmt":"2025-02-05T08:26:14","slug":"leonardo-dr-mini-iii","status":"publish","type":"product","link":"https:\/\/www.roentgen-service.ch\/fr\/produit\/applications-industrielles\/systemes-delectrodes-portables\/leonardo-dr-mini-iii\/","title":{"rendered":"Leonardo DR mini III"},"content":{"rendered":"<p>Le Leonardo DR mini III de Oehm et Rehbein est un syst\u00e8me de valise radiographique num\u00e9rique super l\u00e9ger et portable pour le contr\u00f4le non destructif des mat\u00e9riaux (CND).<\/p>\n<p>Avec un poids d'environ 9,5 kg, le Leonardo DR mini III fait partie des valises de radiographie les plus l\u00e9g\u00e8res au monde. Elle est sp\u00e9cialement con\u00e7ue pour \u00eatre utilis\u00e9e dans des espaces restreints et \u00e0 l'ext\u00e9rieur, ce qui en fait l'outil id\u00e9al dans le secteur des TND.<\/p>\n<p>Le Leonardo DR mini III est rapidement pr\u00eat \u00e0 l'emploi et facile \u00e0 utiliser. Un \u00e9cran tactile int\u00e9gr\u00e9 antireflet 21.5\u2033 Full HD, ainsi que le logiciel de prise de vue et de contr\u00f4le int\u00e9gr\u00e9 garantissent une excellente qualit\u00e9 d'image. La mallette de radiographie est \u00e9quip\u00e9e d'un affichage d'\u00e9tat en quatre couleurs pour visualiser directement le d\u00e9roulement du travail.<\/p>","protected":false},"excerpt":{"rendered":"<p>Syst\u00e8me de radiographie portable super l\u00e9ger au format d'une valise.<\/p>\n<ul>\n<li>Meilleure qualit\u00e9 d'image : traitement d'image \u00e9prouv\u00e9 dans le monde entier<\/li>\n<li>Simplicit\u00e9 : utilisation intuitive et processus de travail efficace<\/li>\n<li>Compact : optimal pour une utilisation portable<\/li>\n<li>Complet : possibilit\u00e9s d'utilisation multiples<\/li>\n<\/ul>","protected":false},"featured_media":1602,"template":"","meta":[],"product_cat":[70],"product_tag":[],"acf":[],"_links":{"self":[{"href":"https:\/\/www.roentgen-service.ch\/fr\/wp-json\/wp\/v2\/product\/1599"}],"collection":[{"href":"https:\/\/www.roentgen-service.ch\/fr\/wp-json\/wp\/v2\/product"}],"about":[{"href":"https:\/\/www.roentgen-service.ch\/fr\/wp-json\/wp\/v2\/types\/product"}],"wp:featuredmedia":[{"embeddable":true,"href":"https:\/\/www.roentgen-service.ch\/fr\/wp-json\/wp\/v2\/media\/1602"}],"wp:attachment":[{"href":"https:\/\/www.roentgen-service.ch\/fr\/wp-json\/wp\/v2\/media?parent=1599"}],"wp:term":[{"taxonomy":"product_cat","embeddable":true,"href":"https:\/\/www.roentgen-service.ch\/fr\/wp-json\/wp\/v2\/product_cat?post=1599"},{"taxonomy":"product_tag","embeddable":true,"href":"https:\/\/www.roentgen-service.ch\/fr\/wp-json\/wp\/v2\/product_tag?post=1599"}],"curies":[{"name":"wp","href":"https:\/\/api.w.org\/{rel}","templated":true}]}}