{"id":1589,"date":"2025-01-22T14:32:45","date_gmt":"2025-01-22T13:32:45","guid":{"rendered":"https:\/\/www.roentgen-service.ch\/?post_type=product&#038;p=1589"},"modified":"2025-02-05T09:26:10","modified_gmt":"2025-02-05T08:26:10","slug":"leonardo-dr-nano-2","status":"publish","type":"product","link":"https:\/\/www.roentgen-service.ch\/fr\/produit\/applications-industrielles\/systemes-delectrodes-portables\/leonardo-dr-nano-2\/","title":{"rendered":"Leonardo DR nano"},"content":{"rendered":"<p>Le Leonardo DR nano de Oehm et Rehbein est un syst\u00e8me de sac \u00e0 dos radiographique num\u00e9rique ultral\u00e9ger et portable pour les essais non destructifs (END). Il se compose d'un d\u00e9tecteur de rayons X sans fil et d'un ordinateur portable.<\/p>\n<p>Avec un poids total d'environ 9 kg, le syst\u00e8me Leonardo DR nano est l'une des solutions de radiographie portables les plus l\u00e9g\u00e8res au monde. Il permet aux utilisateurs de r\u00e9aliser des radiographies num\u00e9riques \u00e0 tout moment et presque partout, sans \u00eatre g\u00ean\u00e9s par une libert\u00e9 de mouvement limit\u00e9e ou un enchev\u00eatrement de c\u00e2bles.<\/p>\n<p>Gr\u00e2ce \u00e0 la simplicit\u00e9 d'utilisation, m\u00eame les personnes peu form\u00e9es en radiologie peuvent r\u00e9aliser des radiographies optimales. Le syst\u00e8me Leonardo DR nano peut \u00eatre utilis\u00e9 sans probl\u00e8me m\u00eame dans des locaux exigus, car l'appareil radiographique et le d\u00e9tecteur communiquent sans fil avec le logiciel de l'ordinateur portable. La distance de fonctionnement s\u00e9curis\u00e9e entre le d\u00e9tecteur de rayons X et l'ordinateur portable peut atteindre 10 m\u00e8tres.<\/p>","protected":false},"excerpt":{"rendered":"<p>Syst\u00e8me de radiographie portable ultral\u00e9ger au format sac \u00e0 dos.<\/p>\n<ul>\n<li>Meilleure qualit\u00e9 d'image : d\u00e9tecteur de rayons X CsI \u00e0 haute r\u00e9solution<\/li>\n<li>Simplicit\u00e9 : utilisation intuitive et processus de travail efficace<\/li>\n<li>Compact : optimal pour une utilisation portable<\/li>\n<li>Complet : possibilit\u00e9s d'utilisation multiples<\/li>\n<\/ul>","protected":false},"featured_media":1591,"template":"","meta":[],"product_cat":[70],"product_tag":[],"acf":[],"_links":{"self":[{"href":"https:\/\/www.roentgen-service.ch\/fr\/wp-json\/wp\/v2\/product\/1589"}],"collection":[{"href":"https:\/\/www.roentgen-service.ch\/fr\/wp-json\/wp\/v2\/product"}],"about":[{"href":"https:\/\/www.roentgen-service.ch\/fr\/wp-json\/wp\/v2\/types\/product"}],"wp:featuredmedia":[{"embeddable":true,"href":"https:\/\/www.roentgen-service.ch\/fr\/wp-json\/wp\/v2\/media\/1591"}],"wp:attachment":[{"href":"https:\/\/www.roentgen-service.ch\/fr\/wp-json\/wp\/v2\/media?parent=1589"}],"wp:term":[{"taxonomy":"product_cat","embeddable":true,"href":"https:\/\/www.roentgen-service.ch\/fr\/wp-json\/wp\/v2\/product_cat?post=1589"},{"taxonomy":"product_tag","embeddable":true,"href":"https:\/\/www.roentgen-service.ch\/fr\/wp-json\/wp\/v2\/product_tag?post=1589"}],"curies":[{"name":"wp","href":"https:\/\/api.w.org\/{rel}","templated":true}]}}