{"id":1580,"date":"2025-01-22T14:25:55","date_gmt":"2025-01-22T13:25:55","guid":{"rendered":"https:\/\/www.roentgen-service.ch\/?post_type=product&#038;p=1580"},"modified":"2025-02-05T09:26:05","modified_gmt":"2025-02-05T08:26:05","slug":"systemes-amadeo-p-2","status":"publish","type":"product","link":"https:\/\/www.roentgen-service.ch\/fr\/produit\/applications-industrielles\/systemes-delectrodes-portables\/systemes-amadeo-p-2\/","title":{"rendered":"Syst\u00e8mes P Amadeo"},"content":{"rendered":"<p>Les syst\u00e8mes Amadeo P d'Oehm et Rehbein sont des appareils \u00e0 rayons X industriels portables pour le contr\u00f4le non destructif des mat\u00e9riaux (CND), bas\u00e9s sur la technologie haute fr\u00e9quence.<\/p>\n<p>Des radiographies de haute qualit\u00e9 sont aujourd'hui possibles sans probl\u00e8me avec des appareils de radiographie monobloc portables (voir variantes). Gr\u00e2ce \u00e0 la technologie haute fr\u00e9quence moderne, ces appareils offrent des performances \u00e9lev\u00e9es et peuvent \u00eatre utilis\u00e9s avec un raccordement \u00e9lectrique standard (230V). Leur faible poids, leur utilisation conviviale et l'interface int\u00e9gr\u00e9e pour l'utilisation avec des syst\u00e8mes de d\u00e9tection de rayons X num\u00e9riques permettent de nombreuses possibilit\u00e9s d'utilisation pour diverses proc\u00e9dures de contr\u00f4le non destructif.<\/p>","protected":false},"excerpt":{"rendered":"<p>Appareils de radiographie num\u00e9rique portables pour la radiographie industrielle (NDT).<\/p>\n<ul>\n<li>En r\u00e9seau : interface avec un syst\u00e8me num\u00e9rique de d\u00e9tection des rayons X<\/li>\n<li>Simplicit\u00e9 : utilisation intuitive et processus de travail efficace<\/li>\n<li>Compact : optimal pour une utilisation portable<\/li>\n<li>Complet : possibilit\u00e9s d'utilisation multiples<\/li>\n<\/ul>","protected":false},"featured_media":1685,"template":"","meta":[],"product_cat":[70],"product_tag":[],"acf":[],"_links":{"self":[{"href":"https:\/\/www.roentgen-service.ch\/fr\/wp-json\/wp\/v2\/product\/1580"}],"collection":[{"href":"https:\/\/www.roentgen-service.ch\/fr\/wp-json\/wp\/v2\/product"}],"about":[{"href":"https:\/\/www.roentgen-service.ch\/fr\/wp-json\/wp\/v2\/types\/product"}],"wp:featuredmedia":[{"embeddable":true,"href":"https:\/\/www.roentgen-service.ch\/fr\/wp-json\/wp\/v2\/media\/1685"}],"wp:attachment":[{"href":"https:\/\/www.roentgen-service.ch\/fr\/wp-json\/wp\/v2\/media?parent=1580"}],"wp:term":[{"taxonomy":"product_cat","embeddable":true,"href":"https:\/\/www.roentgen-service.ch\/fr\/wp-json\/wp\/v2\/product_cat?post=1580"},{"taxonomy":"product_tag","embeddable":true,"href":"https:\/\/www.roentgen-service.ch\/fr\/wp-json\/wp\/v2\/product_tag?post=1580"}],"curies":[{"name":"wp","href":"https:\/\/api.w.org\/{rel}","templated":true}]}}