{"id":1574,"date":"2025-01-22T12:51:57","date_gmt":"2025-01-22T11:51:57","guid":{"rendered":"https:\/\/www.roentgen-service.ch\/?post_type=product&#038;p=1574"},"modified":"2025-02-18T07:04:04","modified_gmt":"2025-02-18T06:04:04","slug":"dicompacs-mobileview-2","status":"publish","type":"product","link":"https:\/\/www.roentgen-service.ch\/fr\/produit\/medecine-veterinaire\/logiciel-veterinaire\/pacs-gestion-dimages-medecine-veterinaire\/dicompacs-mobileview-2\/","title":{"rendered":"dicomPACS\u00ae MobileView"},"content":{"rendered":"<p>Le module suppl\u00e9mentaire dicomPACS\u00ae MobileView est une extension modulaire du paquet de base dicomPACS\u00ae de Oehm et Rehbein et repr\u00e9sente la variante bas\u00e9e sur le web d'un PACS-Viewer pour PC ou terminaux mobiles, sans pour autant limiter les fonctionnalit\u00e9s importantes.<\/p>\n<p>Le logiciel permet d'acc\u00e9der \u00e0 l'ensemble des images du syst\u00e8me dicomPACS\u00ae dans le monde entier, m\u00eame en dehors du cabinet, via une connexion Internet. L'acc\u00e8s se fait pratiquement ind\u00e9pendamment du navigateur, l'utilisation des technologies de streaming les plus modernes garantissant une vitesse de chargement \u00e9lev\u00e9e.<\/p>\n<p>Il est possible, en plus de la simple interpr\u00e9tation des radiographies de la base de donn\u00e9es, de saisir des textes d'interpr\u00e9tation et de les exporter en cons\u00e9quence. Il est \u00e9galement possible de joindre et d'\u00e9changer des documents compl\u00e9mentaires. Bien entendu, la fonction d'\u00e9cran tactile, d\u00e9j\u00e0 pr\u00e9sente dans le pack de base, est \u00e9galement prise en charge.<\/p>","protected":false},"excerpt":{"rendered":"<p>Module compl\u00e9mentaire \"MobileView\" au paquet de base \u00e9prouv\u00e9 et sophistiqu\u00e9 dicomPACS\u00ae.<\/p>\n<ul>\n<li>Optimal : Extensible de mani\u00e8re modulaire<\/li>\n<li>Simple : interface utilisateur intuitive<\/li>\n<li>Universel : prend en charge tous les protocoles courants<\/li>\n<li>Efficace : passage rapide d'un examen \u00e0 l'autre<\/li>\n<\/ul>","protected":false},"featured_media":1575,"template":"","meta":[],"product_cat":[64],"product_tag":[],"acf":[],"_links":{"self":[{"href":"https:\/\/www.roentgen-service.ch\/fr\/wp-json\/wp\/v2\/product\/1574"}],"collection":[{"href":"https:\/\/www.roentgen-service.ch\/fr\/wp-json\/wp\/v2\/product"}],"about":[{"href":"https:\/\/www.roentgen-service.ch\/fr\/wp-json\/wp\/v2\/types\/product"}],"wp:featuredmedia":[{"embeddable":true,"href":"https:\/\/www.roentgen-service.ch\/fr\/wp-json\/wp\/v2\/media\/1575"}],"wp:attachment":[{"href":"https:\/\/www.roentgen-service.ch\/fr\/wp-json\/wp\/v2\/media?parent=1574"}],"wp:term":[{"taxonomy":"product_cat","embeddable":true,"href":"https:\/\/www.roentgen-service.ch\/fr\/wp-json\/wp\/v2\/product_cat?post=1574"},{"taxonomy":"product_tag","embeddable":true,"href":"https:\/\/www.roentgen-service.ch\/fr\/wp-json\/wp\/v2\/product_tag?post=1574"}],"curies":[{"name":"wp","href":"https:\/\/api.w.org\/{rel}","templated":true}]}}