{"id":1568,"date":"2025-01-22T12:44:46","date_gmt":"2025-01-22T11:44:46","guid":{"rendered":"https:\/\/www.roentgen-service.ch\/?post_type=product&#038;p=1568"},"modified":"2025-02-18T07:03:45","modified_gmt":"2025-02-18T06:03:45","slug":"dicompacs-module-de-documentation-de-prothese-2","status":"publish","type":"product","link":"https:\/\/www.roentgen-service.ch\/fr\/produit\/medecine-veterinaire\/logiciel-veterinaire\/pacs-gestion-dimages-medecine-veterinaire\/dicompacs-module-de-documentation-de-prothese-2\/","title":{"rendered":"dicomPACS\u00ae Module de documentation sur les proth\u00e8ses"},"content":{"rendered":"<p>Le module de documentation des proth\u00e8ses dicomPACS\u00ae est une extension modulaire du paquet de base dicomPACS\u00ae de Oehm et Rehbein et sert aussi bien \u00e0 la planification qu'\u00e0 la documentation des op\u00e9rations.<\/p>\n<p>Pour planifier des op\u00e9rations avec le module de documentation des proth\u00e8ses, il est possible d'une part d'ins\u00e9rer des gabarits num\u00e9riques dans la radiographie num\u00e9rique ou d'autre part d'utiliser des gabarits de proth\u00e8ses d\u00e9j\u00e0 existants sur des transparents.<\/p>\n<p>Pour planifier ou documenter des op\u00e9rations en utilisant des gabarits de proth\u00e8se num\u00e9ris\u00e9s, il suffit de les s\u00e9lectionner dans une biblioth\u00e8que existante et de les afficher sur la radiographie. Le logiciel \u00e9tant en constante \u00e9volution, l'ensemble pr\u00e9d\u00e9fini de gabarits de proth\u00e8ses s'\u00e9largit en cons\u00e9quence.<\/p>\n<p>Pour planifier une op\u00e9ration avec des gabarits de proth\u00e8ses \u00e0 film plastique d\u00e9j\u00e0 existants, il faut une repr\u00e9sentation identique au film de la prise de vue sur le moniteur. Pour ce faire, la radiographie num\u00e9rique est repr\u00e9sent\u00e9e dans la m\u00eame taille qu'une radiographie analogique correspondante. Les gabarits de proth\u00e8se \u00e0 film peuvent alors \u00eatre plac\u00e9s sur le moniteur et transf\u00e9r\u00e9s, enregistr\u00e9s et imprim\u00e9s sur la radiographie num\u00e9rique \u00e0 l'aide d'une fonction de dessin int\u00e9gr\u00e9e du logiciel.<\/p>","protected":false},"excerpt":{"rendered":"<p>Module compl\u00e9mentaire \"Documentation proth\u00e9tique\" au paquet de base dicomPACS\u00ae \u00e9prouv\u00e9 et sophistiqu\u00e9.<\/p>\n<ul>\n<li>Optimal : Extensible de mani\u00e8re modulaire<\/li>\n<li>Simple : interface utilisateur intuitive<\/li>\n<li>Universel : prend en charge tous les protocoles courants<\/li>\n<li>Efficace : passage rapide d'un examen \u00e0 l'autre<\/li>\n<\/ul>","protected":false},"featured_media":1566,"template":"","meta":[],"product_cat":[64],"product_tag":[],"acf":[],"_links":{"self":[{"href":"https:\/\/www.roentgen-service.ch\/fr\/wp-json\/wp\/v2\/product\/1568"}],"collection":[{"href":"https:\/\/www.roentgen-service.ch\/fr\/wp-json\/wp\/v2\/product"}],"about":[{"href":"https:\/\/www.roentgen-service.ch\/fr\/wp-json\/wp\/v2\/types\/product"}],"wp:featuredmedia":[{"embeddable":true,"href":"https:\/\/www.roentgen-service.ch\/fr\/wp-json\/wp\/v2\/media\/1566"}],"wp:attachment":[{"href":"https:\/\/www.roentgen-service.ch\/fr\/wp-json\/wp\/v2\/media?parent=1568"}],"wp:term":[{"taxonomy":"product_cat","embeddable":true,"href":"https:\/\/www.roentgen-service.ch\/fr\/wp-json\/wp\/v2\/product_cat?post=1568"},{"taxonomy":"product_tag","embeddable":true,"href":"https:\/\/www.roentgen-service.ch\/fr\/wp-json\/wp\/v2\/product_tag?post=1568"}],"curies":[{"name":"wp","href":"https:\/\/api.w.org\/{rel}","templated":true}]}}