{"id":1560,"date":"2025-01-22T12:35:30","date_gmt":"2025-01-22T11:35:30","guid":{"rendered":"https:\/\/www.roentgen-service.ch\/?post_type=product&#038;p=1560"},"modified":"2025-02-18T07:03:35","modified_gmt":"2025-02-18T06:03:35","slug":"dicompacs-paquet-de-base-2","status":"publish","type":"product","link":"https:\/\/www.roentgen-service.ch\/fr\/produit\/medecine-veterinaire\/logiciel-veterinaire\/pacs-gestion-dimages-medecine-veterinaire\/dicompacs-paquet-de-base-2\/","title":{"rendered":"dicomPACS\u00ae paquet de base"},"content":{"rendered":"<p>Le module de base de dicomPACS\u00ae est un logiciel PACS (picture archiving and communication system) \u00e9prouv\u00e9, sophistiqu\u00e9 et ind\u00e9pendant du fabricant de Oehm et Rehbein, qui est utilis\u00e9 aussi bien dans les cabinets v\u00e9t\u00e9rinaires que dans les cliniques v\u00e9t\u00e9rinaires. Le syst\u00e8me supporte tous les standards courants et peut \u00eatre \u00e9tendu de mani\u00e8re modulaire.<\/p>\n<p>Comme nous avons travaill\u00e9 en \u00e9troite collaboration avec des v\u00e9t\u00e9rinaires lors de la conception et de la programmation de dicomPACS\u00ae, nous avons pu d\u00e9velopper une solution high-tech particuli\u00e8rement simple et intuitive, bien pens\u00e9e, pour une gestion intelligente des images. Le logiciel est responsable de l'acquisition (voir le logiciel d'acquisition dicomPACS\u00aeDX-R), du traitement, de l'interpr\u00e9tation, de la transmission, ainsi que de l'archivage des radiographies num\u00e9riques. En outre, il est possible d'enregistrer dans le dossier num\u00e9rique du patient d'autres documents m\u00e9dicaux au choix, comme par exemple des enregistrements de scanner, d'IRM ou d'\u00e9chographie, mais aussi des lettres de m\u00e9decins, des r\u00e9sultats, des processus de gu\u00e9rison, etc.<\/p>\n<p>Des algorithmes bien pens\u00e9s pour l'archivage et la sauvegarde garantissent un acc\u00e8s rapide aux donn\u00e9es, tout en respectant les normes de s\u00e9curit\u00e9 les plus \u00e9lev\u00e9es, comme c'est le cas en m\u00e9decine humaine. Les donn\u00e9es sont \u00e0 chaque fois imm\u00e9diatement disponibles en un clic de souris.<\/p>\n<p>dicomPACS\u00ae s'int\u00e8gre dans tous les syst\u00e8mes de gestion courants (HIS ou RIS).<\/p>","protected":false},"excerpt":{"rendered":"<p>Logiciel PACS \u00e9prouv\u00e9 et sophistiqu\u00e9 pour le traitement, l'interpr\u00e9tation, la transmission et l'archivage des radiographies num\u00e9riques.<\/p>\n<ul>\n<li>Optimal : Extensible de mani\u00e8re modulaire<\/li>\n<li>Simple : interface utilisateur intuitive<\/li>\n<li>Universel : prend en charge tous les protocoles courants<\/li>\n<li>Efficace : passage rapide d'un examen \u00e0 l'autre<\/li>\n<\/ul>","protected":false},"featured_media":1561,"template":"","meta":[],"product_cat":[64],"product_tag":[],"acf":[],"_links":{"self":[{"href":"https:\/\/www.roentgen-service.ch\/fr\/wp-json\/wp\/v2\/product\/1560"}],"collection":[{"href":"https:\/\/www.roentgen-service.ch\/fr\/wp-json\/wp\/v2\/product"}],"about":[{"href":"https:\/\/www.roentgen-service.ch\/fr\/wp-json\/wp\/v2\/types\/product"}],"wp:featuredmedia":[{"embeddable":true,"href":"https:\/\/www.roentgen-service.ch\/fr\/wp-json\/wp\/v2\/media\/1561"}],"wp:attachment":[{"href":"https:\/\/www.roentgen-service.ch\/fr\/wp-json\/wp\/v2\/media?parent=1560"}],"wp:term":[{"taxonomy":"product_cat","embeddable":true,"href":"https:\/\/www.roentgen-service.ch\/fr\/wp-json\/wp\/v2\/product_cat?post=1560"},{"taxonomy":"product_tag","embeddable":true,"href":"https:\/\/www.roentgen-service.ch\/fr\/wp-json\/wp\/v2\/product_tag?post=1560"}],"curies":[{"name":"wp","href":"https:\/\/api.w.org\/{rel}","templated":true}]}}