{"id":1538,"date":"2025-01-22T12:22:50","date_gmt":"2025-01-22T11:22:50","guid":{"rendered":"https:\/\/www.roentgen-service.ch\/?post_type=product&#038;p=1538"},"modified":"2025-02-18T07:03:24","modified_gmt":"2025-02-18T06:03:24","slug":"dicompacsdx-r-2","status":"publish","type":"product","link":"https:\/\/www.roentgen-service.ch\/fr\/produit\/medecine-veterinaire\/logiciel-veterinaire\/logiciel-dacquisition-medecine-veterinaire\/dicompacsdx-r-2\/","title":{"rendered":"dicomPACS\u00aeDX-R"},"content":{"rendered":"<p>Le logiciel d'acquisition interne dicomPACS\u00aeDX-R de Oehm et Rehbein prend en charge l'int\u00e9gration compl\u00e8te du syst\u00e8me de radiologie num\u00e9rique. L'application comprend en outre des modules suppl\u00e9mentaires pour le traitement d'images, la gestion des images, la gestion des patients et le PACS.<\/p>\n<p>Le logiciel commande le g\u00e9n\u00e9rateur de rayons X, l'installation ainsi que le syst\u00e8me de d\u00e9tection de rayons X (DR) ou le lecteur de films \u00e0 m\u00e9moire (CR) ind\u00e9pendamment du fabricant et permet ainsi l'enregistrement de radiographies statiques et dynamiques. Le syst\u00e8me peut \u00eatre utilis\u00e9 au moyen d'une souris ou d'un \u00e9cran tactile via une interface utilisateur simple et intuitive, ce qui garantit un d\u00e9roulement ordonn\u00e9 et optimis\u00e9 du travail.<\/p>\n<p>Pour faciliter encore plus le travail, le logiciel dispose de nombreuses fonctions suppl\u00e9mentaires utiles, d\u00e9j\u00e0 int\u00e9gr\u00e9es ou en option, telles que l'assistant radiographique multim\u00e9dia (instructions sur la technique de r\u00e9glage correcte), des filtres sp\u00e9ciaux pour l'optimisation des os et des tissus mous, ainsi que des fonctions de mesure telles que, par exemple, TPLO, TTA, MMP, mesure de l'indice de distraction et mesure cardiaque (VHS selon Buchanan).<\/p>\n<p>L'interpr\u00e9tation des radiographies peut \u00eatre effectu\u00e9e directement dans le logiciel d'acquisition gr\u00e2ce au dicomPACS\u00ae Viewer int\u00e9gr\u00e9. De plus, dicomPACS\u00aeDX-R supporte \u00e9galement la connexion aux syst\u00e8mes de gestion des patients d\u00e9j\u00e0 existants.<\/p>\n<h3>Radiographie dynamique<\/h3>\n<p>Avec le module optionnel pour l'enregistrement, l'interpr\u00e9tation et l'archivage de s\u00e9quences d'images, le dicomPACS\u00aeDX-R supporte le mode d'enregistrement sp\u00e9cial \"radiographie dynamique\". Les zones \u00e0 examiner sont alors \u00e9clair\u00e9es par des rayons X puls\u00e9s et affich\u00e9es directement sur un moniteur de r\u00e9sultats.<\/p>\n<p>En compl\u00e9ment des examens radiologiques classiques avec images individuelles, un examen radioscopique peut s'av\u00e9rer utile en cas de suspicion particuli\u00e8re ou de diagnostic peu clair. La radiographie dynamique permet en outre d'\u00e9valuer les structures mobiles, comme les battements du c\u0153ur ou les mouvements du diaphragme li\u00e9s \u00e0 la respiration. Cette m\u00e9thode d'examen est en outre utilis\u00e9e pour divers examens avec produit de contraste, par exemple pour l'examen du tractus gastro-intestinal.<\/p>\n<p>dicomPACS\u00aeDX-R offre la possibilit\u00e9 de r\u00e9aliser des examens radiologiques dynamiques avec des d\u00e9tecteurs de r\u00e9solution et de taille diff\u00e9rentes.<\/p>","protected":false},"excerpt":{"rendered":"<p>Logiciel d'acquisition simple et intuitif pour l'int\u00e9gration du syst\u00e8me radiologique num\u00e9rique complet.<\/p>\n<ul>\n<li>Moderne : contr\u00f4le par \u00e9cran tactile<\/li>\n<li>Simple : interface utilisateur intuitive<\/li>\n<li>Universel : prend en charge tous les protocoles courants<\/li>\n<li>Efficace : passage rapide d'un examen \u00e0 l'autre<\/li>\n<\/ul>","protected":false},"featured_media":1539,"template":"","meta":[],"product_cat":[63],"product_tag":[],"acf":[],"_links":{"self":[{"href":"https:\/\/www.roentgen-service.ch\/fr\/wp-json\/wp\/v2\/product\/1538"}],"collection":[{"href":"https:\/\/www.roentgen-service.ch\/fr\/wp-json\/wp\/v2\/product"}],"about":[{"href":"https:\/\/www.roentgen-service.ch\/fr\/wp-json\/wp\/v2\/types\/product"}],"wp:featuredmedia":[{"embeddable":true,"href":"https:\/\/www.roentgen-service.ch\/fr\/wp-json\/wp\/v2\/media\/1539"}],"wp:attachment":[{"href":"https:\/\/www.roentgen-service.ch\/fr\/wp-json\/wp\/v2\/media?parent=1538"}],"wp:term":[{"taxonomy":"product_cat","embeddable":true,"href":"https:\/\/www.roentgen-service.ch\/fr\/wp-json\/wp\/v2\/product_cat?post=1538"},{"taxonomy":"product_tag","embeddable":true,"href":"https:\/\/www.roentgen-service.ch\/fr\/wp-json\/wp\/v2\/product_tag?post=1538"}],"curies":[{"name":"wp","href":"https:\/\/api.w.org\/{rel}","templated":true}]}}