{"id":1531,"date":"2025-01-22T12:04:41","date_gmt":"2025-01-22T11:04:41","guid":{"rendered":"https:\/\/www.roentgen-service.ch\/?post_type=product&#038;p=1531"},"modified":"2025-02-05T11:24:18","modified_gmt":"2025-02-05T10:24:18","slug":"or-sono-portable-v3","status":"publish","type":"product","link":"https:\/\/www.roentgen-service.ch\/fr\/produit\/medecine-veterinaire\/systemes-a-ultrasons\/or-sono-portable-v3\/","title":{"rendered":"OR sono portable V3"},"content":{"rendered":"<p>Notre solution portable pour les examens par ultrasons en m\u00e9decine v\u00e9t\u00e9rinaire : le syst\u00e8me d'\u00e9chographie Doppler couleur au format ordinateur portable de Oehm et Rehbein.<\/p>\n<p>L'\u00e9chographe Doppler couleur portable OR sono portable V3 est \u00e9quip\u00e9 de technologies d'imagerie de pointe qui offrent une haute r\u00e9solution d'image et une profondeur de p\u00e9n\u00e9tration \u00e9vidente. La qualit\u00e9 d'image am\u00e9lior\u00e9e permet un examen plus rapide et plus pr\u00e9cis de toutes les esp\u00e8ces animales. Le design fin et compact de l'ordinateur portable assure une libert\u00e9 de mouvement et une flexibilit\u00e9 maximales dans toutes les situations. Un large choix de sondes permet en outre un diagnostic personnalis\u00e9, adapt\u00e9 \u00e0 chaque esp\u00e8ce animale.<\/p>\n<p>Gr\u00e2ce \u00e0 la technologie avanc\u00e9e de traitement de l'image, l'appareil fournit une meilleure qualit\u00e9 d'image et permet d'obtenir des r\u00e9sultats plus pr\u00e9cis. Le design compact et l\u00e9ger, combin\u00e9 \u00e0 un \u00e9cran non r\u00e9fl\u00e9chissant qui peut \u00eatre inclin\u00e9 jusqu'\u00e0 180 degr\u00e9s, offre une mobilit\u00e9 et une flexibilit\u00e9 maximales. Le d\u00e9marrage rapide du syst\u00e8me et son utilisation extr\u00eamement silencieuse facilitent l'examen des animaux sensibles. Avec un poids de seulement 4,5 kg, l'appareil est en outre particuli\u00e8rement l\u00e9ger et maniable.<\/p>","protected":false},"excerpt":{"rendered":"<p>Syst\u00e8me d'\u00e9chographie portable pour la m\u00e9decine v\u00e9t\u00e9rinaire.<\/p>\n<ul>\n<li>Excellente qualit\u00e9 d'image : technologies d'imagerie de pointe<\/li>\n<li>Simple : utilisation intuitive<\/li>\n<li>Compact : optimal pour une utilisation portable<\/li>\n<li>Flexible : vaste choix de sondes<\/li>\n<\/ul>","protected":false},"featured_media":1532,"template":"","meta":[],"product_cat":[157],"product_tag":[],"acf":[],"_links":{"self":[{"href":"https:\/\/www.roentgen-service.ch\/fr\/wp-json\/wp\/v2\/product\/1531"}],"collection":[{"href":"https:\/\/www.roentgen-service.ch\/fr\/wp-json\/wp\/v2\/product"}],"about":[{"href":"https:\/\/www.roentgen-service.ch\/fr\/wp-json\/wp\/v2\/types\/product"}],"wp:featuredmedia":[{"embeddable":true,"href":"https:\/\/www.roentgen-service.ch\/fr\/wp-json\/wp\/v2\/media\/1532"}],"wp:attachment":[{"href":"https:\/\/www.roentgen-service.ch\/fr\/wp-json\/wp\/v2\/media?parent=1531"}],"wp:term":[{"taxonomy":"product_cat","embeddable":true,"href":"https:\/\/www.roentgen-service.ch\/fr\/wp-json\/wp\/v2\/product_cat?post=1531"},{"taxonomy":"product_tag","embeddable":true,"href":"https:\/\/www.roentgen-service.ch\/fr\/wp-json\/wp\/v2\/product_tag?post=1531"}],"curies":[{"name":"wp","href":"https:\/\/api.w.org\/{rel}","templated":true}]}}