{"id":1523,"date":"2025-01-22T12:00:23","date_gmt":"2025-01-22T11:00:23","guid":{"rendered":"https:\/\/www.roentgen-service.ch\/?post_type=product&#038;p=1523"},"modified":"2025-02-05T11:24:14","modified_gmt":"2025-02-05T10:24:14","slug":"or-sono-professional-v70","status":"publish","type":"product","link":"https:\/\/www.roentgen-service.ch\/fr\/produit\/medecine-veterinaire\/systemes-a-ultrasons\/or-sono-professional-v70\/","title":{"rendered":"OR sono professional V70"},"content":{"rendered":"<p>Notre solution pour l'ensemble des examens par ultrasons en m\u00e9decine v\u00e9t\u00e9rinaire : le syst\u00e8me d'ultrasons Doppler couleur d'Oehm et Rehbein.<\/p>\n<p>La s\u00e9rie OR sono comprend des syst\u00e8mes d'\u00e9chographie avanc\u00e9s adapt\u00e9s \u00e0 une large gamme d'esp\u00e8ces animales, des petits animaux domestiques aux grands animaux. L'OR sono professional V70 est une solution mobile pour les v\u00e9t\u00e9rinaires qui, gr\u00e2ce \u00e0 son utilisation conviviale, favorise l'acquisition de r\u00e9sultats cliniques importants et de diagnostics pr\u00e9cis.<\/p>\n<p>Gr\u00e2ce au logiciel innovant et intelligent sp\u00e9cifique \u00e0 la m\u00e9decine v\u00e9t\u00e9rinaire et \u00e0 la technologie de la t\u00eate sonore monocristalline, le syst\u00e8me fournit des images exceptionnelles qui mettent en \u00e9vidence les changements les plus fins. Sa mobilit\u00e9 optimis\u00e9e permet de l'utiliser dans diff\u00e9rents environnements de travail, tandis que les possibilit\u00e9s de connexion \u00e9tendues garantissent une int\u00e9gration parfaite dans tous les syst\u00e8mes de gestion de cabinet courants. De plus, la dur\u00e9e de vie prolong\u00e9e de la batterie assure une utilisation mobile sans interruption pouvant aller jusqu'\u00e0 deux heures.<\/p>","protected":false},"excerpt":{"rendered":"<p>Syst\u00e8me \u00e0 ultrasons configurable individuellement pour la m\u00e9decine v\u00e9t\u00e9rinaire.<\/p>\n<ul>\n<li>Meilleure qualit\u00e9 d'image : technologie de t\u00eate sonore monocristalline<\/li>\n<li>Simple : utilisation intuitive<\/li>\n<li>Compatible : int\u00e9gration parfaite dans les logiciels de cabinet m\u00e9dical<\/li>\n<li>Universel : design adaptable et compact<\/li>\n<\/ul>","protected":false},"featured_media":1524,"template":"","meta":[],"product_cat":[157],"product_tag":[],"acf":[],"_links":{"self":[{"href":"https:\/\/www.roentgen-service.ch\/fr\/wp-json\/wp\/v2\/product\/1523"}],"collection":[{"href":"https:\/\/www.roentgen-service.ch\/fr\/wp-json\/wp\/v2\/product"}],"about":[{"href":"https:\/\/www.roentgen-service.ch\/fr\/wp-json\/wp\/v2\/types\/product"}],"wp:featuredmedia":[{"embeddable":true,"href":"https:\/\/www.roentgen-service.ch\/fr\/wp-json\/wp\/v2\/media\/1524"}],"wp:attachment":[{"href":"https:\/\/www.roentgen-service.ch\/fr\/wp-json\/wp\/v2\/media?parent=1523"}],"wp:term":[{"taxonomy":"product_cat","embeddable":true,"href":"https:\/\/www.roentgen-service.ch\/fr\/wp-json\/wp\/v2\/product_cat?post=1523"},{"taxonomy":"product_tag","embeddable":true,"href":"https:\/\/www.roentgen-service.ch\/fr\/wp-json\/wp\/v2\/product_tag?post=1523"}],"curies":[{"name":"wp","href":"https:\/\/api.w.org\/{rel}","templated":true}]}}