{"id":1510,"date":"2025-01-22T11:52:58","date_gmt":"2025-01-22T10:52:58","guid":{"rendered":"https:\/\/www.roentgen-service.ch\/?post_type=product&#038;p=1510"},"modified":"2025-02-05T11:24:11","modified_gmt":"2025-02-05T10:24:11","slug":"divario-cr-t2","status":"publish","type":"product","link":"https:\/\/www.roentgen-service.ch\/fr\/produit\/medecine-veterinaire\/solutions-durgence-numerisation-veterinaire\/divario-cr-t2\/","title":{"rendered":"Divario CR-T2"},"content":{"rendered":"<p>Notre solution pour les radiographies num\u00e9riques en m\u00e9decine v\u00e9t\u00e9rinaire : le syst\u00e8me de films \u00e0 m\u00e9moire CR de Oehm et Rehbein.<\/p>\n<p>Le Divario CR-T2 est un syst\u00e8me de table CR pour la radiographie num\u00e9rique en m\u00e9decine v\u00e9t\u00e9rinaire qui peut traiter jusqu'\u00e0 73 cassettes par heure. En mode haute vitesse (5 pixels\/mm), il augmente le d\u00e9bit de pr\u00e8s de 70% par rapport aux syst\u00e8mes CR pr\u00e9c\u00e9dents. Le syst\u00e8me Divario, facile \u00e0 utiliser, r\u00e9duit le temps d'attente des patients animaux et de leurs compagnons et augmente l'efficacit\u00e9 des proc\u00e9dures d'examen. Gr\u00e2ce \u00e0 son design discret et compact, il peut \u00eatre plac\u00e9 sur un bureau, sur une \u00e9tag\u00e8re ou dans un v\u00e9hicule, l\u00e0 o\u00f9 l'espace est limit\u00e9.<\/p>\n<p>En combinaison avec le logiciel d'acquisition d'images dicomPACS\u00aeDX-R, le syst\u00e8me CR compact et l\u00e9ger offre toutes les fonctions de traitement d'images n\u00e9cessaires. Il s'int\u00e8gre dans les environnements CR ou DR existants et est donc \u00e9galement id\u00e9al comme syst\u00e8me compl\u00e9mentaire, secondaire ou de d\u00e9charge dans les grandes cliniques v\u00e9t\u00e9rinaires ou les \u00e9tablissements universitaires.<\/p>","protected":false},"excerpt":{"rendered":"<p>Syst\u00e8me de radiographie num\u00e9rique bon march\u00e9 (syst\u00e8me de film \u00e0 m\u00e9moire CR) pour la m\u00e9decine v\u00e9t\u00e9rinaire.<\/p>\n<ul>\n<li>Haute qualit\u00e9 : images constantes et haute r\u00e9solution<\/li>\n<li>Simplicit\u00e9 : utilisation intuitive du logiciel associ\u00e9<\/li>\n<li>Universel : compatible avec presque tous les composants du syst\u00e8me<\/li>\n<li>Efficace : rapide et \u00e9conomique<\/li>\n<\/ul>","protected":false},"featured_media":1511,"template":"","meta":[],"product_cat":[56],"product_tag":[],"acf":[],"_links":{"self":[{"href":"https:\/\/www.roentgen-service.ch\/fr\/wp-json\/wp\/v2\/product\/1510"}],"collection":[{"href":"https:\/\/www.roentgen-service.ch\/fr\/wp-json\/wp\/v2\/product"}],"about":[{"href":"https:\/\/www.roentgen-service.ch\/fr\/wp-json\/wp\/v2\/types\/product"}],"wp:featuredmedia":[{"embeddable":true,"href":"https:\/\/www.roentgen-service.ch\/fr\/wp-json\/wp\/v2\/media\/1511"}],"wp:attachment":[{"href":"https:\/\/www.roentgen-service.ch\/fr\/wp-json\/wp\/v2\/media?parent=1510"}],"wp:term":[{"taxonomy":"product_cat","embeddable":true,"href":"https:\/\/www.roentgen-service.ch\/fr\/wp-json\/wp\/v2\/product_cat?post=1510"},{"taxonomy":"product_tag","embeddable":true,"href":"https:\/\/www.roentgen-service.ch\/fr\/wp-json\/wp\/v2\/product_tag?post=1510"}],"curies":[{"name":"wp","href":"https:\/\/api.w.org\/{rel}","templated":true}]}}