{"id":1503,"date":"2025-01-22T11:28:51","date_gmt":"2025-01-22T10:28:51","guid":{"rendered":"https:\/\/www.roentgen-service.ch\/?post_type=product&#038;p=1503"},"modified":"2025-02-05T11:24:06","modified_gmt":"2025-02-05T10:24:06","slug":"medici-dr-systeme-2","status":"publish","type":"product","link":"https:\/\/www.roentgen-service.ch\/fr\/produit\/medecine-veterinaire\/solutions-durgence-numerisation-veterinaire\/medici-dr-systeme-2\/","title":{"rendered":"Syst\u00e8mes Medici DR"},"content":{"rendered":"<p>Les syst\u00e8mes Medici DR d'Oehm et Rehbein permettent d'\u00e9quiper facilement en num\u00e9rique des installations radiologiques analogiques existantes ou d'\u00e9tendre des installations radiologiques num\u00e9riques existantes. Comme le rayonnement X peut \u00eatre d\u00e9tect\u00e9 automatiquement par AED (Auto Exposure Detection), il n'est pas n\u00e9cessaire d'intervenir dans l'installation radiologique lors de la mise \u00e0 niveau ou du r\u00e9\u00e9quipement, ni d'adapter le syst\u00e8me ou le c\u00e2blage.<\/p>\n<p>Le logiciel d'acquisition dicomPACS\u00aeDX-R d'Oehm et Rehbein, \u00e9galement facile \u00e0 utiliser via un \u00e9cran tactile, convainc par son utilisation simple et intuitive. Le logiciel s'adapte au flux de travail et garantit la mise \u00e0 disposition \u00e0 tout moment de radiographies d'excellente qualit\u00e9. Gr\u00e2ce au traitement automatique des images, le travail de post-traitement manuel dispara\u00eet pratiquement.<\/p>\n<p>Bien entendu, le syst\u00e8me Medici DR s'int\u00e8gre dans le logiciel de gestion des patients existant et peut transmettre les radiographies \u00e0 n'importe quel syst\u00e8me de gestion d'images (PACS). Si aucun PACS n'est encore disponible, cette t\u00e2che peut \u00eatre directement prise en charge par le syst\u00e8me de traitement d'images dicomPACS\u00ae d'Oehm et Rehbein, qui a fait ses preuves dans le monde entier.<\/p>\n<p>La disponibilit\u00e9 de diff\u00e9rents mod\u00e8les et tailles de d\u00e9tecteurs de rayons X permet une configuration individuelle du syst\u00e8me radiologique. Sous Variantes, vous trouverez un aper\u00e7u des diff\u00e9rents d\u00e9tecteurs de rayons X de notre assortiment.<\/p>","protected":false},"excerpt":{"rendered":"<p>Solution de num\u00e9risation universelle pour la mise \u00e0 niveau ou l'extension d'un syst\u00e8me de radiographie existant.<\/p>\n<ul>\n<li>Meilleure qualit\u00e9 d'image : d\u00e9tecteur de rayons X CsI \u00e0 haute r\u00e9solution<\/li>\n<li>Simplicit\u00e9 : utilisation intuitive du logiciel associ\u00e9<\/li>\n<li>Universel : compatible avec presque tous les syst\u00e8mes de radiographie<\/li>\n<li>Personnalisation : diff\u00e9rentes versions et tailles<\/li>\n<\/ul>","protected":false},"featured_media":1505,"template":"","meta":[],"product_cat":[56],"product_tag":[],"acf":[],"_links":{"self":[{"href":"https:\/\/www.roentgen-service.ch\/fr\/wp-json\/wp\/v2\/product\/1503"}],"collection":[{"href":"https:\/\/www.roentgen-service.ch\/fr\/wp-json\/wp\/v2\/product"}],"about":[{"href":"https:\/\/www.roentgen-service.ch\/fr\/wp-json\/wp\/v2\/types\/product"}],"wp:featuredmedia":[{"embeddable":true,"href":"https:\/\/www.roentgen-service.ch\/fr\/wp-json\/wp\/v2\/media\/1505"}],"wp:attachment":[{"href":"https:\/\/www.roentgen-service.ch\/fr\/wp-json\/wp\/v2\/media?parent=1503"}],"wp:term":[{"taxonomy":"product_cat","embeddable":true,"href":"https:\/\/www.roentgen-service.ch\/fr\/wp-json\/wp\/v2\/product_cat?post=1503"},{"taxonomy":"product_tag","embeddable":true,"href":"https:\/\/www.roentgen-service.ch\/fr\/wp-json\/wp\/v2\/product_tag?post=1503"}],"curies":[{"name":"wp","href":"https:\/\/api.w.org\/{rel}","templated":true}]}}