{"id":1496,"date":"2025-01-22T11:10:00","date_gmt":"2025-01-22T10:10:00","guid":{"rendered":"https:\/\/www.roentgen-service.ch\/?post_type=product&#038;p=1496"},"modified":"2025-02-05T11:24:03","modified_gmt":"2025-02-05T10:24:03","slug":"divario-cr-f-dental","status":"publish","type":"product","link":"https:\/\/www.roentgen-service.ch\/fr\/produit\/medecine-veterinaire\/roentgen-dentaire\/divario-cr-f-dental\/","title":{"rendered":"Divario CR-F Dental"},"content":{"rendered":"<p>Notre solution pour les clich\u00e9s interoraux en m\u00e9decine v\u00e9t\u00e9rinaire : le syst\u00e8me de radiographie dentaire num\u00e9rique d'Oehm et Rehbein, bas\u00e9 sur la technologie des films \u00e0 m\u00e9moire CR.<\/p>\n<p>Le syst\u00e8me dentaire Divario CR-F offre une solution rapide et \u00e9conomique pour des radiographies num\u00e9riques de haute qualit\u00e9. Cette version premium comprend non seulement le jeu de plaques d'imagerie de base, mais aussi une plaque d'imagerie de taille 4. Ce syst\u00e8me compact et abordable augmente la productivit\u00e9 des cabinets et des cliniques v\u00e9t\u00e9rinaires. Le lecteur dentaire allie un design \u00e9l\u00e9gant \u00e0 un syst\u00e8me performant et convivial. Un compartiment d'alimentation automatique pour la fonctionnalit\u00e9 \"push and go\", ainsi qu'une gamme compl\u00e8te de feuilles d'occlusion et de stockage intra-oral r\u00e9utilisables permettent un positionnement simple et rapide.<\/p>\n<p>Le logiciel d'acquisition dicomPACS\u00aeDX-R soutient la commande du g\u00e9n\u00e9rateur de rayons X et assure un d\u00e9roulement optimal du travail. En outre, le logiciel peut \u00eatre adapt\u00e9 aux souhaits sp\u00e9cifiques des utilisateurs et convainc par une qualit\u00e9 d'image exceptionnelle. Des processus de traitement d'image performants permettent une optimisation sp\u00e9cifique \u00e0 la prise de vue et garantissent ainsi des radiographies de haute qualit\u00e9. Le syst\u00e8me est utilisable par \u00e9cran tactile, ce qui garantit un travail rapide et efficace.<\/p>","protected":false},"excerpt":{"rendered":"<p>Syst\u00e8me de radiographie dentaire num\u00e9rique bon march\u00e9 (syst\u00e8me de feuillets \u00e0 m\u00e9moire CR) pour la m\u00e9decine v\u00e9t\u00e9rinaire.<\/p>\n<ul>\n<li>Excellente qualit\u00e9 d'image : r\u00e9solution jusqu'\u00e0 21 lp\/mm<\/li>\n<li>Simplicit\u00e9 : utilisation intuitive du logiciel associ\u00e9<\/li>\n<li>Universel : compatible avec presque tous les composants du syst\u00e8me<\/li>\n<li>Efficace : rapide et \u00e9conomique<\/li>\n<\/ul>","protected":false},"featured_media":1498,"template":"","meta":[],"product_cat":[55,56],"product_tag":[],"acf":[],"_links":{"self":[{"href":"https:\/\/www.roentgen-service.ch\/fr\/wp-json\/wp\/v2\/product\/1496"}],"collection":[{"href":"https:\/\/www.roentgen-service.ch\/fr\/wp-json\/wp\/v2\/product"}],"about":[{"href":"https:\/\/www.roentgen-service.ch\/fr\/wp-json\/wp\/v2\/types\/product"}],"wp:featuredmedia":[{"embeddable":true,"href":"https:\/\/www.roentgen-service.ch\/fr\/wp-json\/wp\/v2\/media\/1498"}],"wp:attachment":[{"href":"https:\/\/www.roentgen-service.ch\/fr\/wp-json\/wp\/v2\/media?parent=1496"}],"wp:term":[{"taxonomy":"product_cat","embeddable":true,"href":"https:\/\/www.roentgen-service.ch\/fr\/wp-json\/wp\/v2\/product_cat?post=1496"},{"taxonomy":"product_tag","embeddable":true,"href":"https:\/\/www.roentgen-service.ch\/fr\/wp-json\/wp\/v2\/product_tag?post=1496"}],"curies":[{"name":"wp","href":"https:\/\/api.w.org\/{rel}","templated":true}]}}