{"id":1486,"date":"2025-01-22T10:04:17","date_gmt":"2025-01-22T09:04:17","guid":{"rendered":"https:\/\/www.roentgen-service.ch\/?post_type=product&#038;p=1486"},"modified":"2025-02-05T11:23:58","modified_gmt":"2025-02-05T10:23:58","slug":"medici-dr-dental-systems","status":"publish","type":"product","link":"https:\/\/www.roentgen-service.ch\/fr\/produit\/medecine-veterinaire\/roentgen-dentaire\/medici-dr-dental-systems\/","title":{"rendered":"Medici DR Syst\u00e8mes dentaires"},"content":{"rendered":"<p>Les syst\u00e8mes dentaires Medici DR (d\u00e9tecteurs dentaires CMOS) de Oehm et Rehbein permettent d'\u00e9quiper facilement en num\u00e9rique les installations radiologiques analogiques ou d'\u00e9tendre les installations radiologiques num\u00e9riques existantes afin de pouvoir r\u00e9aliser d'excellentes radiographies pour le domaine dentaire en m\u00e9decine v\u00e9t\u00e9rinaire.<\/p>\n<p>Les d\u00e9tecteurs dentaires num\u00e9riques interoraux Pluto sont disponibles en deux tailles (voir variantes), le capteur CMOS int\u00e9gr\u00e9 offrant une r\u00e9solution de 20\u03bcm. Le scintillateur CsI assure une qualit\u00e9 d'image optimale. Les d\u00e9tecteurs se distinguent par un design ergonomique avec des bords lisses, des coins arrondis et un c\u00e2ble flexible, ce qui garantit un confort maximal pour le patient.<\/p>\n<p>Gr\u00e2ce \u00e0 l'interface USB haute vitesse facile \u00e0 utiliser, les d\u00e9tecteurs peuvent \u00eatre facilement connect\u00e9s \u00e0 un PC sans qu'une unit\u00e9 de contr\u00f4le suppl\u00e9mentaire soit n\u00e9cessaire. Le syst\u00e8me se compose d'un d\u00e9tecteur de rayons X facile \u00e0 utiliser avec un c\u00e2ble, qui est \u00e9tanche \u00e0 la poussi\u00e8re et \u00e0 l'eau (comparable \u00e0 IP68).<\/p>\n<p>Le logiciel d'acquisition int\u00e9gr\u00e9 dicomPACS\u00aeDX-R est facile \u00e0 utiliser via un \u00e9cran tactile ou un ordinateur portable et s'adapte au flux de travail de l'utilisateur. Les radiographies sont disponibles presque instantan\u00e9ment et convainquent par leur qualit\u00e9 sup\u00e9rieure.<\/p>","protected":false},"excerpt":{"rendered":"<p>DR D\u00e9tecteurs dentaires pour l'\u00e9quipement num\u00e9rique ult\u00e9rieur ou l'extension d'un syst\u00e8me de radiographie dentaire existant dans un cabinet v\u00e9t\u00e9rinaire.<\/p>\n<ul>\n<li>Meilleure qualit\u00e9 d'image : d\u00e9tecteur de rayons X CsI \u00e0 haute r\u00e9solution<\/li>\n<li>Simplicit\u00e9 : utilisation intuitive du logiciel associ\u00e9<\/li>\n<li>Universel : compatible avec presque tous les syst\u00e8mes de radiographie<\/li>\n<li>Personnalisation : diff\u00e9rentes versions et tailles<\/li>\n<\/ul>","protected":false},"featured_media":1491,"template":"","meta":[],"product_cat":[55,56],"product_tag":[],"acf":[],"_links":{"self":[{"href":"https:\/\/www.roentgen-service.ch\/fr\/wp-json\/wp\/v2\/product\/1486"}],"collection":[{"href":"https:\/\/www.roentgen-service.ch\/fr\/wp-json\/wp\/v2\/product"}],"about":[{"href":"https:\/\/www.roentgen-service.ch\/fr\/wp-json\/wp\/v2\/types\/product"}],"wp:featuredmedia":[{"embeddable":true,"href":"https:\/\/www.roentgen-service.ch\/fr\/wp-json\/wp\/v2\/media\/1491"}],"wp:attachment":[{"href":"https:\/\/www.roentgen-service.ch\/fr\/wp-json\/wp\/v2\/media?parent=1486"}],"wp:term":[{"taxonomy":"product_cat","embeddable":true,"href":"https:\/\/www.roentgen-service.ch\/fr\/wp-json\/wp\/v2\/product_cat?post=1486"},{"taxonomy":"product_tag","embeddable":true,"href":"https:\/\/www.roentgen-service.ch\/fr\/wp-json\/wp\/v2\/product_tag?post=1486"}],"curies":[{"name":"wp","href":"https:\/\/api.w.org\/{rel}","templated":true}]}}