{"id":1466,"date":"2025-01-22T09:47:22","date_gmt":"2025-01-22T08:47:22","guid":{"rendered":"https:\/\/www.roentgen-service.ch\/?post_type=product&#038;p=1466"},"modified":"2025-02-05T11:23:48","modified_gmt":"2025-02-05T10:23:48","slug":"amadeo-r-motorised-8","status":"publish","type":"product","link":"https:\/\/www.roentgen-service.ch\/fr\/produit\/medecine-veterinaire\/systemes-devacuation-portables-v\/amadeo-r-motorised-8\/","title":{"rendered":"Leonardo DR pico"},"content":{"rendered":"<p>Le Leonardo DR pico de Oehm et Rehbein est un syst\u00e8me de sacoche \u00e0 rayons X num\u00e9rique ultral\u00e9ger et portable pour la m\u00e9decine v\u00e9t\u00e9rinaire, qui se compose d'un d\u00e9tecteur de rayons X sans fil et d'un ordinateur portable.<\/p>\n<p>L'ordinateur portable (17\u2033) et le d\u00e9tecteur de rayons X de 30 x 24cm avec sa bo\u00eete de protection sont peu encombrants et bien rembourr\u00e9s dans le sac robuste. Avec un poids total de seulement 7 kg environ, le Leonardo DR pico se transporte facilement sur tous les lieux d'intervention. Le sac de radiographie pratique est \u00e9galement adapt\u00e9 \u00e0 une utilisation stationnaire dans les cabinets v\u00e9t\u00e9rinaires ou les cliniques \u00e9quines. Des gestes simples suffisent pour installer rapidement la solution radiographique sur place et la rendre op\u00e9rationnelle.<\/p>\n<p>Le logiciel d'acquisition et de diagnostic pr\u00e9install\u00e9 permet \u00e9galement au personnel moins exp\u00e9riment\u00e9 en radiologie une utilisation simple et intuitive. Des radiographies optimales sont ainsi garanties. De plus, l'assistant de radiographie int\u00e9gr\u00e9 aide \u00e0 positionner correctement le patient pendant la proc\u00e9dure de radiographie gr\u00e2ce \u00e0 des indications, des photos et des exemples d'images.<\/p>","protected":false},"excerpt":{"rendered":"<p>Syst\u00e8me de radiographie portable ultral\u00e9ger au format de poche.<\/p>\n<ul>\n<li>Meilleure qualit\u00e9 d'image : d\u00e9tecteur de rayons X CsI \u00e0 haute r\u00e9solution<\/li>\n<li>Simplicit\u00e9 : utilisation intuitive et processus de travail efficace<\/li>\n<li>Compact : optimal pour une utilisation portable<\/li>\n<li>Complet : possibilit\u00e9s d'utilisation multiples<\/li>\n<\/ul>","protected":false},"featured_media":1468,"template":"","meta":[],"product_cat":[54],"product_tag":[],"acf":[],"_links":{"self":[{"href":"https:\/\/www.roentgen-service.ch\/fr\/wp-json\/wp\/v2\/product\/1466"}],"collection":[{"href":"https:\/\/www.roentgen-service.ch\/fr\/wp-json\/wp\/v2\/product"}],"about":[{"href":"https:\/\/www.roentgen-service.ch\/fr\/wp-json\/wp\/v2\/types\/product"}],"wp:featuredmedia":[{"embeddable":true,"href":"https:\/\/www.roentgen-service.ch\/fr\/wp-json\/wp\/v2\/media\/1468"}],"wp:attachment":[{"href":"https:\/\/www.roentgen-service.ch\/fr\/wp-json\/wp\/v2\/media?parent=1466"}],"wp:term":[{"taxonomy":"product_cat","embeddable":true,"href":"https:\/\/www.roentgen-service.ch\/fr\/wp-json\/wp\/v2\/product_cat?post=1466"},{"taxonomy":"product_tag","embeddable":true,"href":"https:\/\/www.roentgen-service.ch\/fr\/wp-json\/wp\/v2\/product_tag?post=1466"}],"curies":[{"name":"wp","href":"https:\/\/api.w.org\/{rel}","templated":true}]}}