{"id":1454,"date":"2025-01-22T09:22:40","date_gmt":"2025-01-22T08:22:40","guid":{"rendered":"https:\/\/www.roentgen-service.ch\/?post_type=product&#038;p=1454"},"modified":"2025-02-05T11:23:41","modified_gmt":"2025-02-05T10:23:41","slug":"amadeo-r-motorised-7","status":"publish","type":"product","link":"https:\/\/www.roentgen-service.ch\/fr\/produit\/medecine-veterinaire\/systemes-devacuation-portables-v\/amadeo-r-motorised-7\/","title":{"rendered":"Leonardo DR mini II"},"content":{"rendered":"<p>Le Leonardo DR mini II de Oehm et Rehbein est un syst\u00e8me de radiographie num\u00e9rique portable et super l\u00e9ger pour la m\u00e9decine v\u00e9t\u00e9rinaire.<\/p>\n<p>Avec un poids d'environ 9 kg, le Leonardo DR mini II fait partie des valises de radiologie les plus l\u00e9g\u00e8res au monde. Elle est sp\u00e9cialement con\u00e7ue pour \u00eatre utilis\u00e9e dans des espaces restreints et \u00e0 l'ext\u00e9rieur, ce qui en fait l'outil id\u00e9al pour le v\u00e9t\u00e9rinaire moderne. La valise radiographique peut \u00eatre utilis\u00e9e de mani\u00e8re mobile ou fixe dans les cabinets v\u00e9t\u00e9rinaires, ainsi que dans les cliniques \u00e9quines et mixtes.<\/p>\n<p>Le Leonardo DR mini II est rapidement pr\u00eat \u00e0 l'emploi et facile \u00e0 utiliser. Un ordinateur portable haut de gamme int\u00e9gr\u00e9 avec \u00e9cran tactile et haute r\u00e9solution d'affichage, ainsi que le logiciel de diagnostic et d'acquisition int\u00e9gr\u00e9, garantissent une excellente qualit\u00e9 d'image. La mallette de radiologie est \u00e9quip\u00e9e de deux grandes LED, bien visibles m\u00eame \u00e0 plusieurs m\u00e8tres de distance, qui indiquent l'\u00e9tat du logiciel, par exemple \"pr\u00eat \u00e0 tirer\". L'ordinateur portable peut \u00eatre facilement retir\u00e9 du dispositif de maintien de la mallette et plac\u00e9 dans une position de travail ergonomique ou utilis\u00e9 comme tablette pour des pr\u00e9sentations.<\/p>\n<p>Avec le module de rapport disponible en option pour les prestations radiologiques lors des examens d'achat de chevaux, ce syst\u00e8me est \u00e9galement recommand\u00e9 pour les experts \u00e9quins. Le logiciel de diagnostic int\u00e9gr\u00e9 permet en outre un \u00e9change d'informations rapide et \u00e9conomique \u00e0 l'\u00e9chelle mondiale (par interface cloud ou par e-mail).<\/p>","protected":false},"excerpt":{"rendered":"<p>Syst\u00e8me de radiographie portable super l\u00e9ger au format d'une valise.<\/p>\n<ul>\n<li>Meilleure qualit\u00e9 d'image : d\u00e9tecteur de rayons X CsI \u00e0 haute r\u00e9solution<\/li>\n<li>Simplicit\u00e9 : utilisation intuitive et processus de travail efficace<\/li>\n<li>Compact : optimal pour une utilisation portable<\/li>\n<li>Complet : possibilit\u00e9s d'utilisation multiples<\/li>\n<\/ul>","protected":false},"featured_media":1459,"template":"","meta":[],"product_cat":[54],"product_tag":[],"acf":[],"_links":{"self":[{"href":"https:\/\/www.roentgen-service.ch\/fr\/wp-json\/wp\/v2\/product\/1454"}],"collection":[{"href":"https:\/\/www.roentgen-service.ch\/fr\/wp-json\/wp\/v2\/product"}],"about":[{"href":"https:\/\/www.roentgen-service.ch\/fr\/wp-json\/wp\/v2\/types\/product"}],"wp:featuredmedia":[{"embeddable":true,"href":"https:\/\/www.roentgen-service.ch\/fr\/wp-json\/wp\/v2\/media\/1459"}],"wp:attachment":[{"href":"https:\/\/www.roentgen-service.ch\/fr\/wp-json\/wp\/v2\/media?parent=1454"}],"wp:term":[{"taxonomy":"product_cat","embeddable":true,"href":"https:\/\/www.roentgen-service.ch\/fr\/wp-json\/wp\/v2\/product_cat?post=1454"},{"taxonomy":"product_tag","embeddable":true,"href":"https:\/\/www.roentgen-service.ch\/fr\/wp-json\/wp\/v2\/product_tag?post=1454"}],"curies":[{"name":"wp","href":"https:\/\/api.w.org\/{rel}","templated":true}]}}