{"id":1444,"date":"2025-01-22T08:53:46","date_gmt":"2025-01-22T07:53:46","guid":{"rendered":"https:\/\/www.roentgen-service.ch\/?post_type=product&#038;p=1444"},"modified":"2025-02-05T11:23:36","modified_gmt":"2025-02-05T10:23:36","slug":"amadeo-r-motorised-6","status":"publish","type":"product","link":"https:\/\/www.roentgen-service.ch\/fr\/produit\/medecine-veterinaire\/systemes-devacuation-portables-v\/amadeo-r-motorised-6\/","title":{"rendered":"Leonardo DR nano"},"content":{"rendered":"<p>Le Leonardo DR nano de Oehm et Rehbein est un syst\u00e8me de sac \u00e0 dos radiographique num\u00e9rique ultral\u00e9ger et portable pour la m\u00e9decine v\u00e9t\u00e9rinaire, qui se compose d'un d\u00e9tecteur de rayons X sans fil et d'un ordinateur portable.<\/p>\n<p>Avec un poids total d'environ 9 kg, le syst\u00e8me Leonardo DR nano est l'une des solutions de radiologie portables les plus l\u00e9g\u00e8res au monde. Il permet aux utilisateurs de r\u00e9aliser des radiographies num\u00e9riques ambulatoires \u00e0 tout moment et presque partout, sans \u00eatre g\u00ean\u00e9s par une libert\u00e9 de mouvement limit\u00e9e ou un enchev\u00eatrement de c\u00e2bles.<\/p>\n<p>Gr\u00e2ce \u00e0 la simplicit\u00e9 d'utilisation, m\u00eame les personnes peu form\u00e9es en radiologie peuvent r\u00e9aliser des radiographies optimales. L'assistant de radiographie int\u00e9gr\u00e9 apporte en outre son soutien avec des vid\u00e9os pour le positionnement correct des patients. Le syst\u00e8me Leonardo DR nano peut \u00eatre utilis\u00e9 sans probl\u00e8me m\u00eame dans des locaux exigus, car l'appareil radiographique et le d\u00e9tecteur communiquent sans fil avec le logiciel d'acquisition de l'ordinateur portable. La distance de fonctionnement s\u00e9curis\u00e9e entre le d\u00e9tecteur de rayons X et l'ordinateur portable peut alors atteindre 10 m\u00e8tres.<\/p>\n<p>Une fois la radiographie d\u00e9clench\u00e9e, les images peuvent \u00eatre imm\u00e9diatement visualis\u00e9es sur l'ordinateur portable et, si n\u00e9cessaire, transmises au propri\u00e9taire de l'animal ou \u00e0 l'expert par interface cloud ou par e-mail.<\/p>\n<p>Gr\u00e2ce \u00e0 son poids et \u00e0 son volume r\u00e9duits, le syst\u00e8me Leonardo DR nano peut \u00eatre utilis\u00e9 de mani\u00e8re polyvalente, que ce soit dans un cabinet v\u00e9t\u00e9rinaire, une clinique \u00e9quine ou un \u00e9tablissement universitaire.<\/p>","protected":false},"excerpt":{"rendered":"<p>Syst\u00e8me de radiographie portable ultral\u00e9ger au format sac \u00e0 dos.<\/p>\n<ul>\n<li>Meilleure qualit\u00e9 d'image : d\u00e9tecteur de rayons X CsI \u00e0 haute r\u00e9solution<\/li>\n<li>Simplicit\u00e9 : utilisation intuitive et processus de travail efficace<\/li>\n<li>Compact : optimal pour une utilisation portable<\/li>\n<li>Complet : possibilit\u00e9s d'utilisation multiples<\/li>\n<\/ul>","protected":false},"featured_media":1706,"template":"","meta":[],"product_cat":[54],"product_tag":[],"acf":[],"_links":{"self":[{"href":"https:\/\/www.roentgen-service.ch\/fr\/wp-json\/wp\/v2\/product\/1444"}],"collection":[{"href":"https:\/\/www.roentgen-service.ch\/fr\/wp-json\/wp\/v2\/product"}],"about":[{"href":"https:\/\/www.roentgen-service.ch\/fr\/wp-json\/wp\/v2\/types\/product"}],"wp:featuredmedia":[{"embeddable":true,"href":"https:\/\/www.roentgen-service.ch\/fr\/wp-json\/wp\/v2\/media\/1706"}],"wp:attachment":[{"href":"https:\/\/www.roentgen-service.ch\/fr\/wp-json\/wp\/v2\/media?parent=1444"}],"wp:term":[{"taxonomy":"product_cat","embeddable":true,"href":"https:\/\/www.roentgen-service.ch\/fr\/wp-json\/wp\/v2\/product_cat?post=1444"},{"taxonomy":"product_tag","embeddable":true,"href":"https:\/\/www.roentgen-service.ch\/fr\/wp-json\/wp\/v2\/product_tag?post=1444"}],"curies":[{"name":"wp","href":"https:\/\/api.w.org\/{rel}","templated":true}]}}