{"id":1435,"date":"2025-01-21T13:14:41","date_gmt":"2025-01-21T12:14:41","guid":{"rendered":"https:\/\/www.roentgen-service.ch\/?post_type=product&#038;p=1435"},"modified":"2025-05-05T07:44:04","modified_gmt":"2025-05-05T05:44:04","slug":"amadeo-r-motorised-5","status":"publish","type":"product","link":"https:\/\/www.roentgen-service.ch\/fr\/produit\/medecine-veterinaire\/systemes-devacuation-portables-v\/amadeo-r-motorised-5\/","title":{"rendered":"Syst\u00e8mes P Amadeo"},"content":{"rendered":"<p>Les syst\u00e8mes Amadeo P d'Oehm et Rehbein sont des appareils de radiographie portables destin\u00e9s \u00e0 la m\u00e9decine v\u00e9t\u00e9rinaire et bas\u00e9s sur la technologie haute fr\u00e9quence.<\/p>\n<p>Des radiographies de haute qualit\u00e9 sont aujourd'hui possibles sans probl\u00e8me avec des appareils de radiographie monobloc portables (voir variantes). Gr\u00e2ce \u00e0 la technologie haute fr\u00e9quence moderne, ces appareils offrent des performances \u00e9lev\u00e9es et peuvent \u00eatre utilis\u00e9s avec un raccordement \u00e9lectrique standard (230V). Leur faible poids, leur utilisation conviviale et l'interface int\u00e9gr\u00e9e pour l'utilisation avec des syst\u00e8mes de d\u00e9tection de rayons X num\u00e9riques permettent de nombreuses possibilit\u00e9s d'utilisation pour les v\u00e9t\u00e9rinaires dans les cabinets pour petits animaux, les \u00e9curies ou les cliniques \u00e9quines.<\/p>","protected":false},"excerpt":{"rendered":"<p>Appareils de radiographie num\u00e9rique portables pour les v\u00e9t\u00e9rinaires.<\/p>\n<ul>\n<li>En r\u00e9seau : interface avec un syst\u00e8me num\u00e9rique de d\u00e9tection des rayons X<\/li>\n<li>Simplicit\u00e9 : utilisation intuitive et processus de travail efficace<\/li>\n<li>Compact : optimal pour une utilisation portable<\/li>\n<li>Complet : possibilit\u00e9s d'utilisation multiples<\/li>\n<\/ul>","protected":false},"featured_media":1645,"template":"","meta":[],"product_cat":[54],"product_tag":[],"acf":[],"_links":{"self":[{"href":"https:\/\/www.roentgen-service.ch\/fr\/wp-json\/wp\/v2\/product\/1435"}],"collection":[{"href":"https:\/\/www.roentgen-service.ch\/fr\/wp-json\/wp\/v2\/product"}],"about":[{"href":"https:\/\/www.roentgen-service.ch\/fr\/wp-json\/wp\/v2\/types\/product"}],"wp:featuredmedia":[{"embeddable":true,"href":"https:\/\/www.roentgen-service.ch\/fr\/wp-json\/wp\/v2\/media\/1645"}],"wp:attachment":[{"href":"https:\/\/www.roentgen-service.ch\/fr\/wp-json\/wp\/v2\/media?parent=1435"}],"wp:term":[{"taxonomy":"product_cat","embeddable":true,"href":"https:\/\/www.roentgen-service.ch\/fr\/wp-json\/wp\/v2\/product_cat?post=1435"},{"taxonomy":"product_tag","embeddable":true,"href":"https:\/\/www.roentgen-service.ch\/fr\/wp-json\/wp\/v2\/product_tag?post=1435"}],"curies":[{"name":"wp","href":"https:\/\/api.w.org\/{rel}","templated":true}]}}